{"id":6972,"date":"2025-12-15T13:03:07","date_gmt":"2025-12-15T18:03:07","guid":{"rendered":"https:\/\/dcobys.com\/services\/uncategorized\/educational-tourism-france-2\/"},"modified":"2026-01-30T21:36:07","modified_gmt":"2026-01-31T02:36:07","slug":"educational-tourism-france-2","status":"publish","type":"product","link":"https:\/\/dcobys.com\/es\/services\/misiones-comerciales\/turismo-y-servicios-de-viaje\/turismo-educativo\/educational-tourism-france-2\/","title":{"rendered":"Turismo educativo &#8211; Francia"},"content":{"rendered":"<p>La Misi\u00f3n Comercial en Francia impulsa alianzas con instituciones en Par\u00eds, centro europeo de educaci\u00f3n internacional y vitrina de iniciativas que integran cultura, investigaci\u00f3n y viajes acad\u00e9micos. Esta misi\u00f3n permite acceder a universidades, escuelas especializadas y operadores que gestionan programas de movilidad y educaci\u00f3n continua para estudiantes globales. Las organizaciones participantes podr\u00e1n posicionar su oferta formativa, identificar oportunidades de doble titulaci\u00f3n, explorar intercambios acad\u00e9micos y desarrollar productos educativos asociados al turismo cultural. Asimismo, Par\u00eds destaca por su infraestructura para ferias educativas y su capacidad para atraer estudiantes de alto perfil. Fuentes: Academic collaboration forums; Salon de l\u2019\u00c9ducation (Paris)<\/p>\n","protected":false},"excerpt":{"rendered":"<p>La Misi\u00f3n Comercial en Francia impulsa alianzas con instituciones en Par\u00eds, centro europeo de educaci\u00f3n internacional y vitrina de iniciativas que integran cultura, investigaci\u00f3n y viajes acad\u00e9micos. Esta misi\u00f3n permite acceder a universidades, escuelas especializadas y operadores que gestionan programas de movilidad y educaci\u00f3n continua para estudiantes globales. Las organizaciones participantes podr\u00e1n posicionar su oferta [&hellip;]<\/p>\n","protected":false},"featured_media":7732,"template":"","meta":{"_acf_changed":false},"country":[933],"product_brand":[],"product_cat":[893,1045,1043],"product_tag":[924],"class_list":{"0":"post-6972","1":"product","2":"type-product","3":"status-publish","4":"has-post-thumbnail","6":"country-francia","7":"product_cat-misiones-comerciales","8":"product_cat-turismo-educativo","9":"product_cat-turismo-y-servicios-de-viaje","10":"product_tag-misiones-comerciales","12":"first","13":"instock","14":"virtual","15":"product-type-simple"},"acf":[],"_links":{"self":[{"href":"https:\/\/dcobys.com\/es\/wp-json\/wp\/v2\/product\/6972","targetHints":{"allow":["GET"]}}],"collection":[{"href":"https:\/\/dcobys.com\/es\/wp-json\/wp\/v2\/product"}],"about":[{"href":"https:\/\/dcobys.com\/es\/wp-json\/wp\/v2\/types\/product"}],"version-history":[{"count":0,"href":"https:\/\/dcobys.com\/es\/wp-json\/wp\/v2\/product\/6972\/revisions"}],"wp:featuredmedia":[{"embeddable":true,"href":"https:\/\/dcobys.com\/es\/wp-json\/wp\/v2\/media\/7732"}],"wp:attachment":[{"href":"https:\/\/dcobys.com\/es\/wp-json\/wp\/v2\/media?parent=6972"}],"wp:term":[{"taxonomy":"country","embeddable":true,"href":"https:\/\/dcobys.com\/es\/wp-json\/wp\/v2\/country?post=6972"},{"taxonomy":"product_brand","embeddable":true,"href":"https:\/\/dcobys.com\/es\/wp-json\/wp\/v2\/product_brand?post=6972"},{"taxonomy":"product_cat","embeddable":true,"href":"https:\/\/dcobys.com\/es\/wp-json\/wp\/v2\/product_cat?post=6972"},{"taxonomy":"product_tag","embeddable":true,"href":"https:\/\/dcobys.com\/es\/wp-json\/wp\/v2\/product_tag?post=6972"}],"curies":[{"name":"wp","href":"https:\/\/api.w.org\/{rel}","templated":true}]}}