{"id":6968,"date":"2025-12-15T13:03:07","date_gmt":"2025-12-15T18:03:07","guid":{"rendered":"https:\/\/dcobys.com\/services\/uncategorized\/sustainable-tourism-uae-2\/"},"modified":"2026-01-30T21:36:07","modified_gmt":"2026-01-31T02:36:07","slug":"sustainable-tourism-uae-2","status":"publish","type":"product","link":"https:\/\/dcobys.com\/es\/services\/misiones-comerciales\/turismo-y-servicios-de-viaje\/turismo-sostenible\/sustainable-tourism-uae-2\/","title":{"rendered":"Turismo sostenible &#8211; Emiratos \u00c1rabes Unidos"},"content":{"rendered":"<p>La Misi\u00f3n Comercial en Emiratos \u00c1rabes Unidos ofrece una visi\u00f3n directa de c\u00f3mo Dub\u00e1i integra sostenibilidad e innovaci\u00f3n en infraestructura tur\u00edstica, movilidad, certificaciones hoteleras y gesti\u00f3n de destinos inteligentes. La delegaci\u00f3n podr\u00e1 explorar modelos avanzados de eficiencia, tecnolog\u00edas ambientales aplicadas a mega-destinos y estrategias de gobernanza que posicionan a Dub\u00e1i como referente global. El programa incluye reuniones con instituciones locales, operadores tur\u00edsticos, clusters de sostenibilidad y foros internacionales.<br \/>\nFuentes: Arabian Travel Market (Dubai); Dubai Tourism forums<\/p>\n","protected":false},"excerpt":{"rendered":"<p>La Misi\u00f3n Comercial en Emiratos \u00c1rabes Unidos ofrece una visi\u00f3n directa de c\u00f3mo Dub\u00e1i integra sostenibilidad e innovaci\u00f3n en infraestructura tur\u00edstica, movilidad, certificaciones hoteleras y gesti\u00f3n de destinos inteligentes. La delegaci\u00f3n podr\u00e1 explorar modelos avanzados de eficiencia, tecnolog\u00edas ambientales aplicadas a mega-destinos y estrategias de gobernanza que posicionan a Dub\u00e1i como referente global. El programa [&hellip;]<\/p>\n","protected":false},"featured_media":7724,"template":"","meta":{"_acf_changed":false},"country":[953],"product_brand":[],"product_cat":[893,1044,1043],"product_tag":[924],"class_list":{"0":"post-6968","1":"product","2":"type-product","3":"status-publish","4":"has-post-thumbnail","6":"country-emiratos-arabes-unidos","7":"product_cat-misiones-comerciales","8":"product_cat-turismo-sostenible","9":"product_cat-turismo-y-servicios-de-viaje","10":"product_tag-misiones-comerciales","12":"first","13":"instock","14":"virtual","15":"product-type-simple"},"acf":[],"_links":{"self":[{"href":"https:\/\/dcobys.com\/es\/wp-json\/wp\/v2\/product\/6968","targetHints":{"allow":["GET"]}}],"collection":[{"href":"https:\/\/dcobys.com\/es\/wp-json\/wp\/v2\/product"}],"about":[{"href":"https:\/\/dcobys.com\/es\/wp-json\/wp\/v2\/types\/product"}],"version-history":[{"count":0,"href":"https:\/\/dcobys.com\/es\/wp-json\/wp\/v2\/product\/6968\/revisions"}],"wp:featuredmedia":[{"embeddable":true,"href":"https:\/\/dcobys.com\/es\/wp-json\/wp\/v2\/media\/7724"}],"wp:attachment":[{"href":"https:\/\/dcobys.com\/es\/wp-json\/wp\/v2\/media?parent=6968"}],"wp:term":[{"taxonomy":"country","embeddable":true,"href":"https:\/\/dcobys.com\/es\/wp-json\/wp\/v2\/country?post=6968"},{"taxonomy":"product_brand","embeddable":true,"href":"https:\/\/dcobys.com\/es\/wp-json\/wp\/v2\/product_brand?post=6968"},{"taxonomy":"product_cat","embeddable":true,"href":"https:\/\/dcobys.com\/es\/wp-json\/wp\/v2\/product_cat?post=6968"},{"taxonomy":"product_tag","embeddable":true,"href":"https:\/\/dcobys.com\/es\/wp-json\/wp\/v2\/product_tag?post=6968"}],"curies":[{"name":"wp","href":"https:\/\/api.w.org\/{rel}","templated":true}]}}