{"id":6966,"date":"2025-12-15T13:03:07","date_gmt":"2025-12-15T18:03:07","guid":{"rendered":"https:\/\/dcobys.com\/services\/uncategorized\/sustainable-tourism-usa-2\/"},"modified":"2026-01-30T21:36:07","modified_gmt":"2026-01-31T02:36:07","slug":"sustainable-tourism-usa-2","status":"publish","type":"product","link":"https:\/\/dcobys.com\/es\/services\/misiones-comerciales\/turismo-y-servicios-de-viaje\/turismo-sostenible\/sustainable-tourism-usa-2\/","title":{"rendered":"Turismo sostenible &#8211; EE. UU."},"content":{"rendered":"<p>La Misi\u00f3n Comercial en Estados Unidos permite a la delegaci\u00f3n conectarse con el ecosistema tecnol\u00f3gico m\u00e1s avanzado del mundo, donde San Francisco impulsa soluciones disruptivas en movilidad, sostenibilidad y digitalizaci\u00f3n del turismo. Las empresas participantes acceden a espacios de alto nivel para explorar plataformas de an\u00e1lisis de datos, automatizaci\u00f3n de experiencias, herramientas de optimizaci\u00f3n energ\u00e9tica y tendencias globales en consumo responsable. El programa incluye reuniones con firmas tecnol\u00f3gicas, universidades y foros especializados en innovaci\u00f3n tur\u00edstica.<br \/>\nFuentes: Phocuswright; sustainable travel summits<\/p>\n","protected":false},"excerpt":{"rendered":"<p>La Misi\u00f3n Comercial en Estados Unidos permite a la delegaci\u00f3n conectarse con el ecosistema tecnol\u00f3gico m\u00e1s avanzado del mundo, donde San Francisco impulsa soluciones disruptivas en movilidad, sostenibilidad y digitalizaci\u00f3n del turismo. Las empresas participantes acceden a espacios de alto nivel para explorar plataformas de an\u00e1lisis de datos, automatizaci\u00f3n de experiencias, herramientas de optimizaci\u00f3n energ\u00e9tica [&hellip;]<\/p>\n","protected":false},"featured_media":7724,"template":"","meta":{"_acf_changed":false},"country":[954],"product_brand":[],"product_cat":[893,1044,1043],"product_tag":[924],"class_list":{"0":"post-6966","1":"product","2":"type-product","3":"status-publish","4":"has-post-thumbnail","6":"country-ee-uu","7":"product_cat-misiones-comerciales","8":"product_cat-turismo-sostenible","9":"product_cat-turismo-y-servicios-de-viaje","10":"product_tag-misiones-comerciales","12":"first","13":"instock","14":"virtual","15":"product-type-simple"},"acf":[],"_links":{"self":[{"href":"https:\/\/dcobys.com\/es\/wp-json\/wp\/v2\/product\/6966","targetHints":{"allow":["GET"]}}],"collection":[{"href":"https:\/\/dcobys.com\/es\/wp-json\/wp\/v2\/product"}],"about":[{"href":"https:\/\/dcobys.com\/es\/wp-json\/wp\/v2\/types\/product"}],"version-history":[{"count":0,"href":"https:\/\/dcobys.com\/es\/wp-json\/wp\/v2\/product\/6966\/revisions"}],"wp:featuredmedia":[{"embeddable":true,"href":"https:\/\/dcobys.com\/es\/wp-json\/wp\/v2\/media\/7724"}],"wp:attachment":[{"href":"https:\/\/dcobys.com\/es\/wp-json\/wp\/v2\/media?parent=6966"}],"wp:term":[{"taxonomy":"country","embeddable":true,"href":"https:\/\/dcobys.com\/es\/wp-json\/wp\/v2\/country?post=6966"},{"taxonomy":"product_brand","embeddable":true,"href":"https:\/\/dcobys.com\/es\/wp-json\/wp\/v2\/product_brand?post=6966"},{"taxonomy":"product_cat","embeddable":true,"href":"https:\/\/dcobys.com\/es\/wp-json\/wp\/v2\/product_cat?post=6966"},{"taxonomy":"product_tag","embeddable":true,"href":"https:\/\/dcobys.com\/es\/wp-json\/wp\/v2\/product_tag?post=6966"}],"curies":[{"name":"wp","href":"https:\/\/api.w.org\/{rel}","templated":true}]}}