{"id":6964,"date":"2025-12-15T13:03:07","date_gmt":"2025-12-15T18:03:07","guid":{"rendered":"https:\/\/dcobys.com\/services\/uncategorized\/sustainable-tourism-thailand-2\/"},"modified":"2026-01-30T21:36:07","modified_gmt":"2026-01-31T02:36:07","slug":"sustainable-tourism-thailand-2","status":"publish","type":"product","link":"https:\/\/dcobys.com\/es\/services\/misiones-comerciales\/turismo-y-servicios-de-viaje\/turismo-sostenible\/sustainable-tourism-thailand-2\/","title":{"rendered":"Turismo sostenible &#8211; Tailandia"},"content":{"rendered":"<p>La Misi\u00f3n Comercial en Tailandia inserta a las empresas en un ecosistema l\u00edder de sostenibilidad tur\u00edstica en Asia, donde Chiang Mai impulsa la preservaci\u00f3n cultural, la gesti\u00f3n responsable de destinos y la innovaci\u00f3n ambiental en comunidades locales. Los participantes acceden a modelos exitosos de turismo comunitario, certificaci\u00f3n verde y tecnolog\u00edas aplicadas al manejo de visitantes. La misi\u00f3n facilita encuentros con operadores asi\u00e1ticos, instituciones p\u00fablicas, startups y clusters regionales que marcan tendencia global. Esta experiencia fortalece capacidades estrat\u00e9gicas para replicar soluciones sostenibles en mercados latinoamericanos.<br \/>\nFuentes: Regional sustainable tourism summits<\/p>\n","protected":false},"excerpt":{"rendered":"<p>La Misi\u00f3n Comercial en Tailandia inserta a las empresas en un ecosistema l\u00edder de sostenibilidad tur\u00edstica en Asia, donde Chiang Mai impulsa la preservaci\u00f3n cultural, la gesti\u00f3n responsable de destinos y la innovaci\u00f3n ambiental en comunidades locales. Los participantes acceden a modelos exitosos de turismo comunitario, certificaci\u00f3n verde y tecnolog\u00edas aplicadas al manejo de visitantes. [&hellip;]<\/p>\n","protected":false},"featured_media":7724,"template":"","meta":{"_acf_changed":false},"country":[951],"product_brand":[],"product_cat":[893,1044,1043],"product_tag":[924],"class_list":{"0":"post-6964","1":"product","2":"type-product","3":"status-publish","4":"has-post-thumbnail","6":"country-tailandia","7":"product_cat-misiones-comerciales","8":"product_cat-turismo-sostenible","9":"product_cat-turismo-y-servicios-de-viaje","10":"product_tag-misiones-comerciales","12":"first","13":"instock","14":"virtual","15":"product-type-simple"},"acf":[],"_links":{"self":[{"href":"https:\/\/dcobys.com\/es\/wp-json\/wp\/v2\/product\/6964","targetHints":{"allow":["GET"]}}],"collection":[{"href":"https:\/\/dcobys.com\/es\/wp-json\/wp\/v2\/product"}],"about":[{"href":"https:\/\/dcobys.com\/es\/wp-json\/wp\/v2\/types\/product"}],"version-history":[{"count":0,"href":"https:\/\/dcobys.com\/es\/wp-json\/wp\/v2\/product\/6964\/revisions"}],"wp:featuredmedia":[{"embeddable":true,"href":"https:\/\/dcobys.com\/es\/wp-json\/wp\/v2\/media\/7724"}],"wp:attachment":[{"href":"https:\/\/dcobys.com\/es\/wp-json\/wp\/v2\/media?parent=6964"}],"wp:term":[{"taxonomy":"country","embeddable":true,"href":"https:\/\/dcobys.com\/es\/wp-json\/wp\/v2\/country?post=6964"},{"taxonomy":"product_brand","embeddable":true,"href":"https:\/\/dcobys.com\/es\/wp-json\/wp\/v2\/product_brand?post=6964"},{"taxonomy":"product_cat","embeddable":true,"href":"https:\/\/dcobys.com\/es\/wp-json\/wp\/v2\/product_cat?post=6964"},{"taxonomy":"product_tag","embeddable":true,"href":"https:\/\/dcobys.com\/es\/wp-json\/wp\/v2\/product_tag?post=6964"}],"curies":[{"name":"wp","href":"https:\/\/api.w.org\/{rel}","templated":true}]}}