{"id":6956,"date":"2025-12-15T13:02:58","date_gmt":"2025-12-15T18:02:58","guid":{"rendered":"https:\/\/dcobys.com\/services\/uncategorized\/sustainable-tourism-spain-2\/"},"modified":"2026-01-30T21:36:07","modified_gmt":"2026-01-31T02:36:07","slug":"sustainable-tourism-spain-2","status":"publish","type":"product","link":"https:\/\/dcobys.com\/es\/services\/misiones-comerciales\/turismo-y-servicios-de-viaje\/turismo-sostenible\/sustainable-tourism-spain-2\/","title":{"rendered":"Turismo sostenible &#8211; Espa\u00f1a"},"content":{"rendered":"<p>La Misi\u00f3n Comercial en Espa\u00f1a posiciona a las empresas en el ecosistema europeo m\u00e1s influyente para turismo sostenible, combinando acceso directo a innovadores modelos urbanos, soluciones de movilidad verde y pr\u00e1cticas de hospitalidad responsable impulsadas por Catalu\u00f1a y la ciudad de Barcelona. Durante la agenda, la delegaci\u00f3n podr\u00e1 analizar tendencias globales, reunirse con actores claves del turismo regenerativo, y explorar tecnolog\u00edas aplicadas a destinos inteligentes. Barcelona funciona como puente estrat\u00e9gico con Europa, generando oportunidades en digitalizaci\u00f3n tur\u00edstica, sostenibilidad y partnerships institucionales. La misi\u00f3n facilita reuniones B2B, visitas t\u00e9cnicas y espacios de networking con clusters especializados y operadores l\u00edderes.<br \/>\nFuentes: World Travel Market (WTM \u2013 Londres global, but Spain hosts FITUR in Madrid); Barcelona Sustainable Tourism events<\/p>\n","protected":false},"excerpt":{"rendered":"<p>La Misi\u00f3n Comercial en Espa\u00f1a posiciona a las empresas en el ecosistema europeo m\u00e1s influyente para turismo sostenible, combinando acceso directo a innovadores modelos urbanos, soluciones de movilidad verde y pr\u00e1cticas de hospitalidad responsable impulsadas por Catalu\u00f1a y la ciudad de Barcelona. Durante la agenda, la delegaci\u00f3n podr\u00e1 analizar tendencias globales, reunirse con actores claves [&hellip;]<\/p>\n","protected":false},"featured_media":7724,"template":"","meta":{"_acf_changed":false},"country":[949],"product_brand":[],"product_cat":[893,1044,1043],"product_tag":[924],"class_list":{"0":"post-6956","1":"product","2":"type-product","3":"status-publish","4":"has-post-thumbnail","6":"country-espana","7":"product_cat-misiones-comerciales","8":"product_cat-turismo-sostenible","9":"product_cat-turismo-y-servicios-de-viaje","10":"product_tag-misiones-comerciales","12":"first","13":"instock","14":"virtual","15":"product-type-simple"},"acf":[],"_links":{"self":[{"href":"https:\/\/dcobys.com\/es\/wp-json\/wp\/v2\/product\/6956","targetHints":{"allow":["GET"]}}],"collection":[{"href":"https:\/\/dcobys.com\/es\/wp-json\/wp\/v2\/product"}],"about":[{"href":"https:\/\/dcobys.com\/es\/wp-json\/wp\/v2\/types\/product"}],"version-history":[{"count":0,"href":"https:\/\/dcobys.com\/es\/wp-json\/wp\/v2\/product\/6956\/revisions"}],"wp:featuredmedia":[{"embeddable":true,"href":"https:\/\/dcobys.com\/es\/wp-json\/wp\/v2\/media\/7724"}],"wp:attachment":[{"href":"https:\/\/dcobys.com\/es\/wp-json\/wp\/v2\/media?parent=6956"}],"wp:term":[{"taxonomy":"country","embeddable":true,"href":"https:\/\/dcobys.com\/es\/wp-json\/wp\/v2\/country?post=6956"},{"taxonomy":"product_brand","embeddable":true,"href":"https:\/\/dcobys.com\/es\/wp-json\/wp\/v2\/product_brand?post=6956"},{"taxonomy":"product_cat","embeddable":true,"href":"https:\/\/dcobys.com\/es\/wp-json\/wp\/v2\/product_cat?post=6956"},{"taxonomy":"product_tag","embeddable":true,"href":"https:\/\/dcobys.com\/es\/wp-json\/wp\/v2\/product_tag?post=6956"}],"curies":[{"name":"wp","href":"https:\/\/api.w.org\/{rel}","templated":true}]}}