{"id":6954,"date":"2025-12-15T13:02:58","date_gmt":"2025-12-15T18:02:58","guid":{"rendered":"https:\/\/dcobys.com\/services\/uncategorized\/pharmacogenomics-uk-2\/"},"modified":"2026-01-30T21:36:07","modified_gmt":"2026-01-31T02:36:07","slug":"pharmacogenomics-uk-2","status":"publish","type":"product","link":"https:\/\/dcobys.com\/es\/services\/misiones-comerciales\/farmaceutica-y-biociencias\/farmacogenomica\/pharmacogenomics-uk-2\/","title":{"rendered":"Farmacogen\u00f3mica &#8211; Reino Unido"},"content":{"rendered":"<p>La Misi\u00f3n Comercial en Reino Unido conecta a las empresas con uno de los ecosistemas europeos m\u00e1s robustos en medicina gen\u00f3mica, impulsado por grandes programas nacionales como el Genome UK y centros de investigaci\u00f3n de alta complejidad. La agenda permite reuniones con l\u00edderes en secuenciaci\u00f3n, an\u00e1lisis bioinform\u00e1tico y validaci\u00f3n cl\u00ednica de terapias personalizadas. Londres ofrece oportunidades concretas para explorar pilotos con sistemas de salud y plataformas de datos que integran informaci\u00f3n gen\u00e9tica y cl\u00ednica. Este entorno facilita la entrada al mercado y la creaci\u00f3n de alianzas estrat\u00e9gicas. Fuentes: Genomics &#038; precision medicine summits<\/p>\n","protected":false},"excerpt":{"rendered":"<p>La Misi\u00f3n Comercial en Reino Unido conecta a las empresas con uno de los ecosistemas europeos m\u00e1s robustos en medicina gen\u00f3mica, impulsado por grandes programas nacionales como el Genome UK y centros de investigaci\u00f3n de alta complejidad. La agenda permite reuniones con l\u00edderes en secuenciaci\u00f3n, an\u00e1lisis bioinform\u00e1tico y validaci\u00f3n cl\u00ednica de terapias personalizadas. Londres ofrece [&hellip;]<\/p>\n","protected":false},"featured_media":7665,"template":"","meta":{"_acf_changed":false},"country":[955],"product_brand":[],"product_cat":[1026,1030,893],"product_tag":[924],"class_list":{"0":"post-6954","1":"product","2":"type-product","3":"status-publish","4":"has-post-thumbnail","6":"country-reino-unido","7":"product_cat-farmaceutica-y-biociencias","8":"product_cat-farmacogenomica","9":"product_cat-misiones-comerciales","10":"product_tag-misiones-comerciales","12":"first","13":"instock","14":"virtual","15":"product-type-simple"},"acf":[],"_links":{"self":[{"href":"https:\/\/dcobys.com\/es\/wp-json\/wp\/v2\/product\/6954","targetHints":{"allow":["GET"]}}],"collection":[{"href":"https:\/\/dcobys.com\/es\/wp-json\/wp\/v2\/product"}],"about":[{"href":"https:\/\/dcobys.com\/es\/wp-json\/wp\/v2\/types\/product"}],"version-history":[{"count":0,"href":"https:\/\/dcobys.com\/es\/wp-json\/wp\/v2\/product\/6954\/revisions"}],"wp:featuredmedia":[{"embeddable":true,"href":"https:\/\/dcobys.com\/es\/wp-json\/wp\/v2\/media\/7665"}],"wp:attachment":[{"href":"https:\/\/dcobys.com\/es\/wp-json\/wp\/v2\/media?parent=6954"}],"wp:term":[{"taxonomy":"country","embeddable":true,"href":"https:\/\/dcobys.com\/es\/wp-json\/wp\/v2\/country?post=6954"},{"taxonomy":"product_brand","embeddable":true,"href":"https:\/\/dcobys.com\/es\/wp-json\/wp\/v2\/product_brand?post=6954"},{"taxonomy":"product_cat","embeddable":true,"href":"https:\/\/dcobys.com\/es\/wp-json\/wp\/v2\/product_cat?post=6954"},{"taxonomy":"product_tag","embeddable":true,"href":"https:\/\/dcobys.com\/es\/wp-json\/wp\/v2\/product_tag?post=6954"}],"curies":[{"name":"wp","href":"https:\/\/api.w.org\/{rel}","templated":true}]}}