{"id":6952,"date":"2025-12-15T13:02:58","date_gmt":"2025-12-15T18:02:58","guid":{"rendered":"https:\/\/dcobys.com\/services\/uncategorized\/pharmacogenomics-france-2\/"},"modified":"2026-01-30T21:36:07","modified_gmt":"2026-01-31T02:36:07","slug":"pharmacogenomics-france-2","status":"publish","type":"product","link":"https:\/\/dcobys.com\/es\/services\/misiones-comerciales\/farmaceutica-y-biociencias\/farmacogenomica\/pharmacogenomics-france-2\/","title":{"rendered":"Farmacogen\u00f3mica &#8211; Francia"},"content":{"rendered":"<p>La Misi\u00f3n Comercial en Francia introduce a las empresas en un ecosistema altamente especializado en gen\u00f3mica cl\u00ednica, terapia personalizada y an\u00e1lisis molecular avanzado. La agenda facilita v\u00ednculos estrat\u00e9gicos con hospitales l\u00edderes, institutos de investigaci\u00f3n y actores de biotecnolog\u00eda enfocados en modelos de predicci\u00f3n y farmacogen\u00f3mica aplicada. Francia prioriza proyectos de salud digital integrados, lo que permite explorar pilotos con datos \u00f3micos y soluciones de diagn\u00f3stico de precisi\u00f3n. Este entorno impulsa la colaboraci\u00f3n cient\u00edfica y la expansi\u00f3n comercial de tecnolog\u00edas innovadoras. Fuentes: Genomics &#038; precision medicine events<\/p>\n","protected":false},"excerpt":{"rendered":"<p>La Misi\u00f3n Comercial en Francia introduce a las empresas en un ecosistema altamente especializado en gen\u00f3mica cl\u00ednica, terapia personalizada y an\u00e1lisis molecular avanzado. La agenda facilita v\u00ednculos estrat\u00e9gicos con hospitales l\u00edderes, institutos de investigaci\u00f3n y actores de biotecnolog\u00eda enfocados en modelos de predicci\u00f3n y farmacogen\u00f3mica aplicada. Francia prioriza proyectos de salud digital integrados, lo que [&hellip;]<\/p>\n","protected":false},"featured_media":7665,"template":"","meta":{"_acf_changed":false},"country":[933],"product_brand":[],"product_cat":[1026,1030,893],"product_tag":[924],"class_list":{"0":"post-6952","1":"product","2":"type-product","3":"status-publish","4":"has-post-thumbnail","6":"country-francia","7":"product_cat-farmaceutica-y-biociencias","8":"product_cat-farmacogenomica","9":"product_cat-misiones-comerciales","10":"product_tag-misiones-comerciales","12":"first","13":"instock","14":"virtual","15":"product-type-simple"},"acf":[],"_links":{"self":[{"href":"https:\/\/dcobys.com\/es\/wp-json\/wp\/v2\/product\/6952","targetHints":{"allow":["GET"]}}],"collection":[{"href":"https:\/\/dcobys.com\/es\/wp-json\/wp\/v2\/product"}],"about":[{"href":"https:\/\/dcobys.com\/es\/wp-json\/wp\/v2\/types\/product"}],"version-history":[{"count":0,"href":"https:\/\/dcobys.com\/es\/wp-json\/wp\/v2\/product\/6952\/revisions"}],"wp:featuredmedia":[{"embeddable":true,"href":"https:\/\/dcobys.com\/es\/wp-json\/wp\/v2\/media\/7665"}],"wp:attachment":[{"href":"https:\/\/dcobys.com\/es\/wp-json\/wp\/v2\/media?parent=6952"}],"wp:term":[{"taxonomy":"country","embeddable":true,"href":"https:\/\/dcobys.com\/es\/wp-json\/wp\/v2\/country?post=6952"},{"taxonomy":"product_brand","embeddable":true,"href":"https:\/\/dcobys.com\/es\/wp-json\/wp\/v2\/product_brand?post=6952"},{"taxonomy":"product_cat","embeddable":true,"href":"https:\/\/dcobys.com\/es\/wp-json\/wp\/v2\/product_cat?post=6952"},{"taxonomy":"product_tag","embeddable":true,"href":"https:\/\/dcobys.com\/es\/wp-json\/wp\/v2\/product_tag?post=6952"}],"curies":[{"name":"wp","href":"https:\/\/api.w.org\/{rel}","templated":true}]}}