{"id":6950,"date":"2025-12-15T13:02:58","date_gmt":"2025-12-15T18:02:58","guid":{"rendered":"https:\/\/dcobys.com\/services\/uncategorized\/pharmacogenomics-japan-2\/"},"modified":"2026-01-30T21:36:07","modified_gmt":"2026-01-31T02:36:07","slug":"pharmacogenomics-japan-2","status":"publish","type":"product","link":"https:\/\/dcobys.com\/es\/services\/misiones-comerciales\/farmaceutica-y-biociencias\/farmacogenomica\/pharmacogenomics-japan-2\/","title":{"rendered":"Farmacogen\u00f3mica &#8211; Jap\u00f3n"},"content":{"rendered":"<p>La Misi\u00f3n Comercial en Jap\u00f3n ofrece una inmersi\u00f3n en uno de los ecosistemas m\u00e1s avanzados de Asia en medicina gen\u00f3mica, con acceso a instituciones que impulsan investigaci\u00f3n en variabilidad gen\u00e9tica, medicina predictiva y terapias basadas en datos poblacionales japoneses. La agenda permite reuniones con universidades, centros cl\u00ednicos y grupos biotecnol\u00f3gicos que integran IA y gen\u00f3mica para la toma de decisiones m\u00e9dicas. Jap\u00f3n se caracteriza por su robustez en investigaci\u00f3n traslacional y su creciente demanda por plataformas de an\u00e1lisis de precisi\u00f3n. Esta conexi\u00f3n fortalece oportunidades de desarrollo y codesarrollo tecnol\u00f3gico. Fuentes: Genomics conferences Asia<\/p>\n","protected":false},"excerpt":{"rendered":"<p>La Misi\u00f3n Comercial en Jap\u00f3n ofrece una inmersi\u00f3n en uno de los ecosistemas m\u00e1s avanzados de Asia en medicina gen\u00f3mica, con acceso a instituciones que impulsan investigaci\u00f3n en variabilidad gen\u00e9tica, medicina predictiva y terapias basadas en datos poblacionales japoneses. La agenda permite reuniones con universidades, centros cl\u00ednicos y grupos biotecnol\u00f3gicos que integran IA y gen\u00f3mica [&hellip;]<\/p>\n","protected":false},"featured_media":7665,"template":"","meta":{"_acf_changed":false},"country":[939],"product_brand":[],"product_cat":[1026,1030,893],"product_tag":[924],"class_list":{"0":"post-6950","1":"product","2":"type-product","3":"status-publish","4":"has-post-thumbnail","6":"country-japon","7":"product_cat-farmaceutica-y-biociencias","8":"product_cat-farmacogenomica","9":"product_cat-misiones-comerciales","10":"product_tag-misiones-comerciales","12":"first","13":"instock","14":"virtual","15":"product-type-simple"},"acf":[],"_links":{"self":[{"href":"https:\/\/dcobys.com\/es\/wp-json\/wp\/v2\/product\/6950","targetHints":{"allow":["GET"]}}],"collection":[{"href":"https:\/\/dcobys.com\/es\/wp-json\/wp\/v2\/product"}],"about":[{"href":"https:\/\/dcobys.com\/es\/wp-json\/wp\/v2\/types\/product"}],"version-history":[{"count":0,"href":"https:\/\/dcobys.com\/es\/wp-json\/wp\/v2\/product\/6950\/revisions"}],"wp:featuredmedia":[{"embeddable":true,"href":"https:\/\/dcobys.com\/es\/wp-json\/wp\/v2\/media\/7665"}],"wp:attachment":[{"href":"https:\/\/dcobys.com\/es\/wp-json\/wp\/v2\/media?parent=6950"}],"wp:term":[{"taxonomy":"country","embeddable":true,"href":"https:\/\/dcobys.com\/es\/wp-json\/wp\/v2\/country?post=6950"},{"taxonomy":"product_brand","embeddable":true,"href":"https:\/\/dcobys.com\/es\/wp-json\/wp\/v2\/product_brand?post=6950"},{"taxonomy":"product_cat","embeddable":true,"href":"https:\/\/dcobys.com\/es\/wp-json\/wp\/v2\/product_cat?post=6950"},{"taxonomy":"product_tag","embeddable":true,"href":"https:\/\/dcobys.com\/es\/wp-json\/wp\/v2\/product_tag?post=6950"}],"curies":[{"name":"wp","href":"https:\/\/api.w.org\/{rel}","templated":true}]}}