{"id":6948,"date":"2025-12-15T13:02:58","date_gmt":"2025-12-15T18:02:58","guid":{"rendered":"https:\/\/dcobys.com\/services\/uncategorized\/pharmacogenomics-germany-2\/"},"modified":"2026-01-30T21:36:07","modified_gmt":"2026-01-31T02:36:07","slug":"pharmacogenomics-germany-2","status":"publish","type":"product","link":"https:\/\/dcobys.com\/es\/services\/misiones-comerciales\/farmaceutica-y-biociencias\/farmacogenomica\/pharmacogenomics-germany-2\/","title":{"rendered":"Farmacogen\u00f3mica &#8211; Alemania"},"content":{"rendered":"<p> La Misi\u00f3n Comercial en Alemania abre oportunidades en uno de los mercados m\u00e1s din\u00e1micos de Europa en gen\u00f3mica aplicada, conectando a las empresas con centros especializados en secuenciaci\u00f3n masiva, bioinform\u00e1tica y validaci\u00f3n cl\u00ednica. La experiencia permite explorar alianzas con hospitales universitarios, CROs y laboratorios que impulsan estudios poblacionales y proyectos de medicina personalizada. Alemania destaca por su enfoque en interoperabilidad de datos de salud, facilitando pruebas piloto y entrada comercial de soluciones de diagn\u00f3stico avanzado. Este escenario favorece la transferencia cient\u00edfica y la escalabilidad de tecnolog\u00edas gen\u00f3micas. Fuentes: Genomics events EU<\/p>\n","protected":false},"excerpt":{"rendered":"<p>La Misi\u00f3n Comercial en Alemania abre oportunidades en uno de los mercados m\u00e1s din\u00e1micos de Europa en gen\u00f3mica aplicada, conectando a las empresas con centros especializados en secuenciaci\u00f3n masiva, bioinform\u00e1tica y validaci\u00f3n cl\u00ednica. La experiencia permite explorar alianzas con hospitales universitarios, CROs y laboratorios que impulsan estudios poblacionales y proyectos de medicina personalizada. Alemania destaca [&hellip;]<\/p>\n","protected":false},"featured_media":7665,"template":"","meta":{"_acf_changed":false},"country":[934],"product_brand":[],"product_cat":[1026,1030,893],"product_tag":[924],"class_list":{"0":"post-6948","1":"product","2":"type-product","3":"status-publish","4":"has-post-thumbnail","6":"country-alemania","7":"product_cat-farmaceutica-y-biociencias","8":"product_cat-farmacogenomica","9":"product_cat-misiones-comerciales","10":"product_tag-misiones-comerciales","12":"first","13":"instock","14":"virtual","15":"product-type-simple"},"acf":[],"_links":{"self":[{"href":"https:\/\/dcobys.com\/es\/wp-json\/wp\/v2\/product\/6948","targetHints":{"allow":["GET"]}}],"collection":[{"href":"https:\/\/dcobys.com\/es\/wp-json\/wp\/v2\/product"}],"about":[{"href":"https:\/\/dcobys.com\/es\/wp-json\/wp\/v2\/types\/product"}],"version-history":[{"count":0,"href":"https:\/\/dcobys.com\/es\/wp-json\/wp\/v2\/product\/6948\/revisions"}],"wp:featuredmedia":[{"embeddable":true,"href":"https:\/\/dcobys.com\/es\/wp-json\/wp\/v2\/media\/7665"}],"wp:attachment":[{"href":"https:\/\/dcobys.com\/es\/wp-json\/wp\/v2\/media?parent=6948"}],"wp:term":[{"taxonomy":"country","embeddable":true,"href":"https:\/\/dcobys.com\/es\/wp-json\/wp\/v2\/country?post=6948"},{"taxonomy":"product_brand","embeddable":true,"href":"https:\/\/dcobys.com\/es\/wp-json\/wp\/v2\/product_brand?post=6948"},{"taxonomy":"product_cat","embeddable":true,"href":"https:\/\/dcobys.com\/es\/wp-json\/wp\/v2\/product_cat?post=6948"},{"taxonomy":"product_tag","embeddable":true,"href":"https:\/\/dcobys.com\/es\/wp-json\/wp\/v2\/product_tag?post=6948"}],"curies":[{"name":"wp","href":"https:\/\/api.w.org\/{rel}","templated":true}]}}