{"id":6940,"date":"2025-12-15T13:02:58","date_gmt":"2025-12-15T18:02:58","guid":{"rendered":"https:\/\/dcobys.com\/services\/uncategorized\/biotechnology-p-b-france-2\/"},"modified":"2026-01-30T21:36:06","modified_gmt":"2026-01-31T02:36:06","slug":"biotechnology-p-b-france-2","status":"publish","type":"product","link":"https:\/\/dcobys.com\/es\/services\/misiones-comerciales\/farmaceutica-y-biociencias\/biotecnologia-f-b\/biotechnology-p-b-france-2\/","title":{"rendered":"Biotecnolog\u00eda &#8211; Francia"},"content":{"rendered":"<p>La Misi\u00f3n Comercial en Francia impulsa el posicionamiento en uno de los polos biotecnol\u00f3gicos m\u00e1s activos de Europa, donde convergen investigaci\u00f3n biom\u00e9dica, bioprocesos y desarrollo de terapias avanzadas. En Lyon, las compa\u00f1\u00edas cuentan con acceso prioritario a foros especializados, clusters de innovaci\u00f3n y centros acad\u00e9micos que potencian la colaboraci\u00f3n cient\u00edfica y comercial. La agenda incluye reuniones estrat\u00e9gicas, visitas a hubs tecnol\u00f3gicos y an\u00e1lisis de oportunidades para expandir la oferta en el mercado europeo. Esta misi\u00f3n permite identificar socios, validar tecnolog\u00edas y fortalecer estrategias regulatorias y de inversi\u00f3n. Fuentes: Biotech forums<\/p>\n","protected":false},"excerpt":{"rendered":"<p>La Misi\u00f3n Comercial en Francia impulsa el posicionamiento en uno de los polos biotecnol\u00f3gicos m\u00e1s activos de Europa, donde convergen investigaci\u00f3n biom\u00e9dica, bioprocesos y desarrollo de terapias avanzadas. En Lyon, las compa\u00f1\u00edas cuentan con acceso prioritario a foros especializados, clusters de innovaci\u00f3n y centros acad\u00e9micos que potencian la colaboraci\u00f3n cient\u00edfica y comercial. La agenda incluye [&hellip;]<\/p>\n","protected":false},"featured_media":7658,"template":"","meta":{"_acf_changed":false},"country":[933],"product_brand":[],"product_cat":[1029,1026,893],"product_tag":[924],"class_list":{"0":"post-6940","1":"product","2":"type-product","3":"status-publish","4":"has-post-thumbnail","6":"country-francia","7":"product_cat-biotecnologia-f-b","8":"product_cat-farmaceutica-y-biociencias","9":"product_cat-misiones-comerciales","10":"product_tag-misiones-comerciales","12":"first","13":"instock","14":"virtual","15":"product-type-simple"},"acf":[],"_links":{"self":[{"href":"https:\/\/dcobys.com\/es\/wp-json\/wp\/v2\/product\/6940","targetHints":{"allow":["GET"]}}],"collection":[{"href":"https:\/\/dcobys.com\/es\/wp-json\/wp\/v2\/product"}],"about":[{"href":"https:\/\/dcobys.com\/es\/wp-json\/wp\/v2\/types\/product"}],"version-history":[{"count":0,"href":"https:\/\/dcobys.com\/es\/wp-json\/wp\/v2\/product\/6940\/revisions"}],"wp:featuredmedia":[{"embeddable":true,"href":"https:\/\/dcobys.com\/es\/wp-json\/wp\/v2\/media\/7658"}],"wp:attachment":[{"href":"https:\/\/dcobys.com\/es\/wp-json\/wp\/v2\/media?parent=6940"}],"wp:term":[{"taxonomy":"country","embeddable":true,"href":"https:\/\/dcobys.com\/es\/wp-json\/wp\/v2\/country?post=6940"},{"taxonomy":"product_brand","embeddable":true,"href":"https:\/\/dcobys.com\/es\/wp-json\/wp\/v2\/product_brand?post=6940"},{"taxonomy":"product_cat","embeddable":true,"href":"https:\/\/dcobys.com\/es\/wp-json\/wp\/v2\/product_cat?post=6940"},{"taxonomy":"product_tag","embeddable":true,"href":"https:\/\/dcobys.com\/es\/wp-json\/wp\/v2\/product_tag?post=6940"}],"curies":[{"name":"wp","href":"https:\/\/api.w.org\/{rel}","templated":true}]}}