{"id":6938,"date":"2025-12-15T13:02:58","date_gmt":"2025-12-15T18:02:58","guid":{"rendered":"https:\/\/dcobys.com\/services\/uncategorized\/biotechnology-p-b-japan-2\/"},"modified":"2026-01-30T21:36:06","modified_gmt":"2026-01-31T02:36:06","slug":"biotechnology-p-b-japan-2","status":"publish","type":"product","link":"https:\/\/dcobys.com\/es\/services\/misiones-comerciales\/farmaceutica-y-biociencias\/biotecnologia-f-b\/biotechnology-p-b-japan-2\/","title":{"rendered":"Biotecnolog\u00eda &#8211; Jap\u00f3n"},"content":{"rendered":"<p>La Misi\u00f3n Comercial en Jap\u00f3n conecta a las empresas con el ecosistema biotecnol\u00f3gico m\u00e1s avanzado de Asia, impulsado por investigaci\u00f3n de vanguardia en bioprocesos, inmunoterapia y soluciones regenerativas. En Tokio, los participantes acceden a redes industriales, universidades y foros especializados que permiten explorar innovaci\u00f3n aplicada y alianzas cient\u00edfico-comerciales. La misi\u00f3n integra visitas t\u00e9cnicas, reuniones B2B con actores clave y an\u00e1lisis del marco regulatorio japon\u00e9s para facilitar la entrada al mercado. Este escenario favorece la identificaci\u00f3n de oportunidades en I+D, licenciamiento y escalamiento tecnol\u00f3gico. Fuentes: BioJapan<\/p>\n","protected":false},"excerpt":{"rendered":"<p>La Misi\u00f3n Comercial en Jap\u00f3n conecta a las empresas con el ecosistema biotecnol\u00f3gico m\u00e1s avanzado de Asia, impulsado por investigaci\u00f3n de vanguardia en bioprocesos, inmunoterapia y soluciones regenerativas. En Tokio, los participantes acceden a redes industriales, universidades y foros especializados que permiten explorar innovaci\u00f3n aplicada y alianzas cient\u00edfico-comerciales. La misi\u00f3n integra visitas t\u00e9cnicas, reuniones B2B [&hellip;]<\/p>\n","protected":false},"featured_media":7658,"template":"","meta":{"_acf_changed":false},"country":[939],"product_brand":[],"product_cat":[1029,1026,893],"product_tag":[924],"class_list":{"0":"post-6938","1":"product","2":"type-product","3":"status-publish","4":"has-post-thumbnail","6":"country-japon","7":"product_cat-biotecnologia-f-b","8":"product_cat-farmaceutica-y-biociencias","9":"product_cat-misiones-comerciales","10":"product_tag-misiones-comerciales","12":"first","13":"instock","14":"virtual","15":"product-type-simple"},"acf":[],"_links":{"self":[{"href":"https:\/\/dcobys.com\/es\/wp-json\/wp\/v2\/product\/6938","targetHints":{"allow":["GET"]}}],"collection":[{"href":"https:\/\/dcobys.com\/es\/wp-json\/wp\/v2\/product"}],"about":[{"href":"https:\/\/dcobys.com\/es\/wp-json\/wp\/v2\/types\/product"}],"version-history":[{"count":0,"href":"https:\/\/dcobys.com\/es\/wp-json\/wp\/v2\/product\/6938\/revisions"}],"wp:featuredmedia":[{"embeddable":true,"href":"https:\/\/dcobys.com\/es\/wp-json\/wp\/v2\/media\/7658"}],"wp:attachment":[{"href":"https:\/\/dcobys.com\/es\/wp-json\/wp\/v2\/media?parent=6938"}],"wp:term":[{"taxonomy":"country","embeddable":true,"href":"https:\/\/dcobys.com\/es\/wp-json\/wp\/v2\/country?post=6938"},{"taxonomy":"product_brand","embeddable":true,"href":"https:\/\/dcobys.com\/es\/wp-json\/wp\/v2\/product_brand?post=6938"},{"taxonomy":"product_cat","embeddable":true,"href":"https:\/\/dcobys.com\/es\/wp-json\/wp\/v2\/product_cat?post=6938"},{"taxonomy":"product_tag","embeddable":true,"href":"https:\/\/dcobys.com\/es\/wp-json\/wp\/v2\/product_tag?post=6938"}],"curies":[{"name":"wp","href":"https:\/\/api.w.org\/{rel}","templated":true}]}}