{"id":6936,"date":"2025-12-15T13:02:58","date_gmt":"2025-12-15T18:02:58","guid":{"rendered":"https:\/\/dcobys.com\/services\/uncategorized\/biotechnology-p-b-germany-2\/"},"modified":"2026-01-30T21:36:06","modified_gmt":"2026-01-31T02:36:06","slug":"biotechnology-p-b-germany-2","status":"publish","type":"product","link":"https:\/\/dcobys.com\/es\/services\/misiones-comerciales\/farmaceutica-y-biociencias\/biotecnologia-f-b\/biotechnology-p-b-germany-2\/","title":{"rendered":"Biotecnolog\u00eda &#8211; Alemania"},"content":{"rendered":"<p>La Misi\u00f3n Comercial en Alemania abre puertas al ecosistema acad\u00e9mico y empresarial de Heidelberg, uno de los polos cient\u00edficos m\u00e1s influyentes en biotecnolog\u00eda y ciencias de la vida. Esta misi\u00f3n facilita el acceso a investigadores, hospitales universitarios, aceleradoras y compa\u00f1\u00edas enfocadas en biolog\u00eda molecular, terapias innovadoras y plataformas de descubrimiento de f\u00e1rmacos. Las reuniones especializadas permiten validar tecnolog\u00edas, identificar socios para codesarrollo y ampliar capacidades de transferencia tecnol\u00f3gica dentro de la Uni\u00f3n Europea. Asimismo, se analiza el panorama competitivo y de inversi\u00f3n del sector, fortaleciendo la estrategia de expansi\u00f3n internacional. Fuentes: Bio-Europe \/ biotech conferences<\/p>\n","protected":false},"excerpt":{"rendered":"<p>La Misi\u00f3n Comercial en Alemania abre puertas al ecosistema acad\u00e9mico y empresarial de Heidelberg, uno de los polos cient\u00edficos m\u00e1s influyentes en biotecnolog\u00eda y ciencias de la vida. Esta misi\u00f3n facilita el acceso a investigadores, hospitales universitarios, aceleradoras y compa\u00f1\u00edas enfocadas en biolog\u00eda molecular, terapias innovadoras y plataformas de descubrimiento de f\u00e1rmacos. Las reuniones especializadas [&hellip;]<\/p>\n","protected":false},"featured_media":7658,"template":"","meta":{"_acf_changed":false},"country":[934],"product_brand":[],"product_cat":[1029,1026,893],"product_tag":[924],"class_list":{"0":"post-6936","1":"product","2":"type-product","3":"status-publish","4":"has-post-thumbnail","6":"country-alemania","7":"product_cat-biotecnologia-f-b","8":"product_cat-farmaceutica-y-biociencias","9":"product_cat-misiones-comerciales","10":"product_tag-misiones-comerciales","12":"first","13":"instock","14":"virtual","15":"product-type-simple"},"acf":[],"_links":{"self":[{"href":"https:\/\/dcobys.com\/es\/wp-json\/wp\/v2\/product\/6936","targetHints":{"allow":["GET"]}}],"collection":[{"href":"https:\/\/dcobys.com\/es\/wp-json\/wp\/v2\/product"}],"about":[{"href":"https:\/\/dcobys.com\/es\/wp-json\/wp\/v2\/types\/product"}],"version-history":[{"count":0,"href":"https:\/\/dcobys.com\/es\/wp-json\/wp\/v2\/product\/6936\/revisions"}],"wp:featuredmedia":[{"embeddable":true,"href":"https:\/\/dcobys.com\/es\/wp-json\/wp\/v2\/media\/7658"}],"wp:attachment":[{"href":"https:\/\/dcobys.com\/es\/wp-json\/wp\/v2\/media?parent=6936"}],"wp:term":[{"taxonomy":"country","embeddable":true,"href":"https:\/\/dcobys.com\/es\/wp-json\/wp\/v2\/country?post=6936"},{"taxonomy":"product_brand","embeddable":true,"href":"https:\/\/dcobys.com\/es\/wp-json\/wp\/v2\/product_brand?post=6936"},{"taxonomy":"product_cat","embeddable":true,"href":"https:\/\/dcobys.com\/es\/wp-json\/wp\/v2\/product_cat?post=6936"},{"taxonomy":"product_tag","embeddable":true,"href":"https:\/\/dcobys.com\/es\/wp-json\/wp\/v2\/product_tag?post=6936"}],"curies":[{"name":"wp","href":"https:\/\/api.w.org\/{rel}","templated":true}]}}