{"id":6934,"date":"2025-12-15T13:02:58","date_gmt":"2025-12-15T18:02:58","guid":{"rendered":"https:\/\/dcobys.com\/services\/uncategorized\/biotechnology-p-b-switzerland-2\/"},"modified":"2026-01-30T21:36:06","modified_gmt":"2026-01-31T02:36:06","slug":"biotechnology-p-b-switzerland-2","status":"publish","type":"product","link":"https:\/\/dcobys.com\/es\/services\/misiones-comerciales\/farmaceutica-y-biociencias\/biotecnologia-f-b\/biotechnology-p-b-switzerland-2\/","title":{"rendered":"Biotecnolog\u00eda &#8211; Suiza"},"content":{"rendered":"<p>La Misi\u00f3n Comercial en Suiza permitir\u00e1 interactuar con uno de los clusters biotecnol\u00f3gicos m\u00e1s s\u00f3lidos del mundo, facilitando reuniones con l\u00edderes en biomanufactura, terapias avanzadas y desarrollo cl\u00ednico. En Basilea, las empresas acceden a plataformas de innovaci\u00f3n respaldadas por farmac\u00e9uticas globales, universidades y centros de investigaci\u00f3n especializados, favoreciendo oportunidades de colaboraci\u00f3n cient\u00edfica. La misi\u00f3n conecta a las delegaciones con aceleradoras, parques tecnol\u00f3gicos y foros de inversi\u00f3n, optimizando el posicionamiento de soluciones orientadas a I+D y escalamiento biotecnol\u00f3gico. Adem\u00e1s, se identifican tendencias emergentes para fortalecer estrategias comerciales y regulatorias en Europa. Fuentes: Swiss biotech events<\/p>\n","protected":false},"excerpt":{"rendered":"<p>La Misi\u00f3n Comercial en Suiza permitir\u00e1 interactuar con uno de los clusters biotecnol\u00f3gicos m\u00e1s s\u00f3lidos del mundo, facilitando reuniones con l\u00edderes en biomanufactura, terapias avanzadas y desarrollo cl\u00ednico. En Basilea, las empresas acceden a plataformas de innovaci\u00f3n respaldadas por farmac\u00e9uticas globales, universidades y centros de investigaci\u00f3n especializados, favoreciendo oportunidades de colaboraci\u00f3n cient\u00edfica. La misi\u00f3n conecta [&hellip;]<\/p>\n","protected":false},"featured_media":7658,"template":"","meta":{"_acf_changed":false},"country":[950],"product_brand":[],"product_cat":[1029,1026,893],"product_tag":[924],"class_list":{"0":"post-6934","1":"product","2":"type-product","3":"status-publish","4":"has-post-thumbnail","6":"country-suiza","7":"product_cat-biotecnologia-f-b","8":"product_cat-farmaceutica-y-biociencias","9":"product_cat-misiones-comerciales","10":"product_tag-misiones-comerciales","12":"first","13":"instock","14":"virtual","15":"product-type-simple"},"acf":[],"_links":{"self":[{"href":"https:\/\/dcobys.com\/es\/wp-json\/wp\/v2\/product\/6934","targetHints":{"allow":["GET"]}}],"collection":[{"href":"https:\/\/dcobys.com\/es\/wp-json\/wp\/v2\/product"}],"about":[{"href":"https:\/\/dcobys.com\/es\/wp-json\/wp\/v2\/types\/product"}],"version-history":[{"count":0,"href":"https:\/\/dcobys.com\/es\/wp-json\/wp\/v2\/product\/6934\/revisions"}],"wp:featuredmedia":[{"embeddable":true,"href":"https:\/\/dcobys.com\/es\/wp-json\/wp\/v2\/media\/7658"}],"wp:attachment":[{"href":"https:\/\/dcobys.com\/es\/wp-json\/wp\/v2\/media?parent=6934"}],"wp:term":[{"taxonomy":"country","embeddable":true,"href":"https:\/\/dcobys.com\/es\/wp-json\/wp\/v2\/country?post=6934"},{"taxonomy":"product_brand","embeddable":true,"href":"https:\/\/dcobys.com\/es\/wp-json\/wp\/v2\/product_brand?post=6934"},{"taxonomy":"product_cat","embeddable":true,"href":"https:\/\/dcobys.com\/es\/wp-json\/wp\/v2\/product_cat?post=6934"},{"taxonomy":"product_tag","embeddable":true,"href":"https:\/\/dcobys.com\/es\/wp-json\/wp\/v2\/product_tag?post=6934"}],"curies":[{"name":"wp","href":"https:\/\/api.w.org\/{rel}","templated":true}]}}