{"id":6932,"date":"2025-12-15T13:02:58","date_gmt":"2025-12-15T18:02:58","guid":{"rendered":"https:\/\/dcobys.com\/services\/uncategorized\/biotechnology-p-b-usa-2\/"},"modified":"2026-01-30T21:36:06","modified_gmt":"2026-01-31T02:36:06","slug":"biotechnology-p-b-usa-2","status":"publish","type":"product","link":"https:\/\/dcobys.com\/es\/services\/misiones-comerciales\/farmaceutica-y-biociencias\/biotecnologia-f-b\/biotechnology-p-b-usa-2\/","title":{"rendered":"Biotecnolog\u00eda &#8211; EE. UU."},"content":{"rendered":"<p>La Misi\u00f3n Comercial en EE. UU. potencia la conexi\u00f3n directa con el ecosistema biotecnol\u00f3gico m\u00e1s din\u00e1mico del mundo, permitiendo explorar startups, laboratorios y fondos que impulsan terapias avanzadas y plataformas biofarmac\u00e9uticas. En San Diego, las delegaciones acceden a ejecutivos clave, tendencias en inversi\u00f3n, desarrollo precl\u00ednico, terapias celulares y gen\u00f3micas, as\u00ed como oportunidades de codesarrollo y transferencia tecnol\u00f3gica. La agenda incluye encuentros con hubs acad\u00e9micos, visitas a incubadoras y participaci\u00f3n estrat\u00e9gica en foros donde convergen investigadores, farmac\u00e9uticas globales y venture capital. Esta misi\u00f3n permite identificar socios, validar soluciones y acelerar la entrada al mercado norteamericano. Fuentes: BIO, JP Morgan Health Care; BIO-Europe global partners<\/p>\n","protected":false},"excerpt":{"rendered":"<p>La Misi\u00f3n Comercial en EE. UU. potencia la conexi\u00f3n directa con el ecosistema biotecnol\u00f3gico m\u00e1s din\u00e1mico del mundo, permitiendo explorar startups, laboratorios y fondos que impulsan terapias avanzadas y plataformas biofarmac\u00e9uticas. En San Diego, las delegaciones acceden a ejecutivos clave, tendencias en inversi\u00f3n, desarrollo precl\u00ednico, terapias celulares y gen\u00f3micas, as\u00ed como oportunidades de codesarrollo y [&hellip;]<\/p>\n","protected":false},"featured_media":7658,"template":"","meta":{"_acf_changed":false},"country":[954],"product_brand":[],"product_cat":[1029,1026,893],"product_tag":[924],"class_list":{"0":"post-6932","1":"product","2":"type-product","3":"status-publish","4":"has-post-thumbnail","6":"country-ee-uu","7":"product_cat-biotecnologia-f-b","8":"product_cat-farmaceutica-y-biociencias","9":"product_cat-misiones-comerciales","10":"product_tag-misiones-comerciales","12":"first","13":"instock","14":"virtual","15":"product-type-simple"},"acf":[],"_links":{"self":[{"href":"https:\/\/dcobys.com\/es\/wp-json\/wp\/v2\/product\/6932","targetHints":{"allow":["GET"]}}],"collection":[{"href":"https:\/\/dcobys.com\/es\/wp-json\/wp\/v2\/product"}],"about":[{"href":"https:\/\/dcobys.com\/es\/wp-json\/wp\/v2\/types\/product"}],"version-history":[{"count":0,"href":"https:\/\/dcobys.com\/es\/wp-json\/wp\/v2\/product\/6932\/revisions"}],"wp:featuredmedia":[{"embeddable":true,"href":"https:\/\/dcobys.com\/es\/wp-json\/wp\/v2\/media\/7658"}],"wp:attachment":[{"href":"https:\/\/dcobys.com\/es\/wp-json\/wp\/v2\/media?parent=6932"}],"wp:term":[{"taxonomy":"country","embeddable":true,"href":"https:\/\/dcobys.com\/es\/wp-json\/wp\/v2\/country?post=6932"},{"taxonomy":"product_brand","embeddable":true,"href":"https:\/\/dcobys.com\/es\/wp-json\/wp\/v2\/product_brand?post=6932"},{"taxonomy":"product_cat","embeddable":true,"href":"https:\/\/dcobys.com\/es\/wp-json\/wp\/v2\/product_cat?post=6932"},{"taxonomy":"product_tag","embeddable":true,"href":"https:\/\/dcobys.com\/es\/wp-json\/wp\/v2\/product_tag?post=6932"}],"curies":[{"name":"wp","href":"https:\/\/api.w.org\/{rel}","templated":true}]}}