{"id":6930,"date":"2025-12-15T13:02:58","date_gmt":"2025-12-15T18:02:58","guid":{"rendered":"https:\/\/dcobys.com\/services\/uncategorized\/clinical-research-uk-2\/"},"modified":"2026-01-30T21:36:06","modified_gmt":"2026-01-31T02:36:06","slug":"clinical-research-uk-2","status":"publish","type":"product","link":"https:\/\/dcobys.com\/es\/services\/misiones-comerciales\/farmaceutica-y-biociencias\/investigacion-clinica\/clinical-research-uk-2\/","title":{"rendered":"Investigaci\u00f3n cl\u00ednica &#8211; Reino Unido"},"content":{"rendered":"<p>La Misi\u00f3n Comercial en Reino Unido posiciona a tu organizaci\u00f3n dentro del ecosistema londinense de investigaci\u00f3n cl\u00ednica, reconocido por su fortaleza en ciencia traslacional, ensayos multic\u00e9ntricos y capacidades CRO de clase mundial. La agenda incluye encuentros con instituciones acad\u00e9micas, biotec, hospitales y agencias con enfoque en innovaci\u00f3n regulatoria. Tambi\u00e9n se abren espacios para explorar oportunidades en estudios cl\u00ednicos descentralizados, terapias avanzadas y tecnolog\u00edas para optimizaci\u00f3n de ensayos. La misi\u00f3n contribuye a construir alianzas que aceleran validaci\u00f3n cl\u00ednica y expansi\u00f3n europea. Londres es un punto estrat\u00e9gico para acceder tanto a Europa como a mercados globales. Fuentes: Clinical trials &#038; CRO summits<\/p>\n","protected":false},"excerpt":{"rendered":"<p>La Misi\u00f3n Comercial en Reino Unido posiciona a tu organizaci\u00f3n dentro del ecosistema londinense de investigaci\u00f3n cl\u00ednica, reconocido por su fortaleza en ciencia traslacional, ensayos multic\u00e9ntricos y capacidades CRO de clase mundial. La agenda incluye encuentros con instituciones acad\u00e9micas, biotec, hospitales y agencias con enfoque en innovaci\u00f3n regulatoria. Tambi\u00e9n se abren espacios para explorar oportunidades [&hellip;]<\/p>\n","protected":false},"featured_media":7651,"template":"","meta":{"_acf_changed":false},"country":[955],"product_brand":[],"product_cat":[1026,1028,893],"product_tag":[924],"class_list":{"0":"post-6930","1":"product","2":"type-product","3":"status-publish","4":"has-post-thumbnail","6":"country-reino-unido","7":"product_cat-farmaceutica-y-biociencias","8":"product_cat-investigacion-clinica","9":"product_cat-misiones-comerciales","10":"product_tag-misiones-comerciales","12":"first","13":"instock","14":"virtual","15":"product-type-simple"},"acf":[],"_links":{"self":[{"href":"https:\/\/dcobys.com\/es\/wp-json\/wp\/v2\/product\/6930","targetHints":{"allow":["GET"]}}],"collection":[{"href":"https:\/\/dcobys.com\/es\/wp-json\/wp\/v2\/product"}],"about":[{"href":"https:\/\/dcobys.com\/es\/wp-json\/wp\/v2\/types\/product"}],"version-history":[{"count":0,"href":"https:\/\/dcobys.com\/es\/wp-json\/wp\/v2\/product\/6930\/revisions"}],"wp:featuredmedia":[{"embeddable":true,"href":"https:\/\/dcobys.com\/es\/wp-json\/wp\/v2\/media\/7651"}],"wp:attachment":[{"href":"https:\/\/dcobys.com\/es\/wp-json\/wp\/v2\/media?parent=6930"}],"wp:term":[{"taxonomy":"country","embeddable":true,"href":"https:\/\/dcobys.com\/es\/wp-json\/wp\/v2\/country?post=6930"},{"taxonomy":"product_brand","embeddable":true,"href":"https:\/\/dcobys.com\/es\/wp-json\/wp\/v2\/product_brand?post=6930"},{"taxonomy":"product_cat","embeddable":true,"href":"https:\/\/dcobys.com\/es\/wp-json\/wp\/v2\/product_cat?post=6930"},{"taxonomy":"product_tag","embeddable":true,"href":"https:\/\/dcobys.com\/es\/wp-json\/wp\/v2\/product_tag?post=6930"}],"curies":[{"name":"wp","href":"https:\/\/api.w.org\/{rel}","templated":true}]}}