{"id":6928,"date":"2025-12-15T13:02:58","date_gmt":"2025-12-15T18:02:58","guid":{"rendered":"https:\/\/dcobys.com\/services\/uncategorized\/clinical-research-france-2\/"},"modified":"2026-01-30T21:36:06","modified_gmt":"2026-01-31T02:36:06","slug":"clinical-research-france-2","status":"publish","type":"product","link":"https:\/\/dcobys.com\/es\/services\/misiones-comerciales\/farmaceutica-y-biociencias\/investigacion-clinica\/clinical-research-france-2\/","title":{"rendered":"Investigaci\u00f3n cl\u00ednica &#8211; Francia"},"content":{"rendered":"<p>La Misi\u00f3n Comercial en Francia ofrece contacto directo con el ecosistema parisino de investigaci\u00f3n cl\u00ednica, uno de los m\u00e1s din\u00e1micos de Europa por su capacidad cient\u00edfica, instituciones hospitalarias de referencia y redes de innovaci\u00f3n. En Par\u00eds acceder\u00e1s a organizaciones dedicadas a ensayos cl\u00ednicos, bioterapias, data science cl\u00ednico y regulaci\u00f3n sanitaria. La agenda impulsa la b\u00fasqueda de alianzas para codesarrollo, validaci\u00f3n cl\u00ednica y proyectos piloto. Tambi\u00e9n se exploran oportunidades con clusters biotecnol\u00f3gicos y compa\u00f1\u00edas con alto nivel de integraci\u00f3n tecnol\u00f3gica. Este entorno facilita negociaciones estrat\u00e9gicas y evaluaciones de nuevas plataformas cl\u00ednicas. Fuentes: Pharma clinical research events<\/p>\n","protected":false},"excerpt":{"rendered":"<p>La Misi\u00f3n Comercial en Francia ofrece contacto directo con el ecosistema parisino de investigaci\u00f3n cl\u00ednica, uno de los m\u00e1s din\u00e1micos de Europa por su capacidad cient\u00edfica, instituciones hospitalarias de referencia y redes de innovaci\u00f3n. En Par\u00eds acceder\u00e1s a organizaciones dedicadas a ensayos cl\u00ednicos, bioterapias, data science cl\u00ednico y regulaci\u00f3n sanitaria. La agenda impulsa la b\u00fasqueda [&hellip;]<\/p>\n","protected":false},"featured_media":7651,"template":"","meta":{"_acf_changed":false},"country":[933],"product_brand":[],"product_cat":[1026,1028,893],"product_tag":[924],"class_list":{"0":"post-6928","1":"product","2":"type-product","3":"status-publish","4":"has-post-thumbnail","6":"country-francia","7":"product_cat-farmaceutica-y-biociencias","8":"product_cat-investigacion-clinica","9":"product_cat-misiones-comerciales","10":"product_tag-misiones-comerciales","12":"first","13":"instock","14":"virtual","15":"product-type-simple"},"acf":[],"_links":{"self":[{"href":"https:\/\/dcobys.com\/es\/wp-json\/wp\/v2\/product\/6928","targetHints":{"allow":["GET"]}}],"collection":[{"href":"https:\/\/dcobys.com\/es\/wp-json\/wp\/v2\/product"}],"about":[{"href":"https:\/\/dcobys.com\/es\/wp-json\/wp\/v2\/types\/product"}],"version-history":[{"count":0,"href":"https:\/\/dcobys.com\/es\/wp-json\/wp\/v2\/product\/6928\/revisions"}],"wp:featuredmedia":[{"embeddable":true,"href":"https:\/\/dcobys.com\/es\/wp-json\/wp\/v2\/media\/7651"}],"wp:attachment":[{"href":"https:\/\/dcobys.com\/es\/wp-json\/wp\/v2\/media?parent=6928"}],"wp:term":[{"taxonomy":"country","embeddable":true,"href":"https:\/\/dcobys.com\/es\/wp-json\/wp\/v2\/country?post=6928"},{"taxonomy":"product_brand","embeddable":true,"href":"https:\/\/dcobys.com\/es\/wp-json\/wp\/v2\/product_brand?post=6928"},{"taxonomy":"product_cat","embeddable":true,"href":"https:\/\/dcobys.com\/es\/wp-json\/wp\/v2\/product_cat?post=6928"},{"taxonomy":"product_tag","embeddable":true,"href":"https:\/\/dcobys.com\/es\/wp-json\/wp\/v2\/product_tag?post=6928"}],"curies":[{"name":"wp","href":"https:\/\/api.w.org\/{rel}","templated":true}]}}