{"id":6926,"date":"2025-12-15T13:02:58","date_gmt":"2025-12-15T18:02:58","guid":{"rendered":"https:\/\/dcobys.com\/services\/uncategorized\/clinical-research-japan-2\/"},"modified":"2026-01-30T21:36:06","modified_gmt":"2026-01-31T02:36:06","slug":"clinical-research-japan-2","status":"publish","type":"product","link":"https:\/\/dcobys.com\/es\/services\/misiones-comerciales\/farmaceutica-y-biociencias\/investigacion-clinica\/clinical-research-japan-2\/","title":{"rendered":"Investigaci\u00f3n cl\u00ednica &#8211; Jap\u00f3n"},"content":{"rendered":"<p>La Misi\u00f3n Comercial en Jap\u00f3n te sit\u00faa en el coraz\u00f3n de uno de los ecosistemas de investigaci\u00f3n cl\u00ednica m\u00e1s avanzados de Asia, donde Osaka concentra biotecnolog\u00eda, hospitales l\u00edderes y centros de innovaci\u00f3n farmac\u00e9utica. La agenda conecta a tu organizaci\u00f3n con actores clave de ensayos cl\u00ednicos, desarrollo de mol\u00e9culas y tecnolog\u00edas biom\u00e9dicas. Se priorizan reuniones estrat\u00e9gicas con instituciones p\u00fablicas y privadas para identificar oportunidades en investigaci\u00f3n conjunta. Adem\u00e1s, se exploran tendencias asi\u00e1ticas en regulaci\u00f3n, calidad y data management cl\u00ednico. La misi\u00f3n facilita un entendimiento profundo del mercado japon\u00e9s y el acceso a potenciales socios de largo plazo. Fuentes: Clinical research and biotech summits<\/p>\n","protected":false},"excerpt":{"rendered":"<p>La Misi\u00f3n Comercial en Jap\u00f3n te sit\u00faa en el coraz\u00f3n de uno de los ecosistemas de investigaci\u00f3n cl\u00ednica m\u00e1s avanzados de Asia, donde Osaka concentra biotecnolog\u00eda, hospitales l\u00edderes y centros de innovaci\u00f3n farmac\u00e9utica. La agenda conecta a tu organizaci\u00f3n con actores clave de ensayos cl\u00ednicos, desarrollo de mol\u00e9culas y tecnolog\u00edas biom\u00e9dicas. Se priorizan reuniones estrat\u00e9gicas [&hellip;]<\/p>\n","protected":false},"featured_media":7651,"template":"","meta":{"_acf_changed":false},"country":[939],"product_brand":[],"product_cat":[1026,1028,893],"product_tag":[924],"class_list":{"0":"post-6926","1":"product","2":"type-product","3":"status-publish","4":"has-post-thumbnail","6":"country-japon","7":"product_cat-farmaceutica-y-biociencias","8":"product_cat-investigacion-clinica","9":"product_cat-misiones-comerciales","10":"product_tag-misiones-comerciales","12":"first","13":"instock","14":"virtual","15":"product-type-simple"},"acf":[],"_links":{"self":[{"href":"https:\/\/dcobys.com\/es\/wp-json\/wp\/v2\/product\/6926","targetHints":{"allow":["GET"]}}],"collection":[{"href":"https:\/\/dcobys.com\/es\/wp-json\/wp\/v2\/product"}],"about":[{"href":"https:\/\/dcobys.com\/es\/wp-json\/wp\/v2\/types\/product"}],"version-history":[{"count":0,"href":"https:\/\/dcobys.com\/es\/wp-json\/wp\/v2\/product\/6926\/revisions"}],"wp:featuredmedia":[{"embeddable":true,"href":"https:\/\/dcobys.com\/es\/wp-json\/wp\/v2\/media\/7651"}],"wp:attachment":[{"href":"https:\/\/dcobys.com\/es\/wp-json\/wp\/v2\/media?parent=6926"}],"wp:term":[{"taxonomy":"country","embeddable":true,"href":"https:\/\/dcobys.com\/es\/wp-json\/wp\/v2\/country?post=6926"},{"taxonomy":"product_brand","embeddable":true,"href":"https:\/\/dcobys.com\/es\/wp-json\/wp\/v2\/product_brand?post=6926"},{"taxonomy":"product_cat","embeddable":true,"href":"https:\/\/dcobys.com\/es\/wp-json\/wp\/v2\/product_cat?post=6926"},{"taxonomy":"product_tag","embeddable":true,"href":"https:\/\/dcobys.com\/es\/wp-json\/wp\/v2\/product_tag?post=6926"}],"curies":[{"name":"wp","href":"https:\/\/api.w.org\/{rel}","templated":true}]}}