{"id":6924,"date":"2025-12-15T13:02:58","date_gmt":"2025-12-15T18:02:58","guid":{"rendered":"https:\/\/dcobys.com\/services\/uncategorized\/clinical-research-germany-2\/"},"modified":"2026-01-30T21:36:06","modified_gmt":"2026-01-31T02:36:06","slug":"clinical-research-germany-2","status":"publish","type":"product","link":"https:\/\/dcobys.com\/es\/services\/misiones-comerciales\/farmaceutica-y-biociencias\/investigacion-clinica\/clinical-research-germany-2\/","title":{"rendered":"Investigaci\u00f3n cl\u00ednica &#8211; Alemania"},"content":{"rendered":"<p>La Misi\u00f3n Comercial en Alemania permite sumergirse en uno de los mercados m\u00e1s robustos para investigaci\u00f3n cl\u00ednica y operaciones con CROs. En Berl\u00edn acceder\u00e1s a encuentros con clusters de salud, laboratorios biotec, institutos de investigaci\u00f3n y actores regulatorios europeos. La agenda est\u00e1 dise\u00f1ada para identificar oportunidades de cooperaci\u00f3n en ensayos cl\u00ednicos, innovaci\u00f3n terap\u00e9utica y escalamiento regulado. Tambi\u00e9n se abrir\u00e1n espacios para conocer tecnolog\u00edas cl\u00ednicas emergentes y plataformas digitales para gesti\u00f3n de estudios. El enfoque de la misi\u00f3n impulsa conexiones con organizaciones que lideran est\u00e1ndares internacionales en seguridad, calidad y eficiencia operativa. Fuentes: Clinical research &#038; CRO conferences<\/p>\n","protected":false},"excerpt":{"rendered":"<p>La Misi\u00f3n Comercial en Alemania permite sumergirse en uno de los mercados m\u00e1s robustos para investigaci\u00f3n cl\u00ednica y operaciones con CROs. En Berl\u00edn acceder\u00e1s a encuentros con clusters de salud, laboratorios biotec, institutos de investigaci\u00f3n y actores regulatorios europeos. La agenda est\u00e1 dise\u00f1ada para identificar oportunidades de cooperaci\u00f3n en ensayos cl\u00ednicos, innovaci\u00f3n terap\u00e9utica y escalamiento [&hellip;]<\/p>\n","protected":false},"featured_media":7651,"template":"","meta":{"_acf_changed":false},"country":[934],"product_brand":[],"product_cat":[1026,1028,893],"product_tag":[924],"class_list":{"0":"post-6924","1":"product","2":"type-product","3":"status-publish","4":"has-post-thumbnail","6":"country-alemania","7":"product_cat-farmaceutica-y-biociencias","8":"product_cat-investigacion-clinica","9":"product_cat-misiones-comerciales","10":"product_tag-misiones-comerciales","12":"first","13":"instock","14":"virtual","15":"product-type-simple"},"acf":[],"_links":{"self":[{"href":"https:\/\/dcobys.com\/es\/wp-json\/wp\/v2\/product\/6924","targetHints":{"allow":["GET"]}}],"collection":[{"href":"https:\/\/dcobys.com\/es\/wp-json\/wp\/v2\/product"}],"about":[{"href":"https:\/\/dcobys.com\/es\/wp-json\/wp\/v2\/types\/product"}],"version-history":[{"count":0,"href":"https:\/\/dcobys.com\/es\/wp-json\/wp\/v2\/product\/6924\/revisions"}],"wp:featuredmedia":[{"embeddable":true,"href":"https:\/\/dcobys.com\/es\/wp-json\/wp\/v2\/media\/7651"}],"wp:attachment":[{"href":"https:\/\/dcobys.com\/es\/wp-json\/wp\/v2\/media?parent=6924"}],"wp:term":[{"taxonomy":"country","embeddable":true,"href":"https:\/\/dcobys.com\/es\/wp-json\/wp\/v2\/country?post=6924"},{"taxonomy":"product_brand","embeddable":true,"href":"https:\/\/dcobys.com\/es\/wp-json\/wp\/v2\/product_brand?post=6924"},{"taxonomy":"product_cat","embeddable":true,"href":"https:\/\/dcobys.com\/es\/wp-json\/wp\/v2\/product_cat?post=6924"},{"taxonomy":"product_tag","embeddable":true,"href":"https:\/\/dcobys.com\/es\/wp-json\/wp\/v2\/product_tag?post=6924"}],"curies":[{"name":"wp","href":"https:\/\/api.w.org\/{rel}","templated":true}]}}