{"id":6918,"date":"2025-12-15T13:02:58","date_gmt":"2025-12-15T18:02:58","guid":{"rendered":"https:\/\/dcobys.com\/services\/uncategorized\/drug-development-uk-2\/"},"modified":"2026-01-30T21:36:06","modified_gmt":"2026-01-31T02:36:06","slug":"drug-development-uk-2","status":"publish","type":"product","link":"https:\/\/dcobys.com\/es\/services\/misiones-comerciales\/farmaceutica-y-biociencias\/desarrollo-de-medicamentos\/drug-development-uk-2\/","title":{"rendered":"Desarrollo de medicamentos &#8211; Reino Unido"},"content":{"rendered":"<p>La Misi\u00f3n Comercial en Reino Unido sit\u00faa a las empresas en Cambridge, una de las capitales mundiales de la biotecnolog\u00eda, donde convergen investigaci\u00f3n acad\u00e9mica, farmac\u00e9uticas globales y empresas deep-tech. La experiencia impulsa la generaci\u00f3n de alianzas para desarrollo de medicamentos, validaci\u00f3n cient\u00edfica y estrategias de escalado. Se complementa con encuentros con laboratorios l\u00edderes y foros especializados. Fuentes: UK BioTech &#038; Pharma Conferences.<\/p>\n","protected":false},"excerpt":{"rendered":"<p>La Misi\u00f3n Comercial en Reino Unido sit\u00faa a las empresas en Cambridge, una de las capitales mundiales de la biotecnolog\u00eda, donde convergen investigaci\u00f3n acad\u00e9mica, farmac\u00e9uticas globales y empresas deep-tech. La experiencia impulsa la generaci\u00f3n de alianzas para desarrollo de medicamentos, validaci\u00f3n cient\u00edfica y estrategias de escalado. Se complementa con encuentros con laboratorios l\u00edderes y foros [&hellip;]<\/p>\n","protected":false},"featured_media":7644,"template":"","meta":{"_acf_changed":false},"country":[955],"product_brand":[],"product_cat":[1027,1026,893],"product_tag":[924],"class_list":{"0":"post-6918","1":"product","2":"type-product","3":"status-publish","4":"has-post-thumbnail","6":"country-reino-unido","7":"product_cat-desarrollo-de-medicamentos","8":"product_cat-farmaceutica-y-biociencias","9":"product_cat-misiones-comerciales","10":"product_tag-misiones-comerciales","12":"first","13":"instock","14":"virtual","15":"product-type-simple"},"acf":[],"_links":{"self":[{"href":"https:\/\/dcobys.com\/es\/wp-json\/wp\/v2\/product\/6918","targetHints":{"allow":["GET"]}}],"collection":[{"href":"https:\/\/dcobys.com\/es\/wp-json\/wp\/v2\/product"}],"about":[{"href":"https:\/\/dcobys.com\/es\/wp-json\/wp\/v2\/types\/product"}],"version-history":[{"count":0,"href":"https:\/\/dcobys.com\/es\/wp-json\/wp\/v2\/product\/6918\/revisions"}],"wp:featuredmedia":[{"embeddable":true,"href":"https:\/\/dcobys.com\/es\/wp-json\/wp\/v2\/media\/7644"}],"wp:attachment":[{"href":"https:\/\/dcobys.com\/es\/wp-json\/wp\/v2\/media?parent=6918"}],"wp:term":[{"taxonomy":"country","embeddable":true,"href":"https:\/\/dcobys.com\/es\/wp-json\/wp\/v2\/country?post=6918"},{"taxonomy":"product_brand","embeddable":true,"href":"https:\/\/dcobys.com\/es\/wp-json\/wp\/v2\/product_brand?post=6918"},{"taxonomy":"product_cat","embeddable":true,"href":"https:\/\/dcobys.com\/es\/wp-json\/wp\/v2\/product_cat?post=6918"},{"taxonomy":"product_tag","embeddable":true,"href":"https:\/\/dcobys.com\/es\/wp-json\/wp\/v2\/product_tag?post=6918"}],"curies":[{"name":"wp","href":"https:\/\/api.w.org\/{rel}","templated":true}]}}