{"id":6916,"date":"2025-12-15T13:02:51","date_gmt":"2025-12-15T18:02:51","guid":{"rendered":"https:\/\/dcobys.com\/services\/uncategorized\/drug-development-france-2\/"},"modified":"2026-01-30T21:36:06","modified_gmt":"2026-01-31T02:36:06","slug":"drug-development-france-2","status":"publish","type":"product","link":"https:\/\/dcobys.com\/es\/services\/misiones-comerciales\/farmaceutica-y-biociencias\/desarrollo-de-medicamentos\/drug-development-france-2\/","title":{"rendered":"Desarrollo de medicamentos &#8211; Francia"},"content":{"rendered":"<p>La Misi\u00f3n Comercial en Francia permite conectar con el ecosistema farmac\u00e9utico de Lyon, reconocido por su innovaci\u00f3n en desarrollo de medicamentos, soluciones reguladoras, fabricaci\u00f3n avanzada y biotecnolog\u00eda aplicada. La agenda integra reuniones con bioclusters, centros de ensayos y compa\u00f1\u00edas con proyectos en terapias emergentes. Se incluyen eventos regionales de alto contenido t\u00e9cnico para facilitar networking con compradores europeos. Fuentes: PharmagoraPlus; France Pharma Conferences.<\/p>\n","protected":false},"excerpt":{"rendered":"<p>La Misi\u00f3n Comercial en Francia permite conectar con el ecosistema farmac\u00e9utico de Lyon, reconocido por su innovaci\u00f3n en desarrollo de medicamentos, soluciones reguladoras, fabricaci\u00f3n avanzada y biotecnolog\u00eda aplicada. La agenda integra reuniones con bioclusters, centros de ensayos y compa\u00f1\u00edas con proyectos en terapias emergentes. Se incluyen eventos regionales de alto contenido t\u00e9cnico para facilitar networking [&hellip;]<\/p>\n","protected":false},"featured_media":7644,"template":"","meta":{"_acf_changed":false},"country":[933],"product_brand":[],"product_cat":[1027,1026,893],"product_tag":[924],"class_list":{"0":"post-6916","1":"product","2":"type-product","3":"status-publish","4":"has-post-thumbnail","6":"country-francia","7":"product_cat-desarrollo-de-medicamentos","8":"product_cat-farmaceutica-y-biociencias","9":"product_cat-misiones-comerciales","10":"product_tag-misiones-comerciales","12":"first","13":"instock","14":"virtual","15":"product-type-simple"},"acf":[],"_links":{"self":[{"href":"https:\/\/dcobys.com\/es\/wp-json\/wp\/v2\/product\/6916","targetHints":{"allow":["GET"]}}],"collection":[{"href":"https:\/\/dcobys.com\/es\/wp-json\/wp\/v2\/product"}],"about":[{"href":"https:\/\/dcobys.com\/es\/wp-json\/wp\/v2\/types\/product"}],"version-history":[{"count":0,"href":"https:\/\/dcobys.com\/es\/wp-json\/wp\/v2\/product\/6916\/revisions"}],"wp:featuredmedia":[{"embeddable":true,"href":"https:\/\/dcobys.com\/es\/wp-json\/wp\/v2\/media\/7644"}],"wp:attachment":[{"href":"https:\/\/dcobys.com\/es\/wp-json\/wp\/v2\/media?parent=6916"}],"wp:term":[{"taxonomy":"country","embeddable":true,"href":"https:\/\/dcobys.com\/es\/wp-json\/wp\/v2\/country?post=6916"},{"taxonomy":"product_brand","embeddable":true,"href":"https:\/\/dcobys.com\/es\/wp-json\/wp\/v2\/product_brand?post=6916"},{"taxonomy":"product_cat","embeddable":true,"href":"https:\/\/dcobys.com\/es\/wp-json\/wp\/v2\/product_cat?post=6916"},{"taxonomy":"product_tag","embeddable":true,"href":"https:\/\/dcobys.com\/es\/wp-json\/wp\/v2\/product_tag?post=6916"}],"curies":[{"name":"wp","href":"https:\/\/api.w.org\/{rel}","templated":true}]}}