{"id":6914,"date":"2025-12-15T13:02:51","date_gmt":"2025-12-15T18:02:51","guid":{"rendered":"https:\/\/dcobys.com\/services\/uncategorized\/drug-development-japan-2\/"},"modified":"2026-01-30T21:36:06","modified_gmt":"2026-01-31T02:36:06","slug":"drug-development-japan-2","status":"publish","type":"product","link":"https:\/\/dcobys.com\/es\/services\/misiones-comerciales\/farmaceutica-y-biociencias\/desarrollo-de-medicamentos\/drug-development-japan-2\/","title":{"rendered":"Desarrollo de medicamentos &#8211; Jap\u00f3n"},"content":{"rendered":"<p>La Misi\u00f3n Comercial en Jap\u00f3n posiciona a las empresas dentro de uno de los mercados m\u00e1s robustos en biociencias y desarrollo de medicamentos, con acceso directo a farmac\u00e9uticas, institutos de investigaci\u00f3n y proveedores de tecnolog\u00eda avanzada. Tokio destaca por su liderazgo en bioprocesos, terapia celular, prote\u00ednas recombinantes y plataformas diagn\u00f3sticas. La agenda incluye encuentros estrat\u00e9gicos y visitas t\u00e9cnicas que fortalecen oportunidades comerciales. Fuentes: BioJapan; Pharma Conferences Japan.<\/p>\n","protected":false},"excerpt":{"rendered":"<p>La Misi\u00f3n Comercial en Jap\u00f3n posiciona a las empresas dentro de uno de los mercados m\u00e1s robustos en biociencias y desarrollo de medicamentos, con acceso directo a farmac\u00e9uticas, institutos de investigaci\u00f3n y proveedores de tecnolog\u00eda avanzada. Tokio destaca por su liderazgo en bioprocesos, terapia celular, prote\u00ednas recombinantes y plataformas diagn\u00f3sticas. La agenda incluye encuentros estrat\u00e9gicos [&hellip;]<\/p>\n","protected":false},"featured_media":7644,"template":"","meta":{"_acf_changed":false},"country":[939],"product_brand":[],"product_cat":[1027,1026,893],"product_tag":[924],"class_list":{"0":"post-6914","1":"product","2":"type-product","3":"status-publish","4":"has-post-thumbnail","6":"country-japon","7":"product_cat-desarrollo-de-medicamentos","8":"product_cat-farmaceutica-y-biociencias","9":"product_cat-misiones-comerciales","10":"product_tag-misiones-comerciales","12":"first","13":"instock","14":"virtual","15":"product-type-simple"},"acf":[],"_links":{"self":[{"href":"https:\/\/dcobys.com\/es\/wp-json\/wp\/v2\/product\/6914","targetHints":{"allow":["GET"]}}],"collection":[{"href":"https:\/\/dcobys.com\/es\/wp-json\/wp\/v2\/product"}],"about":[{"href":"https:\/\/dcobys.com\/es\/wp-json\/wp\/v2\/types\/product"}],"version-history":[{"count":0,"href":"https:\/\/dcobys.com\/es\/wp-json\/wp\/v2\/product\/6914\/revisions"}],"wp:featuredmedia":[{"embeddable":true,"href":"https:\/\/dcobys.com\/es\/wp-json\/wp\/v2\/media\/7644"}],"wp:attachment":[{"href":"https:\/\/dcobys.com\/es\/wp-json\/wp\/v2\/media?parent=6914"}],"wp:term":[{"taxonomy":"country","embeddable":true,"href":"https:\/\/dcobys.com\/es\/wp-json\/wp\/v2\/country?post=6914"},{"taxonomy":"product_brand","embeddable":true,"href":"https:\/\/dcobys.com\/es\/wp-json\/wp\/v2\/product_brand?post=6914"},{"taxonomy":"product_cat","embeddable":true,"href":"https:\/\/dcobys.com\/es\/wp-json\/wp\/v2\/product_cat?post=6914"},{"taxonomy":"product_tag","embeddable":true,"href":"https:\/\/dcobys.com\/es\/wp-json\/wp\/v2\/product_tag?post=6914"}],"curies":[{"name":"wp","href":"https:\/\/api.w.org\/{rel}","templated":true}]}}