{"id":6912,"date":"2025-12-15T13:02:51","date_gmt":"2025-12-15T18:02:51","guid":{"rendered":"https:\/\/dcobys.com\/services\/uncategorized\/drug-development-germany-2\/"},"modified":"2026-01-30T21:36:06","modified_gmt":"2026-01-31T02:36:06","slug":"drug-development-germany-2","status":"publish","type":"product","link":"https:\/\/dcobys.com\/es\/services\/misiones-comerciales\/farmaceutica-y-biociencias\/desarrollo-de-medicamentos\/drug-development-germany-2\/","title":{"rendered":"Desarrollo de medicamentos &#8211; Alemania"},"content":{"rendered":"<p>La Misi\u00f3n Comercial en Alemania ofrece acceso estrat\u00e9gico a M\u00fanich, un polo biotecnol\u00f3gico enfocado en desarrollo de medicamentos, bioprocesos y tecnolog\u00edas farmac\u00e9uticas avanzadas. Durante la misi\u00f3n, los asistentes conectan con laboratorios, clusters, universidades y firmas biofarma que lideran la cooperaci\u00f3n cient\u00edfica europea. La experiencia se articula con ferias que re\u00fanen a ejecutivos de investigaci\u00f3n, manufactura y licensing global. Fuentes: CPhI Europe; Bio-Europe Partnering Events.<\/p>\n","protected":false},"excerpt":{"rendered":"<p>La Misi\u00f3n Comercial en Alemania ofrece acceso estrat\u00e9gico a M\u00fanich, un polo biotecnol\u00f3gico enfocado en desarrollo de medicamentos, bioprocesos y tecnolog\u00edas farmac\u00e9uticas avanzadas. Durante la misi\u00f3n, los asistentes conectan con laboratorios, clusters, universidades y firmas biofarma que lideran la cooperaci\u00f3n cient\u00edfica europea. La experiencia se articula con ferias que re\u00fanen a ejecutivos de investigaci\u00f3n, manufactura [&hellip;]<\/p>\n","protected":false},"featured_media":7644,"template":"","meta":{"_acf_changed":false},"country":[934],"product_brand":[],"product_cat":[1027,1026,893],"product_tag":[924],"class_list":{"0":"post-6912","1":"product","2":"type-product","3":"status-publish","4":"has-post-thumbnail","6":"country-alemania","7":"product_cat-desarrollo-de-medicamentos","8":"product_cat-farmaceutica-y-biociencias","9":"product_cat-misiones-comerciales","10":"product_tag-misiones-comerciales","12":"first","13":"instock","14":"virtual","15":"product-type-simple"},"acf":[],"_links":{"self":[{"href":"https:\/\/dcobys.com\/es\/wp-json\/wp\/v2\/product\/6912","targetHints":{"allow":["GET"]}}],"collection":[{"href":"https:\/\/dcobys.com\/es\/wp-json\/wp\/v2\/product"}],"about":[{"href":"https:\/\/dcobys.com\/es\/wp-json\/wp\/v2\/types\/product"}],"version-history":[{"count":0,"href":"https:\/\/dcobys.com\/es\/wp-json\/wp\/v2\/product\/6912\/revisions"}],"wp:featuredmedia":[{"embeddable":true,"href":"https:\/\/dcobys.com\/es\/wp-json\/wp\/v2\/media\/7644"}],"wp:attachment":[{"href":"https:\/\/dcobys.com\/es\/wp-json\/wp\/v2\/media?parent=6912"}],"wp:term":[{"taxonomy":"country","embeddable":true,"href":"https:\/\/dcobys.com\/es\/wp-json\/wp\/v2\/country?post=6912"},{"taxonomy":"product_brand","embeddable":true,"href":"https:\/\/dcobys.com\/es\/wp-json\/wp\/v2\/product_brand?post=6912"},{"taxonomy":"product_cat","embeddable":true,"href":"https:\/\/dcobys.com\/es\/wp-json\/wp\/v2\/product_cat?post=6912"},{"taxonomy":"product_tag","embeddable":true,"href":"https:\/\/dcobys.com\/es\/wp-json\/wp\/v2\/product_tag?post=6912"}],"curies":[{"name":"wp","href":"https:\/\/api.w.org\/{rel}","templated":true}]}}