{"id":6908,"date":"2025-12-15T13:02:51","date_gmt":"2025-12-15T18:02:51","guid":{"rendered":"https:\/\/dcobys.com\/services\/uncategorized\/drug-development-usa-2\/"},"modified":"2026-01-30T21:36:06","modified_gmt":"2026-01-31T02:36:06","slug":"drug-development-usa-2","status":"publish","type":"product","link":"https:\/\/dcobys.com\/es\/services\/misiones-comerciales\/farmaceutica-y-biociencias\/desarrollo-de-medicamentos\/drug-development-usa-2\/","title":{"rendered":"Desarrollo de medicamentos &#8211; EE. UU."},"content":{"rendered":"<p>La Misi\u00f3n Comercial en EE. UU. facilita el acceso directo al ecosistema l\u00edder en desarrollo de medicamentos en Boston, epicentro global de biociencias, biotecnolog\u00eda y venture capital especializado. La agenda integra visitas a clusters como Kendall Square, hubs farmac\u00e9uticos y laboratorios donde se aceleran terapias avanzadas y pipelines cl\u00ednicos. Los participantes podr\u00e1n generar alianzas con corporaciones, startups y centros de investigaci\u00f3n que impulsan innovaci\u00f3n en f\u00e1rmacos, biol\u00f3gicos y plataformas multi\u00f3micas. La misi\u00f3n coincide con eventos que concentran a la mayor comunidad de I+D farmac\u00e9utica del mundo. Fuentes: BIO International Convention; JP Morgan Health Care Conference.<\/p>\n","protected":false},"excerpt":{"rendered":"<p>La Misi\u00f3n Comercial en EE. UU. facilita el acceso directo al ecosistema l\u00edder en desarrollo de medicamentos en Boston, epicentro global de biociencias, biotecnolog\u00eda y venture capital especializado. La agenda integra visitas a clusters como Kendall Square, hubs farmac\u00e9uticos y laboratorios donde se aceleran terapias avanzadas y pipelines cl\u00ednicos. Los participantes podr\u00e1n generar alianzas con [&hellip;]<\/p>\n","protected":false},"featured_media":7644,"template":"","meta":{"_acf_changed":false},"country":[954],"product_brand":[],"product_cat":[1027,1026,893],"product_tag":[924],"class_list":{"0":"post-6908","1":"product","2":"type-product","3":"status-publish","4":"has-post-thumbnail","6":"country-ee-uu","7":"product_cat-desarrollo-de-medicamentos","8":"product_cat-farmaceutica-y-biociencias","9":"product_cat-misiones-comerciales","10":"product_tag-misiones-comerciales","12":"first","13":"instock","14":"virtual","15":"product-type-simple"},"acf":[],"_links":{"self":[{"href":"https:\/\/dcobys.com\/es\/wp-json\/wp\/v2\/product\/6908","targetHints":{"allow":["GET"]}}],"collection":[{"href":"https:\/\/dcobys.com\/es\/wp-json\/wp\/v2\/product"}],"about":[{"href":"https:\/\/dcobys.com\/es\/wp-json\/wp\/v2\/types\/product"}],"version-history":[{"count":0,"href":"https:\/\/dcobys.com\/es\/wp-json\/wp\/v2\/product\/6908\/revisions"}],"wp:featuredmedia":[{"embeddable":true,"href":"https:\/\/dcobys.com\/es\/wp-json\/wp\/v2\/media\/7644"}],"wp:attachment":[{"href":"https:\/\/dcobys.com\/es\/wp-json\/wp\/v2\/media?parent=6908"}],"wp:term":[{"taxonomy":"country","embeddable":true,"href":"https:\/\/dcobys.com\/es\/wp-json\/wp\/v2\/country?post=6908"},{"taxonomy":"product_brand","embeddable":true,"href":"https:\/\/dcobys.com\/es\/wp-json\/wp\/v2\/product_brand?post=6908"},{"taxonomy":"product_cat","embeddable":true,"href":"https:\/\/dcobys.com\/es\/wp-json\/wp\/v2\/product_cat?post=6908"},{"taxonomy":"product_tag","embeddable":true,"href":"https:\/\/dcobys.com\/es\/wp-json\/wp\/v2\/product_tag?post=6908"}],"curies":[{"name":"wp","href":"https:\/\/api.w.org\/{rel}","templated":true}]}}