{"id":6906,"date":"2025-12-15T13:02:51","date_gmt":"2025-12-15T18:02:51","guid":{"rendered":"https:\/\/dcobys.com\/services\/uncategorized\/investment-platforms-canada-2\/"},"modified":"2026-01-30T21:36:06","modified_gmt":"2026-01-31T02:36:06","slug":"investment-platforms-canada-2","status":"publish","type":"product","link":"https:\/\/dcobys.com\/es\/services\/misiones-comerciales\/servicios-financieros-fintech\/plataformas-de-inversion\/investment-platforms-canada-2\/","title":{"rendered":"Plataformas de inversi\u00f3n &#8211; Canad\u00e1"},"content":{"rendered":"<p>La Misi\u00f3n Comercial en Canad\u00e1 permite acceder al ecosistema wealthtech m\u00e1s s\u00f3lido del pa\u00eds, con Toronto como centro financiero donde convergen bancos, gestoras y plataformas tecnol\u00f3gicas. Los Canadian Wealth-Tech Events ofrecen oportunidades para explorar soluciones de portafolios digitales, anal\u00edtica avanzada y trading inteligente. La misi\u00f3n promueve reuniones con actores institucionales y hubs de innovaci\u00f3n que impulsan la transformaci\u00f3n del sector financiero norteamericano. Este entorno es ideal para alianzas tecnol\u00f3gicas, validaci\u00f3n regulatoria y expansi\u00f3n estrat\u00e9gica.<br \/>\nFuentes: Canadian FinTech &#038; AI Summit; Toronto Finance International; WealthTech Canada.<\/p>\n","protected":false},"excerpt":{"rendered":"<p>La Misi\u00f3n Comercial en Canad\u00e1 permite acceder al ecosistema wealthtech m\u00e1s s\u00f3lido del pa\u00eds, con Toronto como centro financiero donde convergen bancos, gestoras y plataformas tecnol\u00f3gicas. Los Canadian Wealth-Tech Events ofrecen oportunidades para explorar soluciones de portafolios digitales, anal\u00edtica avanzada y trading inteligente. La misi\u00f3n promueve reuniones con actores institucionales y hubs de innovaci\u00f3n que [&hellip;]<\/p>\n","protected":false},"featured_media":8876,"template":"","meta":{"_acf_changed":false},"country":[926],"product_brand":[],"product_cat":[893,1000,995],"product_tag":[924],"class_list":{"0":"post-6906","1":"product","2":"type-product","3":"status-publish","4":"has-post-thumbnail","6":"country-canada","7":"product_cat-misiones-comerciales","8":"product_cat-plataformas-de-inversion","9":"product_cat-servicios-financieros-fintech","10":"product_tag-misiones-comerciales","12":"first","13":"instock","14":"virtual","15":"product-type-simple"},"acf":[],"_links":{"self":[{"href":"https:\/\/dcobys.com\/es\/wp-json\/wp\/v2\/product\/6906","targetHints":{"allow":["GET"]}}],"collection":[{"href":"https:\/\/dcobys.com\/es\/wp-json\/wp\/v2\/product"}],"about":[{"href":"https:\/\/dcobys.com\/es\/wp-json\/wp\/v2\/types\/product"}],"version-history":[{"count":0,"href":"https:\/\/dcobys.com\/es\/wp-json\/wp\/v2\/product\/6906\/revisions"}],"wp:featuredmedia":[{"embeddable":true,"href":"https:\/\/dcobys.com\/es\/wp-json\/wp\/v2\/media\/8876"}],"wp:attachment":[{"href":"https:\/\/dcobys.com\/es\/wp-json\/wp\/v2\/media?parent=6906"}],"wp:term":[{"taxonomy":"country","embeddable":true,"href":"https:\/\/dcobys.com\/es\/wp-json\/wp\/v2\/country?post=6906"},{"taxonomy":"product_brand","embeddable":true,"href":"https:\/\/dcobys.com\/es\/wp-json\/wp\/v2\/product_brand?post=6906"},{"taxonomy":"product_cat","embeddable":true,"href":"https:\/\/dcobys.com\/es\/wp-json\/wp\/v2\/product_cat?post=6906"},{"taxonomy":"product_tag","embeddable":true,"href":"https:\/\/dcobys.com\/es\/wp-json\/wp\/v2\/product_tag?post=6906"}],"curies":[{"name":"wp","href":"https:\/\/api.w.org\/{rel}","templated":true}]}}