{"id":6904,"date":"2025-12-15T13:02:51","date_gmt":"2025-12-15T18:02:51","guid":{"rendered":"https:\/\/dcobys.com\/services\/uncategorized\/investment-platforms-brazil-2\/"},"modified":"2026-01-30T21:36:06","modified_gmt":"2026-01-31T02:36:06","slug":"investment-platforms-brazil-2","status":"publish","type":"product","link":"https:\/\/dcobys.com\/es\/services\/misiones-comerciales\/servicios-financieros-fintech\/plataformas-de-inversion\/investment-platforms-brazil-2\/","title":{"rendered":"Plataformas de inversi\u00f3n &#8211; Brasil"},"content":{"rendered":"<p>La Misi\u00f3n Comercial en Brasil abre oportunidades en el principal mercado fintech de Am\u00e9rica Latina, donde las plataformas de inversi\u00f3n crecen a partir de digitalizaci\u00f3n masiva. S\u00e3o Paulo es sede de Investment &#038; FinTech Conferences, que re\u00fanen a fondos, brokers digitales, bancos y desarrolladores de tecnolog\u00edas para inversi\u00f3n. La misi\u00f3n potencia la conexi\u00f3n con instituciones que lideran la innovaci\u00f3n financiera y ofrecen entornos aptos para pilotos con grandes vol\u00famenes de usuarios. El mercado destaca por su tama\u00f1o, sofisticaci\u00f3n y apertura a alianzas internacionales.<br \/>\nFuentes: Brazil Fintech Forum; CVM Brasil; Investor Conferences SP.<\/p>\n","protected":false},"excerpt":{"rendered":"<p>La Misi\u00f3n Comercial en Brasil abre oportunidades en el principal mercado fintech de Am\u00e9rica Latina, donde las plataformas de inversi\u00f3n crecen a partir de digitalizaci\u00f3n masiva. S\u00e3o Paulo es sede de Investment &#038; FinTech Conferences, que re\u00fanen a fondos, brokers digitales, bancos y desarrolladores de tecnolog\u00edas para inversi\u00f3n. La misi\u00f3n potencia la conexi\u00f3n con instituciones [&hellip;]<\/p>\n","protected":false},"featured_media":8874,"template":"","meta":{"_acf_changed":false},"country":[925],"product_brand":[],"product_cat":[893,1000,995],"product_tag":[924],"class_list":{"0":"post-6904","1":"product","2":"type-product","3":"status-publish","4":"has-post-thumbnail","6":"country-brasil","7":"product_cat-misiones-comerciales","8":"product_cat-plataformas-de-inversion","9":"product_cat-servicios-financieros-fintech","10":"product_tag-misiones-comerciales","12":"first","13":"instock","14":"virtual","15":"product-type-simple"},"acf":[],"_links":{"self":[{"href":"https:\/\/dcobys.com\/es\/wp-json\/wp\/v2\/product\/6904","targetHints":{"allow":["GET"]}}],"collection":[{"href":"https:\/\/dcobys.com\/es\/wp-json\/wp\/v2\/product"}],"about":[{"href":"https:\/\/dcobys.com\/es\/wp-json\/wp\/v2\/types\/product"}],"version-history":[{"count":0,"href":"https:\/\/dcobys.com\/es\/wp-json\/wp\/v2\/product\/6904\/revisions"}],"wp:featuredmedia":[{"embeddable":true,"href":"https:\/\/dcobys.com\/es\/wp-json\/wp\/v2\/media\/8874"}],"wp:attachment":[{"href":"https:\/\/dcobys.com\/es\/wp-json\/wp\/v2\/media?parent=6904"}],"wp:term":[{"taxonomy":"country","embeddable":true,"href":"https:\/\/dcobys.com\/es\/wp-json\/wp\/v2\/country?post=6904"},{"taxonomy":"product_brand","embeddable":true,"href":"https:\/\/dcobys.com\/es\/wp-json\/wp\/v2\/product_brand?post=6904"},{"taxonomy":"product_cat","embeddable":true,"href":"https:\/\/dcobys.com\/es\/wp-json\/wp\/v2\/product_cat?post=6904"},{"taxonomy":"product_tag","embeddable":true,"href":"https:\/\/dcobys.com\/es\/wp-json\/wp\/v2\/product_tag?post=6904"}],"curies":[{"name":"wp","href":"https:\/\/api.w.org\/{rel}","templated":true}]}}