{"id":6900,"date":"2025-12-15T13:02:51","date_gmt":"2025-12-15T18:02:51","guid":{"rendered":"https:\/\/dcobys.com\/services\/uncategorized\/investment-platforms-mexico-2\/"},"modified":"2026-01-30T21:36:06","modified_gmt":"2026-01-31T02:36:06","slug":"investment-platforms-mexico-2","status":"publish","type":"product","link":"https:\/\/dcobys.com\/es\/services\/misiones-comerciales\/servicios-financieros-fintech\/plataformas-de-inversion\/investment-platforms-mexico-2\/","title":{"rendered":"Plataformas de inversi\u00f3n &#8211; M\u00e9xico"},"content":{"rendered":"<p>La Misi\u00f3n Comercial en M\u00e9xico ofrece acceso a un mercado en r\u00e1pida expansi\u00f3n para plataformas de inversi\u00f3n y wealthtech, con crecimiento notable en digitalizaci\u00f3n financiera. La agenda incluye Wealth &#038; Investment Conferences y espacios regionales donde se analizan robo-advisors, productos de inversi\u00f3n accesibles y herramientas de trading. Ciudad de M\u00e9xico concentra fintechs, instituciones financieras y hubs de innovaci\u00f3n interesados en soluciones de gesti\u00f3n patrimonial digital. La misi\u00f3n facilita exploraci\u00f3n de alianzas, validaci\u00f3n tecnol\u00f3gica y oportunidades de entrada al mercado latinoamericano.<br \/>\nFuentes: Finnovista; AMFE; Wealth &#038; Investment Conferences.<\/p>\n","protected":false},"excerpt":{"rendered":"<p>La Misi\u00f3n Comercial en M\u00e9xico ofrece acceso a un mercado en r\u00e1pida expansi\u00f3n para plataformas de inversi\u00f3n y wealthtech, con crecimiento notable en digitalizaci\u00f3n financiera. La agenda incluye Wealth &#038; Investment Conferences y espacios regionales donde se analizan robo-advisors, productos de inversi\u00f3n accesibles y herramientas de trading. Ciudad de M\u00e9xico concentra fintechs, instituciones financieras y [&hellip;]<\/p>\n","protected":false},"featured_media":8870,"template":"","meta":{"_acf_changed":false},"country":[941],"product_brand":[],"product_cat":[893,1000,995],"product_tag":[924],"class_list":{"0":"post-6900","1":"product","2":"type-product","3":"status-publish","4":"has-post-thumbnail","6":"country-mexico","7":"product_cat-misiones-comerciales","8":"product_cat-plataformas-de-inversion","9":"product_cat-servicios-financieros-fintech","10":"product_tag-misiones-comerciales","12":"first","13":"instock","14":"virtual","15":"product-type-simple"},"acf":[],"_links":{"self":[{"href":"https:\/\/dcobys.com\/es\/wp-json\/wp\/v2\/product\/6900","targetHints":{"allow":["GET"]}}],"collection":[{"href":"https:\/\/dcobys.com\/es\/wp-json\/wp\/v2\/product"}],"about":[{"href":"https:\/\/dcobys.com\/es\/wp-json\/wp\/v2\/types\/product"}],"version-history":[{"count":0,"href":"https:\/\/dcobys.com\/es\/wp-json\/wp\/v2\/product\/6900\/revisions"}],"wp:featuredmedia":[{"embeddable":true,"href":"https:\/\/dcobys.com\/es\/wp-json\/wp\/v2\/media\/8870"}],"wp:attachment":[{"href":"https:\/\/dcobys.com\/es\/wp-json\/wp\/v2\/media?parent=6900"}],"wp:term":[{"taxonomy":"country","embeddable":true,"href":"https:\/\/dcobys.com\/es\/wp-json\/wp\/v2\/country?post=6900"},{"taxonomy":"product_brand","embeddable":true,"href":"https:\/\/dcobys.com\/es\/wp-json\/wp\/v2\/product_brand?post=6900"},{"taxonomy":"product_cat","embeddable":true,"href":"https:\/\/dcobys.com\/es\/wp-json\/wp\/v2\/product_cat?post=6900"},{"taxonomy":"product_tag","embeddable":true,"href":"https:\/\/dcobys.com\/es\/wp-json\/wp\/v2\/product_tag?post=6900"}],"curies":[{"name":"wp","href":"https:\/\/api.w.org\/{rel}","templated":true}]}}