{"id":6896,"date":"2025-12-15T13:02:51","date_gmt":"2025-12-15T18:02:51","guid":{"rendered":"https:\/\/dcobys.com\/services\/uncategorized\/investment-platforms-uk-2\/"},"modified":"2026-01-30T21:36:06","modified_gmt":"2026-01-31T02:36:06","slug":"investment-platforms-uk-2","status":"publish","type":"product","link":"https:\/\/dcobys.com\/es\/services\/misiones-comerciales\/servicios-financieros-fintech\/plataformas-de-inversion\/investment-platforms-uk-2\/","title":{"rendered":"Plataformas de inversi\u00f3n &#8211; Reino Unido"},"content":{"rendered":"<p>La Misi\u00f3n Comercial en Reino Unido permite a las empresas integrarse al ecosistema de inversi\u00f3n digital m\u00e1s desarrollado de Europa, con Londres como hub l\u00edder en open banking, wealthtech y gesti\u00f3n automatizada de portafolios. La participaci\u00f3n en InvestTech y London FinTech Week ofrece acceso directo a fondos, neobrokers y plataformas institucionales que redefinen el comportamiento del inversor digital. La misi\u00f3n facilita reuniones con actores clave del sector financiero regulado y startups que impulsan nuevas capacidades de trading algor\u00edtmico y tokenizaci\u00f3n de activos. El entorno es ideal para escalamiento europeo y alianzas regulatorias.<br \/>\nFuentes: Innovate Finance; London FinTech Week; Financial Conduct Authority (FCA).<\/p>\n","protected":false},"excerpt":{"rendered":"<p>La Misi\u00f3n Comercial en Reino Unido permite a las empresas integrarse al ecosistema de inversi\u00f3n digital m\u00e1s desarrollado de Europa, con Londres como hub l\u00edder en open banking, wealthtech y gesti\u00f3n automatizada de portafolios. La participaci\u00f3n en InvestTech y London FinTech Week ofrece acceso directo a fondos, neobrokers y plataformas institucionales que redefinen el comportamiento [&hellip;]<\/p>\n","protected":false},"featured_media":8868,"template":"","meta":{"_acf_changed":false},"country":[955],"product_brand":[],"product_cat":[893,1000,995],"product_tag":[924],"class_list":{"0":"post-6896","1":"product","2":"type-product","3":"status-publish","4":"has-post-thumbnail","6":"country-reino-unido","7":"product_cat-misiones-comerciales","8":"product_cat-plataformas-de-inversion","9":"product_cat-servicios-financieros-fintech","10":"product_tag-misiones-comerciales","12":"first","13":"instock","14":"virtual","15":"product-type-simple"},"acf":[],"_links":{"self":[{"href":"https:\/\/dcobys.com\/es\/wp-json\/wp\/v2\/product\/6896","targetHints":{"allow":["GET"]}}],"collection":[{"href":"https:\/\/dcobys.com\/es\/wp-json\/wp\/v2\/product"}],"about":[{"href":"https:\/\/dcobys.com\/es\/wp-json\/wp\/v2\/types\/product"}],"version-history":[{"count":0,"href":"https:\/\/dcobys.com\/es\/wp-json\/wp\/v2\/product\/6896\/revisions"}],"wp:featuredmedia":[{"embeddable":true,"href":"https:\/\/dcobys.com\/es\/wp-json\/wp\/v2\/media\/8868"}],"wp:attachment":[{"href":"https:\/\/dcobys.com\/es\/wp-json\/wp\/v2\/media?parent=6896"}],"wp:term":[{"taxonomy":"country","embeddable":true,"href":"https:\/\/dcobys.com\/es\/wp-json\/wp\/v2\/country?post=6896"},{"taxonomy":"product_brand","embeddable":true,"href":"https:\/\/dcobys.com\/es\/wp-json\/wp\/v2\/product_brand?post=6896"},{"taxonomy":"product_cat","embeddable":true,"href":"https:\/\/dcobys.com\/es\/wp-json\/wp\/v2\/product_cat?post=6896"},{"taxonomy":"product_tag","embeddable":true,"href":"https:\/\/dcobys.com\/es\/wp-json\/wp\/v2\/product_tag?post=6896"}],"curies":[{"name":"wp","href":"https:\/\/api.w.org\/{rel}","templated":true}]}}