{"id":6894,"date":"2025-12-15T13:02:51","date_gmt":"2025-12-15T18:02:51","guid":{"rendered":"https:\/\/dcobys.com\/services\/uncategorized\/investment-platforms-usa-2\/"},"modified":"2026-01-30T21:36:05","modified_gmt":"2026-01-31T02:36:05","slug":"investment-platforms-usa-2","status":"publish","type":"product","link":"https:\/\/dcobys.com\/es\/services\/misiones-comerciales\/servicios-financieros-fintech\/plataformas-de-inversion\/investment-platforms-usa-2\/","title":{"rendered":"Plataformas de inversi\u00f3n &#8211; EE. UU."},"content":{"rendered":"<p>La Misi\u00f3n Comercial en Estados Unidos ofrece una inmersi\u00f3n en Nueva York, capital global de wealthtech y gesti\u00f3n de inversiones, donde se presentan innovaciones en trading digital, robo-advisors y algoritmos de inversi\u00f3n. La agenda incluye acceso a Money20\/20, Finovate y cumbres especializadas en ETF y wealth-management que re\u00fanen a bancos, fondos, plataformas tecnol\u00f3gicas y aceleradoras del sector. Este entorno facilita reuniones con grandes actores institucionales y empresas de anal\u00edtica que lideran la automatizaci\u00f3n financiera. La misi\u00f3n brinda oportunidades de alianzas, validaci\u00f3n tecnol\u00f3gica y entrada al mercado m\u00e1s competitivo del mundo.<br \/>\nFuentes: Money20\/20; Finovate; CFA Institute.<\/p>\n","protected":false},"excerpt":{"rendered":"<p>La Misi\u00f3n Comercial en Estados Unidos ofrece una inmersi\u00f3n en Nueva York, capital global de wealthtech y gesti\u00f3n de inversiones, donde se presentan innovaciones en trading digital, robo-advisors y algoritmos de inversi\u00f3n. La agenda incluye acceso a Money20\/20, Finovate y cumbres especializadas en ETF y wealth-management que re\u00fanen a bancos, fondos, plataformas tecnol\u00f3gicas y aceleradoras [&hellip;]<\/p>\n","protected":false},"featured_media":8866,"template":"","meta":{"_acf_changed":false},"country":[954],"product_brand":[],"product_cat":[893,1000,995],"product_tag":[924],"class_list":{"0":"post-6894","1":"product","2":"type-product","3":"status-publish","4":"has-post-thumbnail","6":"country-ee-uu","7":"product_cat-misiones-comerciales","8":"product_cat-plataformas-de-inversion","9":"product_cat-servicios-financieros-fintech","10":"product_tag-misiones-comerciales","12":"first","13":"instock","14":"virtual","15":"product-type-simple"},"acf":[],"_links":{"self":[{"href":"https:\/\/dcobys.com\/es\/wp-json\/wp\/v2\/product\/6894","targetHints":{"allow":["GET"]}}],"collection":[{"href":"https:\/\/dcobys.com\/es\/wp-json\/wp\/v2\/product"}],"about":[{"href":"https:\/\/dcobys.com\/es\/wp-json\/wp\/v2\/types\/product"}],"version-history":[{"count":0,"href":"https:\/\/dcobys.com\/es\/wp-json\/wp\/v2\/product\/6894\/revisions"}],"wp:featuredmedia":[{"embeddable":true,"href":"https:\/\/dcobys.com\/es\/wp-json\/wp\/v2\/media\/8866"}],"wp:attachment":[{"href":"https:\/\/dcobys.com\/es\/wp-json\/wp\/v2\/media?parent=6894"}],"wp:term":[{"taxonomy":"country","embeddable":true,"href":"https:\/\/dcobys.com\/es\/wp-json\/wp\/v2\/country?post=6894"},{"taxonomy":"product_brand","embeddable":true,"href":"https:\/\/dcobys.com\/es\/wp-json\/wp\/v2\/product_brand?post=6894"},{"taxonomy":"product_cat","embeddable":true,"href":"https:\/\/dcobys.com\/es\/wp-json\/wp\/v2\/product_cat?post=6894"},{"taxonomy":"product_tag","embeddable":true,"href":"https:\/\/dcobys.com\/es\/wp-json\/wp\/v2\/product_tag?post=6894"}],"curies":[{"name":"wp","href":"https:\/\/api.w.org\/{rel}","templated":true}]}}