{"id":6892,"date":"2025-12-15T13:02:51","date_gmt":"2025-12-15T18:02:51","guid":{"rendered":"https:\/\/dcobys.com\/services\/uncategorized\/insurtech-canada-2\/"},"modified":"2026-01-30T21:36:05","modified_gmt":"2026-01-31T02:36:05","slug":"insurtech-canada-2","status":"publish","type":"product","link":"https:\/\/dcobys.com\/es\/services\/misiones-comerciales\/servicios-financieros-fintech\/insurtech\/insurtech-canada-2\/","title":{"rendered":"Insurtech &#8211; Canad\u00e1"},"content":{"rendered":"<p>La Misi\u00f3n Comercial en Canad\u00e1 facilita el acceso a uno de los ecosistemas aseguradores m\u00e1s innovadores de Norteam\u00e9rica, reconocido por su adopci\u00f3n temprana de anal\u00edtica, telem\u00e1tica y seguros digitales. Montreal es sede de Canadian Insurance Tech Events, donde convergen aseguradoras, brokers tecnol\u00f3gicos y empresas que desarrollan soluciones de IA para predicci\u00f3n de riesgo. La misi\u00f3n proporciona espacios de networking con hubs de innovaci\u00f3n, universidades l\u00edderes y actores que impulsan la digitalizaci\u00f3n del sector. Este mercado destaca por su apertura a colaboraciones internacionales y pilotos tecnol\u00f3gicos regulatorios.<br \/>\nFuentes: Canadian InsurTech Summit; La Chambre de l\u2019Assurance de Dommages; Finance Montreal.<\/p>\n","protected":false},"excerpt":{"rendered":"<p>La Misi\u00f3n Comercial en Canad\u00e1 facilita el acceso a uno de los ecosistemas aseguradores m\u00e1s innovadores de Norteam\u00e9rica, reconocido por su adopci\u00f3n temprana de anal\u00edtica, telem\u00e1tica y seguros digitales. Montreal es sede de Canadian Insurance Tech Events, donde convergen aseguradoras, brokers tecnol\u00f3gicos y empresas que desarrollan soluciones de IA para predicci\u00f3n de riesgo. La misi\u00f3n [&hellip;]<\/p>\n","protected":false},"featured_media":8855,"template":"","meta":{"_acf_changed":false},"country":[926],"product_brand":[],"product_cat":[999,893,995],"product_tag":[924],"class_list":{"0":"post-6892","1":"product","2":"type-product","3":"status-publish","4":"has-post-thumbnail","6":"country-canada","7":"product_cat-insurtech","8":"product_cat-misiones-comerciales","9":"product_cat-servicios-financieros-fintech","10":"product_tag-misiones-comerciales","12":"first","13":"instock","14":"virtual","15":"product-type-simple"},"acf":[],"_links":{"self":[{"href":"https:\/\/dcobys.com\/es\/wp-json\/wp\/v2\/product\/6892","targetHints":{"allow":["GET"]}}],"collection":[{"href":"https:\/\/dcobys.com\/es\/wp-json\/wp\/v2\/product"}],"about":[{"href":"https:\/\/dcobys.com\/es\/wp-json\/wp\/v2\/types\/product"}],"version-history":[{"count":0,"href":"https:\/\/dcobys.com\/es\/wp-json\/wp\/v2\/product\/6892\/revisions"}],"wp:featuredmedia":[{"embeddable":true,"href":"https:\/\/dcobys.com\/es\/wp-json\/wp\/v2\/media\/8855"}],"wp:attachment":[{"href":"https:\/\/dcobys.com\/es\/wp-json\/wp\/v2\/media?parent=6892"}],"wp:term":[{"taxonomy":"country","embeddable":true,"href":"https:\/\/dcobys.com\/es\/wp-json\/wp\/v2\/country?post=6892"},{"taxonomy":"product_brand","embeddable":true,"href":"https:\/\/dcobys.com\/es\/wp-json\/wp\/v2\/product_brand?post=6892"},{"taxonomy":"product_cat","embeddable":true,"href":"https:\/\/dcobys.com\/es\/wp-json\/wp\/v2\/product_cat?post=6892"},{"taxonomy":"product_tag","embeddable":true,"href":"https:\/\/dcobys.com\/es\/wp-json\/wp\/v2\/product_tag?post=6892"}],"curies":[{"name":"wp","href":"https:\/\/api.w.org\/{rel}","templated":true}]}}