{"id":6890,"date":"2025-12-15T13:02:51","date_gmt":"2025-12-15T18:02:51","guid":{"rendered":"https:\/\/dcobys.com\/services\/uncategorized\/insurtech-brazil-2\/"},"modified":"2026-01-30T21:36:05","modified_gmt":"2026-01-31T02:36:05","slug":"insurtech-brazil-2","status":"publish","type":"product","link":"https:\/\/dcobys.com\/es\/services\/misiones-comerciales\/servicios-financieros-fintech\/insurtech\/insurtech-brazil-2\/","title":{"rendered":"Insurtech &#8211; Brasil"},"content":{"rendered":"<p>La Misi\u00f3n Comercial en Brasil abre acceso al n\u00facleo insurtech m\u00e1s grande de Am\u00e9rica Latina, impulsado por la escala del mercado asegurador brasile\u00f1o y su r\u00e1pida adopci\u00f3n tecnol\u00f3gica. S\u00e3o Paulo concentra eventos como Insurtech Brazil y cumbres de innovaci\u00f3n donde se presentan soluciones de IA para underwriting, gesti\u00f3n de siniestros, prevenci\u00f3n de fraude y seguros embebidos. La misi\u00f3n conecta a las empresas con aseguradoras l\u00edderes, hubs de innovaci\u00f3n y reguladores que promueven modelos digitales. Este entorno ofrece oportunidades comerciales de gran tama\u00f1o y alianzas estrat\u00e9gicas para la expansi\u00f3n regional.<br \/>\nFuentes: Insurtech Brazil; Superintendencia de Seguros Privados (SUSEP); Distrito SP.<\/p>\n","protected":false},"excerpt":{"rendered":"<p>La Misi\u00f3n Comercial en Brasil abre acceso al n\u00facleo insurtech m\u00e1s grande de Am\u00e9rica Latina, impulsado por la escala del mercado asegurador brasile\u00f1o y su r\u00e1pida adopci\u00f3n tecnol\u00f3gica. S\u00e3o Paulo concentra eventos como Insurtech Brazil y cumbres de innovaci\u00f3n donde se presentan soluciones de IA para underwriting, gesti\u00f3n de siniestros, prevenci\u00f3n de fraude y seguros [&hellip;]<\/p>\n","protected":false},"featured_media":8853,"template":"","meta":{"_acf_changed":false},"country":[925],"product_brand":[],"product_cat":[999,893,995],"product_tag":[924],"class_list":{"0":"post-6890","1":"product","2":"type-product","3":"status-publish","4":"has-post-thumbnail","6":"country-brasil","7":"product_cat-insurtech","8":"product_cat-misiones-comerciales","9":"product_cat-servicios-financieros-fintech","10":"product_tag-misiones-comerciales","12":"first","13":"instock","14":"virtual","15":"product-type-simple"},"acf":[],"_links":{"self":[{"href":"https:\/\/dcobys.com\/es\/wp-json\/wp\/v2\/product\/6890","targetHints":{"allow":["GET"]}}],"collection":[{"href":"https:\/\/dcobys.com\/es\/wp-json\/wp\/v2\/product"}],"about":[{"href":"https:\/\/dcobys.com\/es\/wp-json\/wp\/v2\/types\/product"}],"version-history":[{"count":0,"href":"https:\/\/dcobys.com\/es\/wp-json\/wp\/v2\/product\/6890\/revisions"}],"wp:featuredmedia":[{"embeddable":true,"href":"https:\/\/dcobys.com\/es\/wp-json\/wp\/v2\/media\/8853"}],"wp:attachment":[{"href":"https:\/\/dcobys.com\/es\/wp-json\/wp\/v2\/media?parent=6890"}],"wp:term":[{"taxonomy":"country","embeddable":true,"href":"https:\/\/dcobys.com\/es\/wp-json\/wp\/v2\/country?post=6890"},{"taxonomy":"product_brand","embeddable":true,"href":"https:\/\/dcobys.com\/es\/wp-json\/wp\/v2\/product_brand?post=6890"},{"taxonomy":"product_cat","embeddable":true,"href":"https:\/\/dcobys.com\/es\/wp-json\/wp\/v2\/product_cat?post=6890"},{"taxonomy":"product_tag","embeddable":true,"href":"https:\/\/dcobys.com\/es\/wp-json\/wp\/v2\/product_tag?post=6890"}],"curies":[{"name":"wp","href":"https:\/\/api.w.org\/{rel}","templated":true}]}}