{"id":6888,"date":"2025-12-15T13:02:51","date_gmt":"2025-12-15T18:02:51","guid":{"rendered":"https:\/\/dcobys.com\/services\/uncategorized\/insurtech-colombia-2\/"},"modified":"2026-01-30T21:36:05","modified_gmt":"2026-01-31T02:36:05","slug":"insurtech-colombia-2","status":"publish","type":"product","link":"https:\/\/dcobys.com\/es\/services\/misiones-comerciales\/servicios-financieros-fintech\/insurtech\/insurtech-colombia-2\/","title":{"rendered":"Insurtech &#8211; Colombia"},"content":{"rendered":"<p>La Misi\u00f3n Comercial en Colombia permite a las empresas vincularse con el ecosistema asegurador m\u00e1s din\u00e1mico de la regi\u00f3n andina, impulsado por innovaci\u00f3n regulatoria y adopci\u00f3n acelerada de tecnolog\u00edas insurtech. La agenda contempla la participaci\u00f3n en Regional Insurtech Events, espacios donde convergen plataformas de riesgo, IA para siniestros y soluciones de seguros embebidos. Bogot\u00e1 destaca por su ecosistema de startups robusto y por ser sede de grandes compa\u00f1\u00edas aseguradoras con capacidad de integrar pilotos tecnol\u00f3gicos. La misi\u00f3n facilita contactos estrat\u00e9gicos, validaci\u00f3n de productos y oportunidades para entrar al mercado latinoamericano con alto potencial de escalamiento.<br \/>\nFuentes: Colombia FinTech; Fasecolda; Regional Insurtech Events.<\/p>\n","protected":false},"excerpt":{"rendered":"<p>La Misi\u00f3n Comercial en Colombia permite a las empresas vincularse con el ecosistema asegurador m\u00e1s din\u00e1mico de la regi\u00f3n andina, impulsado por innovaci\u00f3n regulatoria y adopci\u00f3n acelerada de tecnolog\u00edas insurtech. La agenda contempla la participaci\u00f3n en Regional Insurtech Events, espacios donde convergen plataformas de riesgo, IA para siniestros y soluciones de seguros embebidos. Bogot\u00e1 destaca [&hellip;]<\/p>\n","protected":false},"featured_media":8851,"template":"","meta":{"_acf_changed":false},"country":[929],"product_brand":[],"product_cat":[999,893,995],"product_tag":[924],"class_list":{"0":"post-6888","1":"product","2":"type-product","3":"status-publish","4":"has-post-thumbnail","6":"country-colombia","7":"product_cat-insurtech","8":"product_cat-misiones-comerciales","9":"product_cat-servicios-financieros-fintech","10":"product_tag-misiones-comerciales","12":"first","13":"instock","14":"virtual","15":"product-type-simple"},"acf":[],"_links":{"self":[{"href":"https:\/\/dcobys.com\/es\/wp-json\/wp\/v2\/product\/6888","targetHints":{"allow":["GET"]}}],"collection":[{"href":"https:\/\/dcobys.com\/es\/wp-json\/wp\/v2\/product"}],"about":[{"href":"https:\/\/dcobys.com\/es\/wp-json\/wp\/v2\/types\/product"}],"version-history":[{"count":0,"href":"https:\/\/dcobys.com\/es\/wp-json\/wp\/v2\/product\/6888\/revisions"}],"wp:featuredmedia":[{"embeddable":true,"href":"https:\/\/dcobys.com\/es\/wp-json\/wp\/v2\/media\/8851"}],"wp:attachment":[{"href":"https:\/\/dcobys.com\/es\/wp-json\/wp\/v2\/media?parent=6888"}],"wp:term":[{"taxonomy":"country","embeddable":true,"href":"https:\/\/dcobys.com\/es\/wp-json\/wp\/v2\/country?post=6888"},{"taxonomy":"product_brand","embeddable":true,"href":"https:\/\/dcobys.com\/es\/wp-json\/wp\/v2\/product_brand?post=6888"},{"taxonomy":"product_cat","embeddable":true,"href":"https:\/\/dcobys.com\/es\/wp-json\/wp\/v2\/product_cat?post=6888"},{"taxonomy":"product_tag","embeddable":true,"href":"https:\/\/dcobys.com\/es\/wp-json\/wp\/v2\/product_tag?post=6888"}],"curies":[{"name":"wp","href":"https:\/\/api.w.org\/{rel}","templated":true}]}}