{"id":6876,"date":"2025-12-15T13:02:43","date_gmt":"2025-12-15T18:02:43","guid":{"rendered":"https:\/\/dcobys.com\/services\/uncategorized\/neobanks-brazil-2\/"},"modified":"2026-01-30T21:36:05","modified_gmt":"2026-01-31T02:36:05","slug":"neobanks-brazil-2","status":"publish","type":"product","link":"https:\/\/dcobys.com\/es\/services\/misiones-comerciales\/servicios-financieros-fintech\/neobancos\/neobanks-brazil-2\/","title":{"rendered":"Neobancos &#8211; Brasil"},"content":{"rendered":"<p>La Misi\u00f3n Comercial en Brasil destacada en Neobancos proporciona a las empresas acceso a uno de los mercados fintech m\u00e1s grandes de Latinoam\u00e9rica, reconocido por su volumen transaccional y adopci\u00f3n digital. El objetivo es conectar a participantes con neobancos brasile\u00f1os, reguladores financieros y fondos de inversi\u00f3n fintech. En S\u00e3o Paulo, los asistentes participar\u00e1n en el Brazil Fintech Forum y en eventos Finnovation, donde se discuten las \u00faltimas tendencias en banca digital, open banking y modelos fintech. La misi\u00f3n tambi\u00e9n incluye reuniones con bancos digitales, aceleradoras y desarrolladores de APIs bancarias. Los asistentes podr\u00e1n evaluar estrategias para escalar su neobanco en Brasil, adaptarse a la regulaci\u00f3n local y optimizar la experiencia de usuario. Al finalizar, contar\u00e1n con un plan de acci\u00f3n para lanzar o escalar una instituci\u00f3n bancaria digital en Brasil.<br \/>\nFuentes: Brazil Fintech Forum; Finnovation Brasil.<\/p>\n","protected":false},"excerpt":{"rendered":"<p>La Misi\u00f3n Comercial en Brasil destacada en Neobancos proporciona a las empresas acceso a uno de los mercados fintech m\u00e1s grandes de Latinoam\u00e9rica, reconocido por su volumen transaccional y adopci\u00f3n digital. El objetivo es conectar a participantes con neobancos brasile\u00f1os, reguladores financieros y fondos de inversi\u00f3n fintech. En S\u00e3o Paulo, los asistentes participar\u00e1n en el [&hellip;]<\/p>\n","protected":false},"featured_media":8834,"template":"","meta":{"_acf_changed":false},"country":[925],"product_brand":[],"product_cat":[893,998,995],"product_tag":[924],"class_list":{"0":"post-6876","1":"product","2":"type-product","3":"status-publish","4":"has-post-thumbnail","6":"country-brasil","7":"product_cat-misiones-comerciales","8":"product_cat-neobancos","9":"product_cat-servicios-financieros-fintech","10":"product_tag-misiones-comerciales","12":"first","13":"instock","14":"virtual","15":"product-type-simple"},"acf":[],"_links":{"self":[{"href":"https:\/\/dcobys.com\/es\/wp-json\/wp\/v2\/product\/6876","targetHints":{"allow":["GET"]}}],"collection":[{"href":"https:\/\/dcobys.com\/es\/wp-json\/wp\/v2\/product"}],"about":[{"href":"https:\/\/dcobys.com\/es\/wp-json\/wp\/v2\/types\/product"}],"version-history":[{"count":0,"href":"https:\/\/dcobys.com\/es\/wp-json\/wp\/v2\/product\/6876\/revisions"}],"wp:featuredmedia":[{"embeddable":true,"href":"https:\/\/dcobys.com\/es\/wp-json\/wp\/v2\/media\/8834"}],"wp:attachment":[{"href":"https:\/\/dcobys.com\/es\/wp-json\/wp\/v2\/media?parent=6876"}],"wp:term":[{"taxonomy":"country","embeddable":true,"href":"https:\/\/dcobys.com\/es\/wp-json\/wp\/v2\/country?post=6876"},{"taxonomy":"product_brand","embeddable":true,"href":"https:\/\/dcobys.com\/es\/wp-json\/wp\/v2\/product_brand?post=6876"},{"taxonomy":"product_cat","embeddable":true,"href":"https:\/\/dcobys.com\/es\/wp-json\/wp\/v2\/product_cat?post=6876"},{"taxonomy":"product_tag","embeddable":true,"href":"https:\/\/dcobys.com\/es\/wp-json\/wp\/v2\/product_tag?post=6876"}],"curies":[{"name":"wp","href":"https:\/\/api.w.org\/{rel}","templated":true}]}}