{"id":6874,"date":"2025-12-15T13:02:43","date_gmt":"2025-12-15T18:02:43","guid":{"rendered":"https:\/\/dcobys.com\/services\/uncategorized\/neobanks-colombia-2\/"},"modified":"2026-01-30T21:36:05","modified_gmt":"2026-01-31T02:36:05","slug":"neobanks-colombia-2","status":"publish","type":"product","link":"https:\/\/dcobys.com\/es\/services\/misiones-comerciales\/servicios-financieros-fintech\/neobancos\/neobanks-colombia-2\/","title":{"rendered":"Neobancos &#8211; Colombia"},"content":{"rendered":"<p>La Misi\u00f3n Comercial en Colombia destacada en Neobancos conecta a las empresas con un mercado fintech emergente en Latinoam\u00e9rica, donde los bancos digitales est\u00e1n ganando terreno r\u00e1pidamente. El objetivo es facilitar alianzas con startups fintech locales, reguladores y entidades interesadas en la transformaci\u00f3n bancaria. En Bogot\u00e1, los participantes participar\u00e1n en eventos organizados por Finnovista y otros encuentros regionales de fintech. Se programar\u00e1n citas con fundadores de neobancos, proveedores de tecnolog\u00eda financiera y expertos regulatorios. Los asistentes podr\u00e1n estudiar c\u00f3mo dise\u00f1ar productos financieros para una poblaci\u00f3n joven y digital, escalar soluciones y cumplir las regulaciones locales. Al cerrar la misi\u00f3n, habr\u00e1n desarrollado una estrategia clara para ingresar al mercado colombiano de banca digital.<br \/>\nFuentes: Finnovista Colombia; Colombia FinTech Summit.<\/p>\n","protected":false},"excerpt":{"rendered":"<p>La Misi\u00f3n Comercial en Colombia destacada en Neobancos conecta a las empresas con un mercado fintech emergente en Latinoam\u00e9rica, donde los bancos digitales est\u00e1n ganando terreno r\u00e1pidamente. El objetivo es facilitar alianzas con startups fintech locales, reguladores y entidades interesadas en la transformaci\u00f3n bancaria. En Bogot\u00e1, los participantes participar\u00e1n en eventos organizados por Finnovista y [&hellip;]<\/p>\n","protected":false},"featured_media":8832,"template":"","meta":{"_acf_changed":false},"country":[929],"product_brand":[],"product_cat":[893,998,995],"product_tag":[924],"class_list":{"0":"post-6874","1":"product","2":"type-product","3":"status-publish","4":"has-post-thumbnail","6":"country-colombia","7":"product_cat-misiones-comerciales","8":"product_cat-neobancos","9":"product_cat-servicios-financieros-fintech","10":"product_tag-misiones-comerciales","12":"first","13":"instock","14":"virtual","15":"product-type-simple"},"acf":[],"_links":{"self":[{"href":"https:\/\/dcobys.com\/es\/wp-json\/wp\/v2\/product\/6874","targetHints":{"allow":["GET"]}}],"collection":[{"href":"https:\/\/dcobys.com\/es\/wp-json\/wp\/v2\/product"}],"about":[{"href":"https:\/\/dcobys.com\/es\/wp-json\/wp\/v2\/types\/product"}],"version-history":[{"count":0,"href":"https:\/\/dcobys.com\/es\/wp-json\/wp\/v2\/product\/6874\/revisions"}],"wp:featuredmedia":[{"embeddable":true,"href":"https:\/\/dcobys.com\/es\/wp-json\/wp\/v2\/media\/8832"}],"wp:attachment":[{"href":"https:\/\/dcobys.com\/es\/wp-json\/wp\/v2\/media?parent=6874"}],"wp:term":[{"taxonomy":"country","embeddable":true,"href":"https:\/\/dcobys.com\/es\/wp-json\/wp\/v2\/country?post=6874"},{"taxonomy":"product_brand","embeddable":true,"href":"https:\/\/dcobys.com\/es\/wp-json\/wp\/v2\/product_brand?post=6874"},{"taxonomy":"product_cat","embeddable":true,"href":"https:\/\/dcobys.com\/es\/wp-json\/wp\/v2\/product_cat?post=6874"},{"taxonomy":"product_tag","embeddable":true,"href":"https:\/\/dcobys.com\/es\/wp-json\/wp\/v2\/product_tag?post=6874"}],"curies":[{"name":"wp","href":"https:\/\/api.w.org\/{rel}","templated":true}]}}