{"id":6872,"date":"2025-12-15T13:02:43","date_gmt":"2025-12-15T18:02:43","guid":{"rendered":"https:\/\/dcobys.com\/services\/uncategorized\/neobanks-mexico-2\/"},"modified":"2026-01-30T21:36:05","modified_gmt":"2026-01-31T02:36:05","slug":"neobanks-mexico-2","status":"publish","type":"product","link":"https:\/\/dcobys.com\/es\/services\/misiones-comerciales\/servicios-financieros-fintech\/neobancos\/neobanks-mexico-2\/","title":{"rendered":"Neobancos &#8211; M\u00e9xico"},"content":{"rendered":"<p>La Misi\u00f3n Comercial en M\u00e9xico destacada en Neobancos ofrece una puerta de entrada al mercado financiero digital latinoamericano, con un entorno regulatorio cada vez m\u00e1s favorable para la banca digital. Su objetivo es conectar a empresas fintech con bancos digitales, reguladores y proveedores tecnol\u00f3gicos en el pa\u00eds. En Ciudad de M\u00e9xico, los participantes asistir\u00e1n a eventos como FINNOSummit y encuentros de fintech organizados por Finnovista, donde se discuten licencias, disrupci\u00f3n bancaria y modelos de neobanca. Se llevar\u00e1n a cabo reuniones con fintech locales, candidatos a licencias bancarias y desarrolladores de infraestructura digital. Los asistentes podr\u00e1n analizar modelos de negocio adaptados a la regulaci\u00f3n mexicana, estrategias de crecimiento y retenci\u00f3n de clientes. Al final, contar\u00e1n con una hoja de ruta para lanzar o escalar un neobanco en M\u00e9xico.<br \/>\nFuentes: FINNOSummit; Finnovista M\u00e9xico.<\/p>\n","protected":false},"excerpt":{"rendered":"<p>La Misi\u00f3n Comercial en M\u00e9xico destacada en Neobancos ofrece una puerta de entrada al mercado financiero digital latinoamericano, con un entorno regulatorio cada vez m\u00e1s favorable para la banca digital. Su objetivo es conectar a empresas fintech con bancos digitales, reguladores y proveedores tecnol\u00f3gicos en el pa\u00eds. En Ciudad de M\u00e9xico, los participantes asistir\u00e1n a [&hellip;]<\/p>\n","protected":false},"featured_media":8830,"template":"","meta":{"_acf_changed":false},"country":[941],"product_brand":[],"product_cat":[893,998,995],"product_tag":[924],"class_list":{"0":"post-6872","1":"product","2":"type-product","3":"status-publish","4":"has-post-thumbnail","6":"country-mexico","7":"product_cat-misiones-comerciales","8":"product_cat-neobancos","9":"product_cat-servicios-financieros-fintech","10":"product_tag-misiones-comerciales","12":"first","13":"instock","14":"virtual","15":"product-type-simple"},"acf":[],"_links":{"self":[{"href":"https:\/\/dcobys.com\/es\/wp-json\/wp\/v2\/product\/6872","targetHints":{"allow":["GET"]}}],"collection":[{"href":"https:\/\/dcobys.com\/es\/wp-json\/wp\/v2\/product"}],"about":[{"href":"https:\/\/dcobys.com\/es\/wp-json\/wp\/v2\/types\/product"}],"version-history":[{"count":0,"href":"https:\/\/dcobys.com\/es\/wp-json\/wp\/v2\/product\/6872\/revisions"}],"wp:featuredmedia":[{"embeddable":true,"href":"https:\/\/dcobys.com\/es\/wp-json\/wp\/v2\/media\/8830"}],"wp:attachment":[{"href":"https:\/\/dcobys.com\/es\/wp-json\/wp\/v2\/media?parent=6872"}],"wp:term":[{"taxonomy":"country","embeddable":true,"href":"https:\/\/dcobys.com\/es\/wp-json\/wp\/v2\/country?post=6872"},{"taxonomy":"product_brand","embeddable":true,"href":"https:\/\/dcobys.com\/es\/wp-json\/wp\/v2\/product_brand?post=6872"},{"taxonomy":"product_cat","embeddable":true,"href":"https:\/\/dcobys.com\/es\/wp-json\/wp\/v2\/product_cat?post=6872"},{"taxonomy":"product_tag","embeddable":true,"href":"https:\/\/dcobys.com\/es\/wp-json\/wp\/v2\/product_tag?post=6872"}],"curies":[{"name":"wp","href":"https:\/\/api.w.org\/{rel}","templated":true}]}}