{"id":6868,"date":"2025-12-15T13:02:43","date_gmt":"2025-12-15T18:02:43","guid":{"rendered":"https:\/\/dcobys.com\/services\/uncategorized\/neobanks-uk-2\/"},"modified":"2026-01-30T21:36:05","modified_gmt":"2026-01-31T02:36:05","slug":"neobanks-uk-2","status":"publish","type":"product","link":"https:\/\/dcobys.com\/es\/services\/misiones-comerciales\/servicios-financieros-fintech\/neobancos\/neobanks-uk-2\/","title":{"rendered":"Neobancos &#8211; Reino Unido"},"content":{"rendered":"<p>La Misi\u00f3n Comercial en Reino Unido destacada en Neobancos permite a las empresas acceder al ecosistema fintech m\u00e1s maduro de Europa, donde los bancos digitales lideran la transformaci\u00f3n financiera. La iniciativa busca conectar a participantes con neobancos, aceleradoras y reguladores financieros brit\u00e1nicos. En Londres, la agenda incluye participaci\u00f3n en London Fintech Week y eventos Finovate Europe, donde se debaten tendencias en banca digital, open banking y experiencia del cliente. Se realizar\u00e1n reuniones estrat\u00e9gicas con startups fintech, bancos challenger y desarrolladores de APIs bancarias. Los asistentes obtendr\u00e1n conocimientos cr\u00edticos sobre regulaci\u00f3n, seguridad y crecimiento en un mercado competitivo. Al cerrar la misi\u00f3n, contar\u00e1n con una gu\u00eda para desarrollar o adaptar ofertas de banca digital con base en el modelo brit\u00e1nico.<br \/>\nFuentes: London Fintech Week; Finovate Europe.<\/p>\n","protected":false},"excerpt":{"rendered":"<p>La Misi\u00f3n Comercial en Reino Unido destacada en Neobancos permite a las empresas acceder al ecosistema fintech m\u00e1s maduro de Europa, donde los bancos digitales lideran la transformaci\u00f3n financiera. La iniciativa busca conectar a participantes con neobancos, aceleradoras y reguladores financieros brit\u00e1nicos. En Londres, la agenda incluye participaci\u00f3n en London Fintech Week y eventos Finovate [&hellip;]<\/p>\n","protected":false},"featured_media":8826,"template":"","meta":{"_acf_changed":false},"country":[955],"product_brand":[],"product_cat":[893,998,995],"product_tag":[924],"class_list":{"0":"post-6868","1":"product","2":"type-product","3":"status-publish","4":"has-post-thumbnail","6":"country-reino-unido","7":"product_cat-misiones-comerciales","8":"product_cat-neobancos","9":"product_cat-servicios-financieros-fintech","10":"product_tag-misiones-comerciales","12":"first","13":"instock","14":"virtual","15":"product-type-simple"},"acf":[],"_links":{"self":[{"href":"https:\/\/dcobys.com\/es\/wp-json\/wp\/v2\/product\/6868","targetHints":{"allow":["GET"]}}],"collection":[{"href":"https:\/\/dcobys.com\/es\/wp-json\/wp\/v2\/product"}],"about":[{"href":"https:\/\/dcobys.com\/es\/wp-json\/wp\/v2\/types\/product"}],"version-history":[{"count":0,"href":"https:\/\/dcobys.com\/es\/wp-json\/wp\/v2\/product\/6868\/revisions"}],"wp:featuredmedia":[{"embeddable":true,"href":"https:\/\/dcobys.com\/es\/wp-json\/wp\/v2\/media\/8826"}],"wp:attachment":[{"href":"https:\/\/dcobys.com\/es\/wp-json\/wp\/v2\/media?parent=6868"}],"wp:term":[{"taxonomy":"country","embeddable":true,"href":"https:\/\/dcobys.com\/es\/wp-json\/wp\/v2\/country?post=6868"},{"taxonomy":"product_brand","embeddable":true,"href":"https:\/\/dcobys.com\/es\/wp-json\/wp\/v2\/product_brand?post=6868"},{"taxonomy":"product_cat","embeddable":true,"href":"https:\/\/dcobys.com\/es\/wp-json\/wp\/v2\/product_cat?post=6868"},{"taxonomy":"product_tag","embeddable":true,"href":"https:\/\/dcobys.com\/es\/wp-json\/wp\/v2\/product_tag?post=6868"}],"curies":[{"name":"wp","href":"https:\/\/api.w.org\/{rel}","templated":true}]}}