{"id":6866,"date":"2025-12-15T13:02:43","date_gmt":"2025-12-15T18:02:43","guid":{"rendered":"https:\/\/dcobys.com\/services\/uncategorized\/neobanks-usa-2\/"},"modified":"2026-01-30T21:36:05","modified_gmt":"2026-01-31T02:36:05","slug":"neobanks-usa-2","status":"publish","type":"product","link":"https:\/\/dcobys.com\/es\/services\/misiones-comerciales\/servicios-financieros-fintech\/neobancos\/neobanks-usa-2\/","title":{"rendered":"Neobancos &#8211; EE. UU."},"content":{"rendered":"<p>La Misi\u00f3n Comercial en EE. UU. destacada en Neobancos brinda una oportunidad \u00fanica para conectar con l\u00edderes de la banca digital en uno de los mercados m\u00e1s disruptivos del mundo. El objetivo es facilitar alianzas con empresas fintech que desarrollan plataformas bancarias sin sucursales f\u00edsicas y servicios financieros digitales. En San Francisco, epicentro tecnol\u00f3gico, los participantes asistir\u00e1n a conferencias como Finovate y Money20\/20, donde se muestran soluciones innovadoras de neobanca. Se llevar\u00e1n a cabo reuniones con startups, bancos digitales y proveedores de infraestructura digital. Los asistentes podr\u00e1n evaluar modelos de negocio escalables, tecnolog\u00eda cloud-banking, UX digital y estrategias regulatorias. Esta misi\u00f3n ofrece una visi\u00f3n estrat\u00e9gica para lanzar o expandir neobancos en Am\u00e9rica Latina y m\u00e1s all\u00e1. Al finalizar, los participantes tendr\u00e1n una hoja de ruta para desplegar productos bancarios digitales con impacto global.<br \/>\nFuentes: Money20\/20 USA; Finovate.<\/p>\n","protected":false},"excerpt":{"rendered":"<p>La Misi\u00f3n Comercial en EE. UU. destacada en Neobancos brinda una oportunidad \u00fanica para conectar con l\u00edderes de la banca digital en uno de los mercados m\u00e1s disruptivos del mundo. El objetivo es facilitar alianzas con empresas fintech que desarrollan plataformas bancarias sin sucursales f\u00edsicas y servicios financieros digitales. En San Francisco, epicentro tecnol\u00f3gico, los [&hellip;]<\/p>\n","protected":false},"featured_media":8824,"template":"","meta":{"_acf_changed":false},"country":[954],"product_brand":[],"product_cat":[893,998,995],"product_tag":[924],"class_list":{"0":"post-6866","1":"product","2":"type-product","3":"status-publish","4":"has-post-thumbnail","6":"country-ee-uu","7":"product_cat-misiones-comerciales","8":"product_cat-neobancos","9":"product_cat-servicios-financieros-fintech","10":"product_tag-misiones-comerciales","12":"first","13":"instock","14":"virtual","15":"product-type-simple"},"acf":[],"_links":{"self":[{"href":"https:\/\/dcobys.com\/es\/wp-json\/wp\/v2\/product\/6866","targetHints":{"allow":["GET"]}}],"collection":[{"href":"https:\/\/dcobys.com\/es\/wp-json\/wp\/v2\/product"}],"about":[{"href":"https:\/\/dcobys.com\/es\/wp-json\/wp\/v2\/types\/product"}],"version-history":[{"count":0,"href":"https:\/\/dcobys.com\/es\/wp-json\/wp\/v2\/product\/6866\/revisions"}],"wp:featuredmedia":[{"embeddable":true,"href":"https:\/\/dcobys.com\/es\/wp-json\/wp\/v2\/media\/8824"}],"wp:attachment":[{"href":"https:\/\/dcobys.com\/es\/wp-json\/wp\/v2\/media?parent=6866"}],"wp:term":[{"taxonomy":"country","embeddable":true,"href":"https:\/\/dcobys.com\/es\/wp-json\/wp\/v2\/country?post=6866"},{"taxonomy":"product_brand","embeddable":true,"href":"https:\/\/dcobys.com\/es\/wp-json\/wp\/v2\/product_brand?post=6866"},{"taxonomy":"product_cat","embeddable":true,"href":"https:\/\/dcobys.com\/es\/wp-json\/wp\/v2\/product_cat?post=6866"},{"taxonomy":"product_tag","embeddable":true,"href":"https:\/\/dcobys.com\/es\/wp-json\/wp\/v2\/product_tag?post=6866"}],"curies":[{"name":"wp","href":"https:\/\/api.w.org\/{rel}","templated":true}]}}