{"id":6864,"date":"2025-12-15T13:02:43","date_gmt":"2025-12-15T18:02:43","guid":{"rendered":"https:\/\/dcobys.com\/services\/uncategorized\/blockchain-canada-2\/"},"modified":"2026-01-30T21:36:05","modified_gmt":"2026-01-31T02:36:05","slug":"blockchain-canada-2","status":"publish","type":"product","link":"https:\/\/dcobys.com\/es\/services\/misiones-comerciales\/servicios-financieros-fintech\/blockchain\/blockchain-canada-2\/","title":{"rendered":"Blockchain &#8211; Canad\u00e1"},"content":{"rendered":"<p>La Misi\u00f3n Comercial en Canad\u00e1 destaca en Vancouver, un mercado con fuerte presencia de desarrolladores, empresas Web3, proyectos de metaverso, estudios de videojuegos y soluciones de ciberseguridad basadas en blockchain. La agenda incluye participaci\u00f3n en conferencias t\u00e9cnicas, espacios con startups, laboratorios universitarios y empresas que integran blockchain en comercio, energ\u00eda y gesti\u00f3n de datos. Adem\u00e1s, Canad\u00e1 ofrece un ecosistema regulatorio estable, ideal para alianzas a largo plazo. Los asistentes podr\u00e1n conectar con compradores e integradores que buscan proveedores internacionales. Fuentes: Blockchain Expo North America (ediciones Canad\u00e1), Vancouver blockchain events.<\/p>\n","protected":false},"excerpt":{"rendered":"<p>La Misi\u00f3n Comercial en Canad\u00e1 destaca en Vancouver, un mercado con fuerte presencia de desarrolladores, empresas Web3, proyectos de metaverso, estudios de videojuegos y soluciones de ciberseguridad basadas en blockchain. La agenda incluye participaci\u00f3n en conferencias t\u00e9cnicas, espacios con startups, laboratorios universitarios y empresas que integran blockchain en comercio, energ\u00eda y gesti\u00f3n de datos. Adem\u00e1s, [&hellip;]<\/p>\n","protected":false},"featured_media":8813,"template":"","meta":{"_acf_changed":false},"country":[926],"product_brand":[],"product_cat":[997,893,995],"product_tag":[924],"class_list":{"0":"post-6864","1":"product","2":"type-product","3":"status-publish","4":"has-post-thumbnail","6":"country-canada","7":"product_cat-blockchain","8":"product_cat-misiones-comerciales","9":"product_cat-servicios-financieros-fintech","10":"product_tag-misiones-comerciales","12":"first","13":"instock","14":"virtual","15":"product-type-simple"},"acf":[],"_links":{"self":[{"href":"https:\/\/dcobys.com\/es\/wp-json\/wp\/v2\/product\/6864","targetHints":{"allow":["GET"]}}],"collection":[{"href":"https:\/\/dcobys.com\/es\/wp-json\/wp\/v2\/product"}],"about":[{"href":"https:\/\/dcobys.com\/es\/wp-json\/wp\/v2\/types\/product"}],"version-history":[{"count":0,"href":"https:\/\/dcobys.com\/es\/wp-json\/wp\/v2\/product\/6864\/revisions"}],"wp:featuredmedia":[{"embeddable":true,"href":"https:\/\/dcobys.com\/es\/wp-json\/wp\/v2\/media\/8813"}],"wp:attachment":[{"href":"https:\/\/dcobys.com\/es\/wp-json\/wp\/v2\/media?parent=6864"}],"wp:term":[{"taxonomy":"country","embeddable":true,"href":"https:\/\/dcobys.com\/es\/wp-json\/wp\/v2\/country?post=6864"},{"taxonomy":"product_brand","embeddable":true,"href":"https:\/\/dcobys.com\/es\/wp-json\/wp\/v2\/product_brand?post=6864"},{"taxonomy":"product_cat","embeddable":true,"href":"https:\/\/dcobys.com\/es\/wp-json\/wp\/v2\/product_cat?post=6864"},{"taxonomy":"product_tag","embeddable":true,"href":"https:\/\/dcobys.com\/es\/wp-json\/wp\/v2\/product_tag?post=6864"}],"curies":[{"name":"wp","href":"https:\/\/api.w.org\/{rel}","templated":true}]}}