{"id":6862,"date":"2025-12-15T13:02:43","date_gmt":"2025-12-15T18:02:43","guid":{"rendered":"https:\/\/dcobys.com\/services\/uncategorized\/blockchain-brazil-2\/"},"modified":"2026-01-30T21:36:05","modified_gmt":"2026-01-31T02:36:05","slug":"blockchain-brazil-2","status":"publish","type":"product","link":"https:\/\/dcobys.com\/es\/services\/misiones-comerciales\/servicios-financieros-fintech\/blockchain\/blockchain-brazil-2\/","title":{"rendered":"Blockchain &#8211; Brasil"},"content":{"rendered":"<p>La Misi\u00f3n Comercial en Brasil se desarrolla en S\u00e3o Paulo, el mayor centro tecnol\u00f3gico y financiero de Latinoam\u00e9rica, donde blockchain avanza en pagos, identidad digital, comercio, agroindustria y gesti\u00f3n p\u00fablica. El programa permite acceder a eventos, integradores, fintechs y grandes corporaciones que ya ejecutan pilotos en tokenizaci\u00f3n, crypto-infraestructura y contratos inteligentes. Brasil es uno de los mercados con mayor actividad regulatoria y adopci\u00f3n empresarial, brindando un entorno ideal para establecer alianzas comerciales. La misi\u00f3n impulsa reuniones con clusters de innovaci\u00f3n, c\u00e1maras empresariales y fondos regionales. Fuentes: Blockchain Brasil events.<\/p>\n","protected":false},"excerpt":{"rendered":"<p>La Misi\u00f3n Comercial en Brasil se desarrolla en S\u00e3o Paulo, el mayor centro tecnol\u00f3gico y financiero de Latinoam\u00e9rica, donde blockchain avanza en pagos, identidad digital, comercio, agroindustria y gesti\u00f3n p\u00fablica. El programa permite acceder a eventos, integradores, fintechs y grandes corporaciones que ya ejecutan pilotos en tokenizaci\u00f3n, crypto-infraestructura y contratos inteligentes. Brasil es uno de [&hellip;]<\/p>\n","protected":false},"featured_media":8811,"template":"","meta":{"_acf_changed":false},"country":[925],"product_brand":[],"product_cat":[997,893,995],"product_tag":[924],"class_list":{"0":"post-6862","1":"product","2":"type-product","3":"status-publish","4":"has-post-thumbnail","6":"country-brasil","7":"product_cat-blockchain","8":"product_cat-misiones-comerciales","9":"product_cat-servicios-financieros-fintech","10":"product_tag-misiones-comerciales","12":"first","13":"instock","14":"virtual","15":"product-type-simple"},"acf":[],"_links":{"self":[{"href":"https:\/\/dcobys.com\/es\/wp-json\/wp\/v2\/product\/6862","targetHints":{"allow":["GET"]}}],"collection":[{"href":"https:\/\/dcobys.com\/es\/wp-json\/wp\/v2\/product"}],"about":[{"href":"https:\/\/dcobys.com\/es\/wp-json\/wp\/v2\/types\/product"}],"version-history":[{"count":0,"href":"https:\/\/dcobys.com\/es\/wp-json\/wp\/v2\/product\/6862\/revisions"}],"wp:featuredmedia":[{"embeddable":true,"href":"https:\/\/dcobys.com\/es\/wp-json\/wp\/v2\/media\/8811"}],"wp:attachment":[{"href":"https:\/\/dcobys.com\/es\/wp-json\/wp\/v2\/media?parent=6862"}],"wp:term":[{"taxonomy":"country","embeddable":true,"href":"https:\/\/dcobys.com\/es\/wp-json\/wp\/v2\/country?post=6862"},{"taxonomy":"product_brand","embeddable":true,"href":"https:\/\/dcobys.com\/es\/wp-json\/wp\/v2\/product_brand?post=6862"},{"taxonomy":"product_cat","embeddable":true,"href":"https:\/\/dcobys.com\/es\/wp-json\/wp\/v2\/product_cat?post=6862"},{"taxonomy":"product_tag","embeddable":true,"href":"https:\/\/dcobys.com\/es\/wp-json\/wp\/v2\/product_tag?post=6862"}],"curies":[{"name":"wp","href":"https:\/\/api.w.org\/{rel}","templated":true}]}}