{"id":6860,"date":"2025-12-15T13:02:43","date_gmt":"2025-12-15T18:02:43","guid":{"rendered":"https:\/\/dcobys.com\/services\/uncategorized\/blockchain-colombia-2\/"},"modified":"2026-01-30T21:36:05","modified_gmt":"2026-01-31T02:36:05","slug":"blockchain-colombia-2","status":"publish","type":"product","link":"https:\/\/dcobys.com\/es\/services\/misiones-comerciales\/servicios-financieros-fintech\/blockchain\/blockchain-colombia-2\/","title":{"rendered":"Blockchain &#8211; Colombia"},"content":{"rendered":"<p>La Misi\u00f3n Comercial en Colombia destaca en Medell\u00edn, uno de los polos de innovaci\u00f3n m\u00e1s din\u00e1micos de Latinoam\u00e9rica, donde blockchain se est\u00e1 aplicando en identidad, trazabilidad, log\u00edstica, salud digital y servicios financieros. Los participantes tienen acceso a comunidades t\u00e9cnicas, organizaciones gubernamentales interesadas en pilotos y empresas que buscan soluciones para trazabilidad agroindustrial y automatizaci\u00f3n documental. La misi\u00f3n fomenta conexiones con aceleradoras, centros de investigaci\u00f3n y eventos l\u00edderes de la regi\u00f3n que promueven negocios Web3. Este mercado ofrece gran apertura para proveedores tecnol\u00f3gicos internacionales. Fuentes: Blockchain Colombia, LatAm Blockchain Summits.<\/p>\n","protected":false},"excerpt":{"rendered":"<p>La Misi\u00f3n Comercial en Colombia destaca en Medell\u00edn, uno de los polos de innovaci\u00f3n m\u00e1s din\u00e1micos de Latinoam\u00e9rica, donde blockchain se est\u00e1 aplicando en identidad, trazabilidad, log\u00edstica, salud digital y servicios financieros. Los participantes tienen acceso a comunidades t\u00e9cnicas, organizaciones gubernamentales interesadas en pilotos y empresas que buscan soluciones para trazabilidad agroindustrial y automatizaci\u00f3n documental. [&hellip;]<\/p>\n","protected":false},"featured_media":8809,"template":"","meta":{"_acf_changed":false},"country":[929],"product_brand":[],"product_cat":[997,893,995],"product_tag":[924],"class_list":{"0":"post-6860","1":"product","2":"type-product","3":"status-publish","4":"has-post-thumbnail","6":"country-colombia","7":"product_cat-blockchain","8":"product_cat-misiones-comerciales","9":"product_cat-servicios-financieros-fintech","10":"product_tag-misiones-comerciales","12":"first","13":"instock","14":"virtual","15":"product-type-simple"},"acf":[],"_links":{"self":[{"href":"https:\/\/dcobys.com\/es\/wp-json\/wp\/v2\/product\/6860","targetHints":{"allow":["GET"]}}],"collection":[{"href":"https:\/\/dcobys.com\/es\/wp-json\/wp\/v2\/product"}],"about":[{"href":"https:\/\/dcobys.com\/es\/wp-json\/wp\/v2\/types\/product"}],"version-history":[{"count":0,"href":"https:\/\/dcobys.com\/es\/wp-json\/wp\/v2\/product\/6860\/revisions"}],"wp:featuredmedia":[{"embeddable":true,"href":"https:\/\/dcobys.com\/es\/wp-json\/wp\/v2\/media\/8809"}],"wp:attachment":[{"href":"https:\/\/dcobys.com\/es\/wp-json\/wp\/v2\/media?parent=6860"}],"wp:term":[{"taxonomy":"country","embeddable":true,"href":"https:\/\/dcobys.com\/es\/wp-json\/wp\/v2\/country?post=6860"},{"taxonomy":"product_brand","embeddable":true,"href":"https:\/\/dcobys.com\/es\/wp-json\/wp\/v2\/product_brand?post=6860"},{"taxonomy":"product_cat","embeddable":true,"href":"https:\/\/dcobys.com\/es\/wp-json\/wp\/v2\/product_cat?post=6860"},{"taxonomy":"product_tag","embeddable":true,"href":"https:\/\/dcobys.com\/es\/wp-json\/wp\/v2\/product_tag?post=6860"}],"curies":[{"name":"wp","href":"https:\/\/api.w.org\/{rel}","templated":true}]}}