{"id":6858,"date":"2025-12-15T13:02:43","date_gmt":"2025-12-15T18:02:43","guid":{"rendered":"https:\/\/dcobys.com\/services\/uncategorized\/blockchain-mexico-2\/"},"modified":"2026-01-30T21:36:05","modified_gmt":"2026-01-31T02:36:05","slug":"blockchain-mexico-2","status":"publish","type":"product","link":"https:\/\/dcobys.com\/es\/services\/misiones-comerciales\/servicios-financieros-fintech\/blockchain\/blockchain-mexico-2\/","title":{"rendered":"Blockchain &#8211; M\u00e9xico"},"content":{"rendered":"<p>La Misi\u00f3n Comercial en M\u00e9xico se orienta a Monterrey, emergente hub de innovaci\u00f3n industrial y tecnol\u00f3gica con creciente adopci\u00f3n de blockchain para trazabilidad, manufactura, log\u00edstica y servicios financieros. La agenda incluye acceso a comunidades t\u00e9cnicas, asociaciones FinTech, foros especializados y encuentros con corporativos en b\u00fasqueda de soluciones Web3 para eficiencia operativa. La misi\u00f3n permite identificar oportunidades de implementaci\u00f3n r\u00e1pida en cadenas productivas, retail, manufactura avanzada y servicios empresariales. Adem\u00e1s, se promueven conexiones con clusters que integran startups regionales con inter\u00e9s en proveedores internacionales. Fuentes: Blockchain LatAm, meetups regionales en Monterrey.<\/p>\n","protected":false},"excerpt":{"rendered":"<p>La Misi\u00f3n Comercial en M\u00e9xico se orienta a Monterrey, emergente hub de innovaci\u00f3n industrial y tecnol\u00f3gica con creciente adopci\u00f3n de blockchain para trazabilidad, manufactura, log\u00edstica y servicios financieros. La agenda incluye acceso a comunidades t\u00e9cnicas, asociaciones FinTech, foros especializados y encuentros con corporativos en b\u00fasqueda de soluciones Web3 para eficiencia operativa. La misi\u00f3n permite identificar [&hellip;]<\/p>\n","protected":false},"featured_media":8807,"template":"","meta":{"_acf_changed":false},"country":[941],"product_brand":[],"product_cat":[997,893,995],"product_tag":[924],"class_list":{"0":"post-6858","1":"product","2":"type-product","3":"status-publish","4":"has-post-thumbnail","6":"country-mexico","7":"product_cat-blockchain","8":"product_cat-misiones-comerciales","9":"product_cat-servicios-financieros-fintech","10":"product_tag-misiones-comerciales","12":"first","13":"instock","14":"virtual","15":"product-type-simple"},"acf":[],"_links":{"self":[{"href":"https:\/\/dcobys.com\/es\/wp-json\/wp\/v2\/product\/6858","targetHints":{"allow":["GET"]}}],"collection":[{"href":"https:\/\/dcobys.com\/es\/wp-json\/wp\/v2\/product"}],"about":[{"href":"https:\/\/dcobys.com\/es\/wp-json\/wp\/v2\/types\/product"}],"version-history":[{"count":0,"href":"https:\/\/dcobys.com\/es\/wp-json\/wp\/v2\/product\/6858\/revisions"}],"wp:featuredmedia":[{"embeddable":true,"href":"https:\/\/dcobys.com\/es\/wp-json\/wp\/v2\/media\/8807"}],"wp:attachment":[{"href":"https:\/\/dcobys.com\/es\/wp-json\/wp\/v2\/media?parent=6858"}],"wp:term":[{"taxonomy":"country","embeddable":true,"href":"https:\/\/dcobys.com\/es\/wp-json\/wp\/v2\/country?post=6858"},{"taxonomy":"product_brand","embeddable":true,"href":"https:\/\/dcobys.com\/es\/wp-json\/wp\/v2\/product_brand?post=6858"},{"taxonomy":"product_cat","embeddable":true,"href":"https:\/\/dcobys.com\/es\/wp-json\/wp\/v2\/product_cat?post=6858"},{"taxonomy":"product_tag","embeddable":true,"href":"https:\/\/dcobys.com\/es\/wp-json\/wp\/v2\/product_tag?post=6858"}],"curies":[{"name":"wp","href":"https:\/\/api.w.org\/{rel}","templated":true}]}}