{"id":6856,"date":"2025-12-15T13:02:43","date_gmt":"2025-12-15T18:02:43","guid":{"rendered":"https:\/\/dcobys.com\/services\/uncategorized\/blockchain-singapore-2\/"},"modified":"2026-01-30T21:36:05","modified_gmt":"2026-01-31T02:36:05","slug":"blockchain-singapore-2","status":"publish","type":"product","link":"https:\/\/dcobys.com\/es\/services\/misiones-comerciales\/servicios-financieros-fintech\/blockchain\/blockchain-singapore-2\/","title":{"rendered":"Blockchain &#8211; Singapur"},"content":{"rendered":"<p>La Misi\u00f3n Comercial en Singapur destaca en blockchain por su enorme concentraci\u00f3n de proyectos Web3, infraestructura digital, exchanges regulados y startups de tecnolog\u00eda financiera bajo pol\u00edticas pro-innovaci\u00f3n del MAS (Monetary Authority of Singapore). El programa incluye acceso a foros de innovaci\u00f3n, zonas de exhibici\u00f3n especializadas y reuniones con l\u00edderes regionales en tokenizaci\u00f3n, activos digitales, trazabilidad y seguridad distribuida. Singapur funciona como puerta de entrada al mercado del Sudeste Asi\u00e1tico, ofreciendo oportunidades de escalamiento r\u00e1pido y alianzas tecnol\u00f3gicas de alto valor. La misi\u00f3n vincula a empresas con compradores reales, integradores tecnol\u00f3gicos y fondos asi\u00e1ticos. Fuentes: Singapore Blockchain Week.<\/p>\n","protected":false},"excerpt":{"rendered":"<p>La Misi\u00f3n Comercial en Singapur destaca en blockchain por su enorme concentraci\u00f3n de proyectos Web3, infraestructura digital, exchanges regulados y startups de tecnolog\u00eda financiera bajo pol\u00edticas pro-innovaci\u00f3n del MAS (Monetary Authority of Singapore). El programa incluye acceso a foros de innovaci\u00f3n, zonas de exhibici\u00f3n especializadas y reuniones con l\u00edderes regionales en tokenizaci\u00f3n, activos digitales, trazabilidad [&hellip;]<\/p>\n","protected":false},"featured_media":8805,"template":"","meta":{"_acf_changed":false},"country":[947],"product_brand":[],"product_cat":[997,893,995],"product_tag":[924],"class_list":{"0":"post-6856","1":"product","2":"type-product","3":"status-publish","4":"has-post-thumbnail","6":"country-singapur","7":"product_cat-blockchain","8":"product_cat-misiones-comerciales","9":"product_cat-servicios-financieros-fintech","10":"product_tag-misiones-comerciales","12":"first","13":"instock","14":"virtual","15":"product-type-simple"},"acf":[],"_links":{"self":[{"href":"https:\/\/dcobys.com\/es\/wp-json\/wp\/v2\/product\/6856","targetHints":{"allow":["GET"]}}],"collection":[{"href":"https:\/\/dcobys.com\/es\/wp-json\/wp\/v2\/product"}],"about":[{"href":"https:\/\/dcobys.com\/es\/wp-json\/wp\/v2\/types\/product"}],"version-history":[{"count":0,"href":"https:\/\/dcobys.com\/es\/wp-json\/wp\/v2\/product\/6856\/revisions"}],"wp:featuredmedia":[{"embeddable":true,"href":"https:\/\/dcobys.com\/es\/wp-json\/wp\/v2\/media\/8805"}],"wp:attachment":[{"href":"https:\/\/dcobys.com\/es\/wp-json\/wp\/v2\/media?parent=6856"}],"wp:term":[{"taxonomy":"country","embeddable":true,"href":"https:\/\/dcobys.com\/es\/wp-json\/wp\/v2\/country?post=6856"},{"taxonomy":"product_brand","embeddable":true,"href":"https:\/\/dcobys.com\/es\/wp-json\/wp\/v2\/product_brand?post=6856"},{"taxonomy":"product_cat","embeddable":true,"href":"https:\/\/dcobys.com\/es\/wp-json\/wp\/v2\/product_cat?post=6856"},{"taxonomy":"product_tag","embeddable":true,"href":"https:\/\/dcobys.com\/es\/wp-json\/wp\/v2\/product_tag?post=6856"}],"curies":[{"name":"wp","href":"https:\/\/api.w.org\/{rel}","templated":true}]}}