{"id":6854,"date":"2025-12-15T13:02:43","date_gmt":"2025-12-15T18:02:43","guid":{"rendered":"https:\/\/dcobys.com\/services\/uncategorized\/blockchain-uk-2\/"},"modified":"2026-01-30T21:36:05","modified_gmt":"2026-01-31T02:36:05","slug":"blockchain-uk-2","status":"publish","type":"product","link":"https:\/\/dcobys.com\/es\/services\/misiones-comerciales\/servicios-financieros-fintech\/blockchain\/blockchain-uk-2\/","title":{"rendered":"Blockchain &#8211; Reino Unido"},"content":{"rendered":"<p>La Misi\u00f3n Comercial en Reino Unido se centra en Londres, uno de los hubs regulatorios y comerciales m\u00e1s s\u00f3lidos para blockchain, donde conviven bancos digitales, aseguradoras, exchanges, consultoras y laboratorios de identidad digital. La agenda impulsa el entendimiento de marcos regulatorios del Reino Unido, casos reales de automatizaci\u00f3n financiera y proyectos de Web3 aplicados a supply chain y servicios profesionales. Los participantes acceden a conferencias, pitch sessions, espacios con venture capital y clusters que lideran est\u00e1ndares de interoperabilidad en Europa. Adem\u00e1s, se promueve el acercamiento a empresas que buscan proveedores latinoamericanos en soluciones blockchain corporativas. Fuentes: Blockchain Expo Global, London Blockchain Week.<\/p>\n","protected":false},"excerpt":{"rendered":"<p>La Misi\u00f3n Comercial en Reino Unido se centra en Londres, uno de los hubs regulatorios y comerciales m\u00e1s s\u00f3lidos para blockchain, donde conviven bancos digitales, aseguradoras, exchanges, consultoras y laboratorios de identidad digital. La agenda impulsa el entendimiento de marcos regulatorios del Reino Unido, casos reales de automatizaci\u00f3n financiera y proyectos de Web3 aplicados a [&hellip;]<\/p>\n","protected":false},"featured_media":8803,"template":"","meta":{"_acf_changed":false},"country":[955],"product_brand":[],"product_cat":[997,893,995],"product_tag":[924],"class_list":{"0":"post-6854","1":"product","2":"type-product","3":"status-publish","4":"has-post-thumbnail","6":"country-reino-unido","7":"product_cat-blockchain","8":"product_cat-misiones-comerciales","9":"product_cat-servicios-financieros-fintech","10":"product_tag-misiones-comerciales","12":"first","13":"instock","14":"virtual","15":"product-type-simple"},"acf":[],"_links":{"self":[{"href":"https:\/\/dcobys.com\/es\/wp-json\/wp\/v2\/product\/6854","targetHints":{"allow":["GET"]}}],"collection":[{"href":"https:\/\/dcobys.com\/es\/wp-json\/wp\/v2\/product"}],"about":[{"href":"https:\/\/dcobys.com\/es\/wp-json\/wp\/v2\/types\/product"}],"version-history":[{"count":0,"href":"https:\/\/dcobys.com\/es\/wp-json\/wp\/v2\/product\/6854\/revisions"}],"wp:featuredmedia":[{"embeddable":true,"href":"https:\/\/dcobys.com\/es\/wp-json\/wp\/v2\/media\/8803"}],"wp:attachment":[{"href":"https:\/\/dcobys.com\/es\/wp-json\/wp\/v2\/media?parent=6854"}],"wp:term":[{"taxonomy":"country","embeddable":true,"href":"https:\/\/dcobys.com\/es\/wp-json\/wp\/v2\/country?post=6854"},{"taxonomy":"product_brand","embeddable":true,"href":"https:\/\/dcobys.com\/es\/wp-json\/wp\/v2\/product_brand?post=6854"},{"taxonomy":"product_cat","embeddable":true,"href":"https:\/\/dcobys.com\/es\/wp-json\/wp\/v2\/product_cat?post=6854"},{"taxonomy":"product_tag","embeddable":true,"href":"https:\/\/dcobys.com\/es\/wp-json\/wp\/v2\/product_tag?post=6854"}],"curies":[{"name":"wp","href":"https:\/\/api.w.org\/{rel}","templated":true}]}}