{"id":6850,"date":"2025-12-15T13:02:43","date_gmt":"2025-12-15T18:02:43","guid":{"rendered":"https:\/\/dcobys.com\/services\/uncategorized\/digital-payments-canada-2\/"},"modified":"2026-01-30T21:36:05","modified_gmt":"2026-01-31T02:36:05","slug":"digital-payments-canada-2","status":"publish","type":"product","link":"https:\/\/dcobys.com\/es\/services\/misiones-comerciales\/servicios-financieros-fintech\/pagos-digitales\/digital-payments-canada-2\/","title":{"rendered":"Pagos digitales &#8211; Canad\u00e1"},"content":{"rendered":"<p>La Misi\u00f3n Comercial en Canad\u00e1 destacada en Pagos Digitales se desarrolla en Toronto, un ecosistema financiero avanzado que combina banca tradicional, fintech, ciberseguridad y regulaci\u00f3n enfocada en innovaci\u00f3n responsable. La participaci\u00f3n en FinTech Canada y Elevate permite conectar con l\u00edderes de pagos digitales, identificar oportunidades en infraestructura financiera y explorar modelos colaborativos con instituciones canadienses. La misi\u00f3n potencia puertas de entrada al mercado norteamericano, validaci\u00f3n tecnol\u00f3gica y conexi\u00f3n con comunidades de inversi\u00f3n. Fuentes: FinTech Canada; Elevate.<\/p>\n","protected":false},"excerpt":{"rendered":"<p>La Misi\u00f3n Comercial en Canad\u00e1 destacada en Pagos Digitales se desarrolla en Toronto, un ecosistema financiero avanzado que combina banca tradicional, fintech, ciberseguridad y regulaci\u00f3n enfocada en innovaci\u00f3n responsable. La participaci\u00f3n en FinTech Canada y Elevate permite conectar con l\u00edderes de pagos digitales, identificar oportunidades en infraestructura financiera y explorar modelos colaborativos con instituciones canadienses. [&hellip;]<\/p>\n","protected":false},"featured_media":8792,"template":"","meta":{"_acf_changed":false},"country":[926],"product_brand":[],"product_cat":[893,996,995],"product_tag":[924],"class_list":{"0":"post-6850","1":"product","2":"type-product","3":"status-publish","4":"has-post-thumbnail","6":"country-canada","7":"product_cat-misiones-comerciales","8":"product_cat-pagos-digitales","9":"product_cat-servicios-financieros-fintech","10":"product_tag-misiones-comerciales","12":"first","13":"instock","14":"virtual","15":"product-type-simple"},"acf":[],"_links":{"self":[{"href":"https:\/\/dcobys.com\/es\/wp-json\/wp\/v2\/product\/6850","targetHints":{"allow":["GET"]}}],"collection":[{"href":"https:\/\/dcobys.com\/es\/wp-json\/wp\/v2\/product"}],"about":[{"href":"https:\/\/dcobys.com\/es\/wp-json\/wp\/v2\/types\/product"}],"version-history":[{"count":0,"href":"https:\/\/dcobys.com\/es\/wp-json\/wp\/v2\/product\/6850\/revisions"}],"wp:featuredmedia":[{"embeddable":true,"href":"https:\/\/dcobys.com\/es\/wp-json\/wp\/v2\/media\/8792"}],"wp:attachment":[{"href":"https:\/\/dcobys.com\/es\/wp-json\/wp\/v2\/media?parent=6850"}],"wp:term":[{"taxonomy":"country","embeddable":true,"href":"https:\/\/dcobys.com\/es\/wp-json\/wp\/v2\/country?post=6850"},{"taxonomy":"product_brand","embeddable":true,"href":"https:\/\/dcobys.com\/es\/wp-json\/wp\/v2\/product_brand?post=6850"},{"taxonomy":"product_cat","embeddable":true,"href":"https:\/\/dcobys.com\/es\/wp-json\/wp\/v2\/product_cat?post=6850"},{"taxonomy":"product_tag","embeddable":true,"href":"https:\/\/dcobys.com\/es\/wp-json\/wp\/v2\/product_tag?post=6850"}],"curies":[{"name":"wp","href":"https:\/\/api.w.org\/{rel}","templated":true}]}}