{"id":6848,"date":"2025-12-15T13:02:43","date_gmt":"2025-12-15T18:02:43","guid":{"rendered":"https:\/\/dcobys.com\/services\/uncategorized\/digital-payments-brazil-2\/"},"modified":"2026-01-30T21:36:04","modified_gmt":"2026-01-31T02:36:04","slug":"digital-payments-brazil-2","status":"publish","type":"product","link":"https:\/\/dcobys.com\/es\/services\/misiones-comerciales\/servicios-financieros-fintech\/pagos-digitales\/digital-payments-brazil-2\/","title":{"rendered":"Pagos digitales &#8211; Brasil"},"content":{"rendered":"<p>La Misi\u00f3n Comercial en Brasil destacada en Pagos Digitales se enfoca en S\u00e3o Paulo, el mercado financiero m\u00e1s grande de Am\u00e9rica Latina y l\u00edder en innovaci\u00f3n gracias a Pix y su ecosistema regulatorio avanzado. La agenda incluye el Brazil Fintech Forum y eventos como CASE o Finnovation, donde se presentan las soluciones m\u00e1s disruptivas en pagos instant\u00e1neos, open finance y APIs bancarias. Esta misi\u00f3n facilita alianzas con empresas de alto crecimiento, interacci\u00f3n con reguladores y oportunidades de expansi\u00f3n en uno de los mercados m\u00e1s sofisticados del mundo. Fuentes: Brazil Fintech Forum; CASE.<\/p>\n","protected":false},"excerpt":{"rendered":"<p>La Misi\u00f3n Comercial en Brasil destacada en Pagos Digitales se enfoca en S\u00e3o Paulo, el mercado financiero m\u00e1s grande de Am\u00e9rica Latina y l\u00edder en innovaci\u00f3n gracias a Pix y su ecosistema regulatorio avanzado. La agenda incluye el Brazil Fintech Forum y eventos como CASE o Finnovation, donde se presentan las soluciones m\u00e1s disruptivas en [&hellip;]<\/p>\n","protected":false},"featured_media":8788,"template":"","meta":{"_acf_changed":false},"country":[925],"product_brand":[],"product_cat":[893,996,995],"product_tag":[924],"class_list":{"0":"post-6848","1":"product","2":"type-product","3":"status-publish","4":"has-post-thumbnail","6":"country-brasil","7":"product_cat-misiones-comerciales","8":"product_cat-pagos-digitales","9":"product_cat-servicios-financieros-fintech","10":"product_tag-misiones-comerciales","12":"first","13":"instock","14":"virtual","15":"product-type-simple"},"acf":[],"_links":{"self":[{"href":"https:\/\/dcobys.com\/es\/wp-json\/wp\/v2\/product\/6848","targetHints":{"allow":["GET"]}}],"collection":[{"href":"https:\/\/dcobys.com\/es\/wp-json\/wp\/v2\/product"}],"about":[{"href":"https:\/\/dcobys.com\/es\/wp-json\/wp\/v2\/types\/product"}],"version-history":[{"count":0,"href":"https:\/\/dcobys.com\/es\/wp-json\/wp\/v2\/product\/6848\/revisions"}],"wp:featuredmedia":[{"embeddable":true,"href":"https:\/\/dcobys.com\/es\/wp-json\/wp\/v2\/media\/8788"}],"wp:attachment":[{"href":"https:\/\/dcobys.com\/es\/wp-json\/wp\/v2\/media?parent=6848"}],"wp:term":[{"taxonomy":"country","embeddable":true,"href":"https:\/\/dcobys.com\/es\/wp-json\/wp\/v2\/country?post=6848"},{"taxonomy":"product_brand","embeddable":true,"href":"https:\/\/dcobys.com\/es\/wp-json\/wp\/v2\/product_brand?post=6848"},{"taxonomy":"product_cat","embeddable":true,"href":"https:\/\/dcobys.com\/es\/wp-json\/wp\/v2\/product_cat?post=6848"},{"taxonomy":"product_tag","embeddable":true,"href":"https:\/\/dcobys.com\/es\/wp-json\/wp\/v2\/product_tag?post=6848"}],"curies":[{"name":"wp","href":"https:\/\/api.w.org\/{rel}","templated":true}]}}