{"id":6846,"date":"2025-12-15T13:02:43","date_gmt":"2025-12-15T18:02:43","guid":{"rendered":"https:\/\/dcobys.com\/services\/uncategorized\/digital-payments-colombia-2\/"},"modified":"2026-01-30T21:36:04","modified_gmt":"2026-01-31T02:36:04","slug":"digital-payments-colombia-2","status":"publish","type":"product","link":"https:\/\/dcobys.com\/es\/services\/misiones-comerciales\/servicios-financieros-fintech\/pagos-digitales\/digital-payments-colombia-2\/","title":{"rendered":"Pagos digitales &#8211; Colombia"},"content":{"rendered":"<p>La Misi\u00f3n Comercial en Colombia destacada en Pagos Digitales se orienta a Bogot\u00e1, un hub en expansi\u00f3n donde convergen reguladores, bancos tradicionales, fintechs y proveedores de infraestructura de pagos. La asistencia a eventos de Colombia FinTech y Finnovista permite interactuar con l\u00edderes regionales, explorar oportunidades en cashless, pagos m\u00f3viles y modelos interoperables. La misi\u00f3n impulsa conexiones para escalar soluciones a Centro y Suram\u00e9rica, aprovechando un entorno regulatorio proinnovaci\u00f3n y un mercado con alto crecimiento digital. Fuentes: Colombia FinTech; Finnovista.<\/p>\n","protected":false},"excerpt":{"rendered":"<p>La Misi\u00f3n Comercial en Colombia destacada en Pagos Digitales se orienta a Bogot\u00e1, un hub en expansi\u00f3n donde convergen reguladores, bancos tradicionales, fintechs y proveedores de infraestructura de pagos. La asistencia a eventos de Colombia FinTech y Finnovista permite interactuar con l\u00edderes regionales, explorar oportunidades en cashless, pagos m\u00f3viles y modelos interoperables. La misi\u00f3n impulsa [&hellip;]<\/p>\n","protected":false},"featured_media":8790,"template":"","meta":{"_acf_changed":false},"country":[929],"product_brand":[],"product_cat":[893,996,995],"product_tag":[924],"class_list":{"0":"post-6846","1":"product","2":"type-product","3":"status-publish","4":"has-post-thumbnail","6":"country-colombia","7":"product_cat-misiones-comerciales","8":"product_cat-pagos-digitales","9":"product_cat-servicios-financieros-fintech","10":"product_tag-misiones-comerciales","12":"first","13":"instock","14":"virtual","15":"product-type-simple"},"acf":[],"_links":{"self":[{"href":"https:\/\/dcobys.com\/es\/wp-json\/wp\/v2\/product\/6846","targetHints":{"allow":["GET"]}}],"collection":[{"href":"https:\/\/dcobys.com\/es\/wp-json\/wp\/v2\/product"}],"about":[{"href":"https:\/\/dcobys.com\/es\/wp-json\/wp\/v2\/types\/product"}],"version-history":[{"count":0,"href":"https:\/\/dcobys.com\/es\/wp-json\/wp\/v2\/product\/6846\/revisions"}],"wp:featuredmedia":[{"embeddable":true,"href":"https:\/\/dcobys.com\/es\/wp-json\/wp\/v2\/media\/8790"}],"wp:attachment":[{"href":"https:\/\/dcobys.com\/es\/wp-json\/wp\/v2\/media?parent=6846"}],"wp:term":[{"taxonomy":"country","embeddable":true,"href":"https:\/\/dcobys.com\/es\/wp-json\/wp\/v2\/country?post=6846"},{"taxonomy":"product_brand","embeddable":true,"href":"https:\/\/dcobys.com\/es\/wp-json\/wp\/v2\/product_brand?post=6846"},{"taxonomy":"product_cat","embeddable":true,"href":"https:\/\/dcobys.com\/es\/wp-json\/wp\/v2\/product_cat?post=6846"},{"taxonomy":"product_tag","embeddable":true,"href":"https:\/\/dcobys.com\/es\/wp-json\/wp\/v2\/product_tag?post=6846"}],"curies":[{"name":"wp","href":"https:\/\/api.w.org\/{rel}","templated":true}]}}