{"id":6844,"date":"2025-12-15T13:02:43","date_gmt":"2025-12-15T18:02:43","guid":{"rendered":"https:\/\/dcobys.com\/services\/uncategorized\/digital-payments-mexico-2\/"},"modified":"2026-01-30T21:36:04","modified_gmt":"2026-01-31T02:36:04","slug":"digital-payments-mexico-2","status":"publish","type":"product","link":"https:\/\/dcobys.com\/es\/services\/misiones-comerciales\/servicios-financieros-fintech\/pagos-digitales\/digital-payments-mexico-2\/","title":{"rendered":"Pagos digitales &#8211; M\u00e9xico"},"content":{"rendered":"<p>La Misi\u00f3n Comercial en M\u00e9xico destacada en Pagos Digitales conecta con el ecosistema fintech m\u00e1s grande de Am\u00e9rica Latina, donde se desarrollan soluciones centradas en inclusi\u00f3n financiera, pagos m\u00f3viles y modelos de adquirencia. La participaci\u00f3n en FINNOSummit y eventos organizados por Finnovista fortalece la conexi\u00f3n con startups, bancos y agregadores de pago que impulsan el crecimiento regional. La misi\u00f3n potencia oportunidades de expansi\u00f3n a mercados latinoamericanos, validaci\u00f3n regulatoria y alianzas con instituciones p\u00fablicas y privadas. Este mercado din\u00e1mico ofrece espacio para pilotos comerciales y desarrollo de soluciones escalables. Fuentes: FINNOSummit; Finnovista.<\/p>\n","protected":false},"excerpt":{"rendered":"<p>La Misi\u00f3n Comercial en M\u00e9xico destacada en Pagos Digitales conecta con el ecosistema fintech m\u00e1s grande de Am\u00e9rica Latina, donde se desarrollan soluciones centradas en inclusi\u00f3n financiera, pagos m\u00f3viles y modelos de adquirencia. La participaci\u00f3n en FINNOSummit y eventos organizados por Finnovista fortalece la conexi\u00f3n con startups, bancos y agregadores de pago que impulsan el [&hellip;]<\/p>\n","protected":false},"featured_media":8784,"template":"","meta":{"_acf_changed":false},"country":[941],"product_brand":[],"product_cat":[893,996,995],"product_tag":[924],"class_list":{"0":"post-6844","1":"product","2":"type-product","3":"status-publish","4":"has-post-thumbnail","6":"country-mexico","7":"product_cat-misiones-comerciales","8":"product_cat-pagos-digitales","9":"product_cat-servicios-financieros-fintech","10":"product_tag-misiones-comerciales","12":"first","13":"instock","14":"virtual","15":"product-type-simple"},"acf":[],"_links":{"self":[{"href":"https:\/\/dcobys.com\/es\/wp-json\/wp\/v2\/product\/6844","targetHints":{"allow":["GET"]}}],"collection":[{"href":"https:\/\/dcobys.com\/es\/wp-json\/wp\/v2\/product"}],"about":[{"href":"https:\/\/dcobys.com\/es\/wp-json\/wp\/v2\/types\/product"}],"version-history":[{"count":0,"href":"https:\/\/dcobys.com\/es\/wp-json\/wp\/v2\/product\/6844\/revisions"}],"wp:featuredmedia":[{"embeddable":true,"href":"https:\/\/dcobys.com\/es\/wp-json\/wp\/v2\/media\/8784"}],"wp:attachment":[{"href":"https:\/\/dcobys.com\/es\/wp-json\/wp\/v2\/media?parent=6844"}],"wp:term":[{"taxonomy":"country","embeddable":true,"href":"https:\/\/dcobys.com\/es\/wp-json\/wp\/v2\/country?post=6844"},{"taxonomy":"product_brand","embeddable":true,"href":"https:\/\/dcobys.com\/es\/wp-json\/wp\/v2\/product_brand?post=6844"},{"taxonomy":"product_cat","embeddable":true,"href":"https:\/\/dcobys.com\/es\/wp-json\/wp\/v2\/product_cat?post=6844"},{"taxonomy":"product_tag","embeddable":true,"href":"https:\/\/dcobys.com\/es\/wp-json\/wp\/v2\/product_tag?post=6844"}],"curies":[{"name":"wp","href":"https:\/\/api.w.org\/{rel}","templated":true}]}}