{"id":6842,"date":"2025-12-15T13:02:43","date_gmt":"2025-12-15T18:02:43","guid":{"rendered":"https:\/\/dcobys.com\/services\/uncategorized\/digital-payments-singapore-2\/"},"modified":"2026-01-30T21:36:04","modified_gmt":"2026-01-31T02:36:04","slug":"digital-payments-singapore-2","status":"publish","type":"product","link":"https:\/\/dcobys.com\/es\/services\/misiones-comerciales\/servicios-financieros-fintech\/pagos-digitales\/digital-payments-singapore-2\/","title":{"rendered":"Pagos digitales &#8211; Singapur"},"content":{"rendered":"<p>La Misi\u00f3n Comercial en Singapur destacada en Pagos Digitales abre la puerta al principal centro financiero y tecnol\u00f3gico del Sudeste Asi\u00e1tico, con acceso a corporaciones, bancos digitales y reguladores que impulsan la adopci\u00f3n de medios de pago avanzados. La participaci\u00f3n en el Singapore FinTech Festival permitir\u00e1 conocer de primera mano innovaciones en pagos instant\u00e1neos, identidad digital, interoperabilidad regional y blockchain aplicada al sector financiero. Esta misi\u00f3n favorece el contacto con decisores clave, oportunidades de inversi\u00f3n y validaci\u00f3n en un entorno que funciona como puerta de entrada a mercados asi\u00e1ticos emergentes. Fuentes: Singapore FinTech Festival.<\/p>\n","protected":false},"excerpt":{"rendered":"<p>La Misi\u00f3n Comercial en Singapur destacada en Pagos Digitales abre la puerta al principal centro financiero y tecnol\u00f3gico del Sudeste Asi\u00e1tico, con acceso a corporaciones, bancos digitales y reguladores que impulsan la adopci\u00f3n de medios de pago avanzados. La participaci\u00f3n en el Singapore FinTech Festival permitir\u00e1 conocer de primera mano innovaciones en pagos instant\u00e1neos, identidad [&hellip;]<\/p>\n","protected":false},"featured_media":8785,"template":"","meta":{"_acf_changed":false},"country":[947],"product_brand":[],"product_cat":[893,996,995],"product_tag":[924],"class_list":{"0":"post-6842","1":"product","2":"type-product","3":"status-publish","4":"has-post-thumbnail","6":"country-singapur","7":"product_cat-misiones-comerciales","8":"product_cat-pagos-digitales","9":"product_cat-servicios-financieros-fintech","10":"product_tag-misiones-comerciales","12":"first","13":"instock","14":"virtual","15":"product-type-simple"},"acf":[],"_links":{"self":[{"href":"https:\/\/dcobys.com\/es\/wp-json\/wp\/v2\/product\/6842","targetHints":{"allow":["GET"]}}],"collection":[{"href":"https:\/\/dcobys.com\/es\/wp-json\/wp\/v2\/product"}],"about":[{"href":"https:\/\/dcobys.com\/es\/wp-json\/wp\/v2\/types\/product"}],"version-history":[{"count":0,"href":"https:\/\/dcobys.com\/es\/wp-json\/wp\/v2\/product\/6842\/revisions"}],"wp:featuredmedia":[{"embeddable":true,"href":"https:\/\/dcobys.com\/es\/wp-json\/wp\/v2\/media\/8785"}],"wp:attachment":[{"href":"https:\/\/dcobys.com\/es\/wp-json\/wp\/v2\/media?parent=6842"}],"wp:term":[{"taxonomy":"country","embeddable":true,"href":"https:\/\/dcobys.com\/es\/wp-json\/wp\/v2\/country?post=6842"},{"taxonomy":"product_brand","embeddable":true,"href":"https:\/\/dcobys.com\/es\/wp-json\/wp\/v2\/product_brand?post=6842"},{"taxonomy":"product_cat","embeddable":true,"href":"https:\/\/dcobys.com\/es\/wp-json\/wp\/v2\/product_cat?post=6842"},{"taxonomy":"product_tag","embeddable":true,"href":"https:\/\/dcobys.com\/es\/wp-json\/wp\/v2\/product_tag?post=6842"}],"curies":[{"name":"wp","href":"https:\/\/api.w.org\/{rel}","templated":true}]}}