{"id":6840,"date":"2025-12-15T13:02:43","date_gmt":"2025-12-15T18:02:43","guid":{"rendered":"https:\/\/dcobys.com\/services\/uncategorized\/digital-payments-uk-2\/"},"modified":"2026-01-30T21:36:04","modified_gmt":"2026-01-31T02:36:04","slug":"digital-payments-uk-2","status":"publish","type":"product","link":"https:\/\/dcobys.com\/es\/services\/misiones-comerciales\/servicios-financieros-fintech\/pagos-digitales\/digital-payments-uk-2\/","title":{"rendered":"Pagos digitales &#8211; Reino Unido"},"content":{"rendered":"<p>La Misi\u00f3n Comercial en Reino Unido destacada en Pagos Digitales se desarrolla en Londres, considerado el hub fintech m\u00e1s consolidado de Europa, donde conviven instituciones financieras hist\u00f3ricas con startups de alto crecimiento. La participaci\u00f3n en London Fintech Week y FinTech Week London permitir\u00e1 acceder a l\u00edderes de pagos digitales, open finance, embedded finance y servicios regulatorios que marcan tendencia en la regi\u00f3n. La misi\u00f3n facilitar\u00e1 reuniones con actores del ecosistema europeo, creando oportunidades para expansi\u00f3n comercial, validaci\u00f3n tecnol\u00f3gica y colaboraci\u00f3n con aceleradoras e instituciones brit\u00e1nicas. Este contexto otorga visibilidad en un mercado sofisticado que demanda soluciones de alto impacto. Fuentes: London Fintech Week; FinTech Week London.<\/p>\n","protected":false},"excerpt":{"rendered":"<p>La Misi\u00f3n Comercial en Reino Unido destacada en Pagos Digitales se desarrolla en Londres, considerado el hub fintech m\u00e1s consolidado de Europa, donde conviven instituciones financieras hist\u00f3ricas con startups de alto crecimiento. La participaci\u00f3n en London Fintech Week y FinTech Week London permitir\u00e1 acceder a l\u00edderes de pagos digitales, open finance, embedded finance y servicios [&hellip;]<\/p>\n","protected":false},"featured_media":8782,"template":"","meta":{"_acf_changed":false},"country":[955],"product_brand":[],"product_cat":[893,996,995],"product_tag":[924],"class_list":{"0":"post-6840","1":"product","2":"type-product","3":"status-publish","4":"has-post-thumbnail","6":"country-reino-unido","7":"product_cat-misiones-comerciales","8":"product_cat-pagos-digitales","9":"product_cat-servicios-financieros-fintech","10":"product_tag-misiones-comerciales","12":"first","13":"instock","14":"virtual","15":"product-type-simple"},"acf":[],"_links":{"self":[{"href":"https:\/\/dcobys.com\/es\/wp-json\/wp\/v2\/product\/6840","targetHints":{"allow":["GET"]}}],"collection":[{"href":"https:\/\/dcobys.com\/es\/wp-json\/wp\/v2\/product"}],"about":[{"href":"https:\/\/dcobys.com\/es\/wp-json\/wp\/v2\/types\/product"}],"version-history":[{"count":0,"href":"https:\/\/dcobys.com\/es\/wp-json\/wp\/v2\/product\/6840\/revisions"}],"wp:featuredmedia":[{"embeddable":true,"href":"https:\/\/dcobys.com\/es\/wp-json\/wp\/v2\/media\/8782"}],"wp:attachment":[{"href":"https:\/\/dcobys.com\/es\/wp-json\/wp\/v2\/media?parent=6840"}],"wp:term":[{"taxonomy":"country","embeddable":true,"href":"https:\/\/dcobys.com\/es\/wp-json\/wp\/v2\/country?post=6840"},{"taxonomy":"product_brand","embeddable":true,"href":"https:\/\/dcobys.com\/es\/wp-json\/wp\/v2\/product_brand?post=6840"},{"taxonomy":"product_cat","embeddable":true,"href":"https:\/\/dcobys.com\/es\/wp-json\/wp\/v2\/product_cat?post=6840"},{"taxonomy":"product_tag","embeddable":true,"href":"https:\/\/dcobys.com\/es\/wp-json\/wp\/v2\/product_tag?post=6840"}],"curies":[{"name":"wp","href":"https:\/\/api.w.org\/{rel}","templated":true}]}}