{"id":6838,"date":"2025-12-15T13:02:43","date_gmt":"2025-12-15T18:02:43","guid":{"rendered":"https:\/\/dcobys.com\/services\/uncategorized\/digital-payments-usa-2\/"},"modified":"2026-01-30T21:36:04","modified_gmt":"2026-01-31T02:36:04","slug":"digital-payments-usa-2","status":"publish","type":"product","link":"https:\/\/dcobys.com\/es\/services\/misiones-comerciales\/servicios-financieros-fintech\/pagos-digitales\/digital-payments-usa-2\/","title":{"rendered":"Pagos digitales &#8211; EE. UU."},"content":{"rendered":"<p>La Misi\u00f3n Comercial en Estados Unidos destacada en Pagos Digitales ofrece un acceso estrat\u00e9gico a Nueva York, el epicentro global del ecosistema financiero donde convergen bancos, big tech, procesadores de pago y startups l\u00edderes. La agenda enfocar\u00e1 espacios en Money20\/20 USA y Finovate, plataformas donde se presentan innovaciones en pagos en tiempo real, open banking, biometr\u00eda transaccional y soluciones de seguridad avanzada. La misi\u00f3n permitir\u00e1 explorar alianzas con empresas que lideran est\u00e1ndares globales, identificar tendencias regulatorias y conectar con venture capital especializado. Este entorno altamente competitivo impulsa la generaci\u00f3n de pilotos comerciales y la validaci\u00f3n de soluciones para mercados maduros. Fuentes: Money20\/20 USA; Finovate.<\/p>\n","protected":false},"excerpt":{"rendered":"<p>La Misi\u00f3n Comercial en Estados Unidos destacada en Pagos Digitales ofrece un acceso estrat\u00e9gico a Nueva York, el epicentro global del ecosistema financiero donde convergen bancos, big tech, procesadores de pago y startups l\u00edderes. La agenda enfocar\u00e1 espacios en Money20\/20 USA y Finovate, plataformas donde se presentan innovaciones en pagos en tiempo real, open banking, [&hellip;]<\/p>\n","protected":false},"featured_media":7436,"template":"","meta":{"_acf_changed":false},"country":[954],"product_brand":[],"product_cat":[893,996,995],"product_tag":[924],"class_list":{"0":"post-6838","1":"product","2":"type-product","3":"status-publish","4":"has-post-thumbnail","6":"country-ee-uu","7":"product_cat-misiones-comerciales","8":"product_cat-pagos-digitales","9":"product_cat-servicios-financieros-fintech","10":"product_tag-misiones-comerciales","12":"first","13":"instock","14":"virtual","15":"product-type-simple"},"acf":[],"_links":{"self":[{"href":"https:\/\/dcobys.com\/es\/wp-json\/wp\/v2\/product\/6838","targetHints":{"allow":["GET"]}}],"collection":[{"href":"https:\/\/dcobys.com\/es\/wp-json\/wp\/v2\/product"}],"about":[{"href":"https:\/\/dcobys.com\/es\/wp-json\/wp\/v2\/types\/product"}],"version-history":[{"count":0,"href":"https:\/\/dcobys.com\/es\/wp-json\/wp\/v2\/product\/6838\/revisions"}],"wp:featuredmedia":[{"embeddable":true,"href":"https:\/\/dcobys.com\/es\/wp-json\/wp\/v2\/media\/7436"}],"wp:attachment":[{"href":"https:\/\/dcobys.com\/es\/wp-json\/wp\/v2\/media?parent=6838"}],"wp:term":[{"taxonomy":"country","embeddable":true,"href":"https:\/\/dcobys.com\/es\/wp-json\/wp\/v2\/country?post=6838"},{"taxonomy":"product_brand","embeddable":true,"href":"https:\/\/dcobys.com\/es\/wp-json\/wp\/v2\/product_brand?post=6838"},{"taxonomy":"product_cat","embeddable":true,"href":"https:\/\/dcobys.com\/es\/wp-json\/wp\/v2\/product_cat?post=6838"},{"taxonomy":"product_tag","embeddable":true,"href":"https:\/\/dcobys.com\/es\/wp-json\/wp\/v2\/product_tag?post=6838"}],"curies":[{"name":"wp","href":"https:\/\/api.w.org\/{rel}","templated":true}]}}