{"id":6836,"date":"2025-12-15T13:02:36","date_gmt":"2025-12-15T18:02:36","guid":{"rendered":"https:\/\/dcobys.com\/services\/uncategorized\/autonomous-mobility-south-korea-2\/"},"modified":"2026-01-30T21:36:04","modified_gmt":"2026-01-31T02:36:04","slug":"autonomous-mobility-south-korea-2","status":"publish","type":"product","link":"https:\/\/dcobys.com\/es\/services\/misiones-comerciales\/automotriz-movilidad\/movilidad-autonoma\/autonomous-mobility-south-korea-2\/","title":{"rendered":"Movilidad aut\u00f3noma &#8211; Corea del Sur"},"content":{"rendered":"<p>La Misi\u00f3n Comercial en Corea del Sur conecta con el din\u00e1mico ecosistema de Se\u00fal, impulsado por conferencias especializadas en veh\u00edculos aut\u00f3nomos, electr\u00f3nica avanzada, IA y rob\u00f3tica m\u00f3vil. La misi\u00f3n incluye reuniones con fabricantes coreanos, centros de innovaci\u00f3n y startups con fuerte enfoque exportador. Fuentes: KAMA, Korean Smart Mobility Conferences.<\/p>\n","protected":false},"excerpt":{"rendered":"<p>La Misi\u00f3n Comercial en Corea del Sur conecta con el din\u00e1mico ecosistema de Se\u00fal, impulsado por conferencias especializadas en veh\u00edculos aut\u00f3nomos, electr\u00f3nica avanzada, IA y rob\u00f3tica m\u00f3vil. La misi\u00f3n incluye reuniones con fabricantes coreanos, centros de innovaci\u00f3n y startups con fuerte enfoque exportador. Fuentes: KAMA, Korean Smart Mobility Conferences.<\/p>\n","protected":false},"featured_media":8562,"template":"","meta":{"_acf_changed":false},"country":[948],"product_brand":[],"product_cat":[965,893,970],"product_tag":[924],"class_list":{"0":"post-6836","1":"product","2":"type-product","3":"status-publish","4":"has-post-thumbnail","6":"country-corea-del-sur","7":"product_cat-automotriz-movilidad","8":"product_cat-misiones-comerciales","9":"product_cat-movilidad-autonoma","10":"product_tag-misiones-comerciales","12":"first","13":"instock","14":"virtual","15":"product-type-simple"},"acf":[],"_links":{"self":[{"href":"https:\/\/dcobys.com\/es\/wp-json\/wp\/v2\/product\/6836","targetHints":{"allow":["GET"]}}],"collection":[{"href":"https:\/\/dcobys.com\/es\/wp-json\/wp\/v2\/product"}],"about":[{"href":"https:\/\/dcobys.com\/es\/wp-json\/wp\/v2\/types\/product"}],"version-history":[{"count":0,"href":"https:\/\/dcobys.com\/es\/wp-json\/wp\/v2\/product\/6836\/revisions"}],"wp:featuredmedia":[{"embeddable":true,"href":"https:\/\/dcobys.com\/es\/wp-json\/wp\/v2\/media\/8562"}],"wp:attachment":[{"href":"https:\/\/dcobys.com\/es\/wp-json\/wp\/v2\/media?parent=6836"}],"wp:term":[{"taxonomy":"country","embeddable":true,"href":"https:\/\/dcobys.com\/es\/wp-json\/wp\/v2\/country?post=6836"},{"taxonomy":"product_brand","embeddable":true,"href":"https:\/\/dcobys.com\/es\/wp-json\/wp\/v2\/product_brand?post=6836"},{"taxonomy":"product_cat","embeddable":true,"href":"https:\/\/dcobys.com\/es\/wp-json\/wp\/v2\/product_cat?post=6836"},{"taxonomy":"product_tag","embeddable":true,"href":"https:\/\/dcobys.com\/es\/wp-json\/wp\/v2\/product_tag?post=6836"}],"curies":[{"name":"wp","href":"https:\/\/api.w.org\/{rel}","templated":true}]}}